{"id":12,"date":"2018-08-02T21:34:45","date_gmt":"2018-08-02T19:34:45","guid":{"rendered":"https:\/\/www.basketclubs.be\/mosajambes\/?page_id=12"},"modified":"2018-08-02T21:38:54","modified_gmt":"2018-08-02T19:38:54","slug":"the-club-3","status":"publish","type":"page","link":"https:\/\/www.basketclubs.be\/mosajambes\/the-club-3\/","title":{"rendered":"Charte du Parfait Supporter"},"content":{"rendered":"<p>Ceci vous concerne,parents, grands-parents et membres du club<\/p>\n<p>LA CHARTE DU PARFAIT SUPPORTER<\/p>\n<p>-\u00eatre correct vis \u00e0 vis de l&rsquo;arbitrage :<br \/>\nNous devons respecter chaque d\u00e9cision arbitrale, m\u00eame si elle nous semble injuste ;<br \/>\nnotre attitude doit \u00eatre SANS REPROCHE. Seul le coach a le droit d&rsquo;\u00e9mettre des remarques.<\/p>\n<p>-\u00eatre correct vis \u00e0 vis des jeunes arbitres :<br \/>\nTrop de jeunes arbitres se font insulter par des adultes<br \/>\nqui profitent de leur manque d&rsquo;exp\u00e9rience.<br \/>\n<em>R\u00e9sultat<\/em>: les jeunes arbitres d\u00e9cident tout simplement de stopper leur carri\u00e8re,<br \/>\nd\u00e9go\u00fbt\u00e9s par le peu de consid\u00e9ration des spectateurs.<br \/>\nNous avons besoin d&rsquo;eux, alors, aidons les dans leur formation,<br \/>\nrespectons les et encourageons les \u00e0 poursuivre leur carri\u00e8re.<br \/>\nN&rsquo;oublions jamais que SANS ARBITRE, PAS DE MATCH POSSIBLE<\/p>\n<p>-\u00eatre correct vis \u00e0 vis de l&rsquo;adversaire<br \/>\nEncouragez, applaudissez les belles phases de jeux<br \/>\net surtout, ne vous f\u00e9licitez pas des erreurs adverses.<\/p>\n<p>-\u00eatre correct vis \u00e0 vis des supporters adverses<br \/>\nIl n&rsquo;est pas rare de voir des supporters se disputer pendant le match ;<br \/>\nest-ce vraiment cela que l&rsquo;on doit montrer \u00e0 nos enfants?<\/p>\n<p>-\u00eatre correct vis \u00e0 vis du coach<br \/>\nIl ne prendra peut-\u00eatre pas les bonnes d\u00e9cisions,<br \/>\nil laissera peut-\u00eatre votre enfant trop longtemps sur le banc,<br \/>\net pourtant, il pense bien faire, alors, faites lui confiance.<br \/>\nTrop de parents ont tendance \u00e0 coacher leur enfant.<br \/>\nLeurs conseils ne correspondent pas forc\u00e9ment \u00e0 ce que le coach demande<br \/>\net peuvent parfois perturber l&rsquo;enfant, celui-ci ne sachant plus qui \u00e9couter.<br \/>\nLaissez faire le coach.<\/p>\n<p>-\u00eatre correct vis \u00e0 vis du joueur<br \/>\nM\u00eame s&rsquo;il ne vous le dit pas, la pr\u00e9sence de l&rsquo;un de ses parents<br \/>\nlui fait \u00e9norm\u00e9ment plaisir et lui donne une motivation suppl\u00e9mentaire.<br \/>\nMalheureusement, trop de parents ont tendance \u00e0 critiquer leur enfant ou l&rsquo;un de ses co\u00e9quipiers ;<br \/>\nil n&rsquo;est pas rare d&rsquo;entendre dire : \u00ab\u00a0que tu es mauvais!\u00a0\u00bb<br \/>\nSoyez positifs, encouragez les, et n&rsquo;oubliez surtout pas qu&rsquo;ils sont l\u00e0, d&rsquo;abord,  pour s&rsquo;amuser!<\/p>\n<p>En r\u00e9sum\u00e9, soyons des exemples pour nos enfants<br \/>\ncar ceux-ci nous regardent et reproduisent ce que nous leur enseignons :<\/p>\n<p><strong>FAIR PLAY   SPORTIVITE   INDULGENCE<\/strong><\/p>\n<p>Aidez nous \u00e0 conserver l&rsquo;esprit \u00ab\u00a0fair play\u00a0\u00bb et la r\u00e9putation du club :<\/p>\n<p><strong>LE MOSA, UN CLUB VRAIMENT SYMPA<\/strong><\/p>\n","protected":false},"excerpt":{"rendered":"<p>Ceci vous concerne,parents, grands-parents et membres du club LA CHARTE DU PARFAIT SUPPORTER -\u00eatre correct vis \u00e0 vis de l&rsquo;arbitrage : Nous devons respecter chaque d\u00e9cision arbitrale, m\u00eame si elle nous semble injuste ; notre attitude doit \u00eatre SANS REPROCHE. Seul le coach a le droit d&rsquo;\u00e9mettre des remarques. -\u00eatre correct vis \u00e0 vis des [&hellip;]<\/p>\n","protected":false},"author":108,"featured_media":0,"parent":0,"menu_order":0,"comment_status":"closed","ping_status":"closed","template":"page-templates\/page-free.php","meta":{"footnotes":""},"class_list":["post-12","page","type-page","status-publish","hentry"],"_links":{"self":[{"href":"https:\/\/www.basketclubs.be\/mosajambes\/wp-json\/wp\/v2\/pages\/12","targetHints":{"allow":["GET"]}}],"collection":[{"href":"https:\/\/www.basketclubs.be\/mosajambes\/wp-json\/wp\/v2\/pages"}],"about":[{"href":"https:\/\/www.basketclubs.be\/mosajambes\/wp-json\/wp\/v2\/types\/page"}],"author":[{"embeddable":true,"href":"https:\/\/www.basketclubs.be\/mosajambes\/wp-json\/wp\/v2\/users\/108"}],"replies":[{"embeddable":true,"href":"https:\/\/www.basketclubs.be\/mosajambes\/wp-json\/wp\/v2\/comments?post=12"}],"version-history":[{"count":3,"href":"https:\/\/www.basketclubs.be\/mosajambes\/wp-json\/wp\/v2\/pages\/12\/revisions"}],"predecessor-version":[{"id":446,"href":"https:\/\/www.basketclubs.be\/mosajambes\/wp-json\/wp\/v2\/pages\/12\/revisions\/446"}],"wp:attachment":[{"href":"https:\/\/www.basketclubs.be\/mosajambes\/wp-json\/wp\/v2\/media?parent=12"}],"curies":[{"name":"wp","href":"https:\/\/api.w.org\/{rel}","templated":true}]}}