{"id":15,"date":"2014-09-18T17:41:34","date_gmt":"2014-09-18T15:41:34","guid":{"rendered":"https:\/\/www.basketclubs.be\/new-york\/?page_id=15"},"modified":"2015-08-02T15:26:44","modified_gmt":"2015-08-02T13:26:44","slug":"sport-centers","status":"publish","type":"page","link":"https:\/\/www.basketclubs.be\/new-york\/sport-centers\/","title":{"rendered":"Salles"},"content":{"rendered":"<p>Tous les entra\u00eenements et matches \u00e0 domicile se d\u00e9roulent au <a href=\"http:\/\/www.thegarden.com\/\" target=\"_blank\">Madison Square Garden<\/a>, salle omnisports situ\u00e9e dans l&rsquo;<a title=\"Arrondissement (New York)\" href=\"http:\/\/fr.wikipedia.org\/wiki\/Arrondissement_%28New_York%29\">arrondissement<\/a> de <a title=\"Manhattan\" href=\"http:\/\/fr.wikipedia.org\/wiki\/Manhattan\">Manhattan<\/a> \u00e0 <a title=\"New York\" href=\"http:\/\/fr.wikipedia.org\/wiki\/New_York\">New York<\/a>.<\/p>\n<p>Dans l&rsquo;histoire, il y a eu quatre b\u00e2timents constituant le Madison Square Garden. Les deux premiers ont \u00e9t\u00e9 situ\u00e9s au coin nord-est de <a title=\"Madison Square\" href=\"http:\/\/fr.wikipedia.org\/wiki\/Madison_Square\">Madison Square<\/a> (sur <a title=\"Madison Avenue\" href=\"http:\/\/fr.wikipedia.org\/wiki\/Madison_Avenue\">Madison Avenue<\/a> et la 26<sup>e<\/sup> rue), c&rsquo;est de l\u00e0 que vient le nom de la salle. Plus tard un nouveau Garden de 15\u00a0000 places (ouvert le <span class=\"date-lien nowrap datasortkey\"><a title=\"15 d\u00e9cembre\" href=\"http:\/\/fr.wikipedia.org\/wiki\/15_d%C3%A9cembre\">15<\/a> <a title=\"D\u00e9cembre 1925\" href=\"http:\/\/fr.wikipedia.org\/wiki\/D%C3%A9cembre_1925\">d\u00e9cembre<\/a> <a title=\"1925\" href=\"http:\/\/fr.wikipedia.org\/wiki\/1925\">1925<\/a><\/span>) a \u00e9t\u00e9 construit sur la 50<sup>e<\/sup> rue et <a title=\"Huiti\u00e8me Avenue\" href=\"http:\/\/fr.wikipedia.org\/wiki\/Huiti%C3%A8me_Avenue\"><abbr class=\"abbr\" title=\"Huiti\u00e8me\">8<sup>e<\/sup><\/abbr> Avenue<\/a>, puis le Garden actuel (ouvert le <span class=\"date-lien nowrap datasortkey\"><a title=\"11 f\u00e9vrier\" href=\"http:\/\/fr.wikipedia.org\/wiki\/11_f%C3%A9vrier\">11<\/a> <a title=\"F\u00e9vrier 1968\" href=\"http:\/\/fr.wikipedia.org\/wiki\/F%C3%A9vrier_1968\">f\u00e9vrier<\/a> <a title=\"1968\" href=\"http:\/\/fr.wikipedia.org\/wiki\/1968\">1968<\/a><\/span>) a \u00e9t\u00e9 \u00e9difi\u00e9 sur la <a title=\"Septi\u00e8me Avenue\" href=\"http:\/\/fr.wikipedia.org\/wiki\/Septi%C3%A8me_Avenue\"><abbr class=\"abbr\" title=\"Septi\u00e8me\">7<sup>e<\/sup><\/abbr> Avenue<\/a> entre les 31<sup>e<\/sup> et 33<sup>e<\/sup> rues, pr\u00e8s de la <a title=\"Pennsylvania Station (New York)\" href=\"http:\/\/fr.wikipedia.org\/wiki\/Pennsylvania_Station_%28New_York%29\">Pennsylvania Station<\/a>.<\/p>\n<p>La salle actuelle est officieusement connue comme <i><span class=\"lang-en\" lang=\"en\" xml:lang=\"en\">The World&rsquo;s Most Famous Arena<\/span><\/i>. Le Garden est actuellement le plus ancien ar\u00e9na fonctionnel de la <a title=\"Ligue nationale de hockey\" href=\"http:\/\/fr.wikipedia.org\/wiki\/Ligue_nationale_de_hockey\">Ligue nationale de hockey<\/a>.<\/p>\n","protected":false},"excerpt":{"rendered":"<p>Tous les entra\u00eenements et matches \u00e0 domicile se d\u00e9roulent au Madison Square Garden, salle omnisports situ\u00e9e dans l&rsquo;arrondissement de Manhattan \u00e0 New York. Dans l&rsquo;histoire, il y a eu quatre b\u00e2timents constituant le Madison Square Garden. Les deux premiers ont \u00e9t\u00e9 situ\u00e9s au coin nord-est de Madison Square (sur Madison Avenue et la 26e rue), [&hellip;]<\/p>\n","protected":false},"author":1,"featured_media":0,"parent":0,"menu_order":0,"comment_status":"closed","ping_status":"closed","template":"page-templates\/page-sport-centers.php","meta":{"footnotes":""},"class_list":["post-15","page","type-page","status-publish","hentry"],"_links":{"self":[{"href":"https:\/\/www.basketclubs.be\/new-york\/wp-json\/wp\/v2\/pages\/15","targetHints":{"allow":["GET"]}}],"collection":[{"href":"https:\/\/www.basketclubs.be\/new-york\/wp-json\/wp\/v2\/pages"}],"about":[{"href":"https:\/\/www.basketclubs.be\/new-york\/wp-json\/wp\/v2\/types\/page"}],"author":[{"embeddable":true,"href":"https:\/\/www.basketclubs.be\/new-york\/wp-json\/wp\/v2\/users\/1"}],"replies":[{"embeddable":true,"href":"https:\/\/www.basketclubs.be\/new-york\/wp-json\/wp\/v2\/comments?post=15"}],"version-history":[{"count":6,"href":"https:\/\/www.basketclubs.be\/new-york\/wp-json\/wp\/v2\/pages\/15\/revisions"}],"predecessor-version":[{"id":491,"href":"https:\/\/www.basketclubs.be\/new-york\/wp-json\/wp\/v2\/pages\/15\/revisions\/491"}],"wp:attachment":[{"href":"https:\/\/www.basketclubs.be\/new-york\/wp-json\/wp\/v2\/media?parent=15"}],"curies":[{"name":"wp","href":"https:\/\/api.w.org\/{rel}","templated":true}]}}