{"id":33,"date":"2014-08-21T18:39:56","date_gmt":"2014-08-21T16:39:56","guid":{"rendered":"https:\/\/www.basketclubs.be\/new-york\/?page_id=33"},"modified":"2015-04-23T18:02:23","modified_gmt":"2015-04-23T16:02:23","slug":"join","status":"publish","type":"page","link":"https:\/\/www.basketclubs.be\/new-york\/join\/","title":{"rendered":"S&rsquo;inscrire"},"content":{"rendered":"<p>Tu souhaites rejoindre l&rsquo;une de nos \u00e9quipes et \u00e9voluer aux cot\u00e9s de joueurs d&rsquo;un excellent niveau ?<\/p>\n<p>Pour ce faire envoie un e-mail \u00e0 l&rsquo;adresse suivante : <a href=\"&#109;a&#105;&#108;&#116;&#111;:i&#110;&#115;cr&#105;ptions&#64;&#110;-&#121;&#46;c&#111;m\">in&#115;&#99;&#114;&#105;p&#116;&#105;on&#115;&#64;n&#45;&#121;&#46;&#99;&#111;m<\/a>, ou contacte notre secr\u00e9taire <em>Lisa R. Callahan<\/em> par t\u00e9l\u00e9phone au 45785265896.<\/p>\n","protected":false},"excerpt":{"rendered":"<p>Tu souhaites rejoindre l&rsquo;une de nos \u00e9quipes et \u00e9voluer aux cot\u00e9s de joueurs d&rsquo;un excellent niveau ? Pour ce faire envoie un e-mail \u00e0 l&rsquo;adresse suivante : , ou contacte notre secr\u00e9taire Lisa R. Callahan par t\u00e9l\u00e9phone au 45785265896.<\/p>\n","protected":false},"author":5,"featured_media":0,"parent":0,"menu_order":0,"comment_status":"closed","ping_status":"closed","template":"page-templates\/page-join.php","meta":{"footnotes":""},"class_list":["post-33","page","type-page","status-publish","hentry"],"_links":{"self":[{"href":"https:\/\/www.basketclubs.be\/new-york\/wp-json\/wp\/v2\/pages\/33","targetHints":{"allow":["GET"]}}],"collection":[{"href":"https:\/\/www.basketclubs.be\/new-york\/wp-json\/wp\/v2\/pages"}],"about":[{"href":"https:\/\/www.basketclubs.be\/new-york\/wp-json\/wp\/v2\/types\/page"}],"author":[{"embeddable":true,"href":"https:\/\/www.basketclubs.be\/new-york\/wp-json\/wp\/v2\/users\/5"}],"replies":[{"embeddable":true,"href":"https:\/\/www.basketclubs.be\/new-york\/wp-json\/wp\/v2\/comments?post=33"}],"version-history":[{"count":4,"href":"https:\/\/www.basketclubs.be\/new-york\/wp-json\/wp\/v2\/pages\/33\/revisions"}],"predecessor-version":[{"id":158,"href":"https:\/\/www.basketclubs.be\/new-york\/wp-json\/wp\/v2\/pages\/33\/revisions\/158"}],"wp:attachment":[{"href":"https:\/\/www.basketclubs.be\/new-york\/wp-json\/wp\/v2\/media?parent=33"}],"curies":[{"name":"wp","href":"https:\/\/api.w.org\/{rel}","templated":true}]}}