{"id":664,"date":"2017-02-27T15:37:43","date_gmt":"2017-02-27T13:37:43","guid":{"rendered":"https:\/\/www.basketclubs.be\/new-york\/?page_id=664"},"modified":"2025-01-26T18:34:48","modified_gmt":"2025-01-26T17:34:48","slug":"store","status":"publish","type":"page","link":"https:\/\/www.basketclubs.be\/new-york\/store\/","title":{"rendered":"Boutique"},"content":{"rendered":"<p>Bienvenue dans notre boutique du club ! (<span style=\"color: #ff0000;\">*<\/span>)<\/p>\n<p>Pour vous \u00e9quiper avec le mat\u00e9riel que nous vous proposons, il suffit de s\u00e9lectionner les articles en cliquant sur le symbole \u00ab\u00a0+\u00a0\u00bb. Ceux-ci s\u2019ajouteront au panier en bas de page. Compl\u00e9tez ensuite le formulaire d\u2019envoi de la commande. Nous prendrons contact avec vous d\u00e8s r\u00e9ception de celle-ci.<\/p>\n<p><span style=\"color: #ff0000;\"><em>(*) Cette boutique est factice et n\u2019a qu\u2019un objectif de d\u00e9monstration.<\/em><\/span><\/p>\n","protected":false},"excerpt":{"rendered":"<p>Bienvenue dans notre boutique du club ! (*) Pour vous \u00e9quiper avec le mat\u00e9riel que nous vous proposons, il suffit de s\u00e9lectionner les articles en cliquant sur le symbole \u00ab\u00a0+\u00a0\u00bb. Ceux-ci s\u2019ajouteront au panier en bas de page. Compl\u00e9tez ensuite le formulaire d\u2019envoi de la commande. Nous prendrons contact avec vous d\u00e8s r\u00e9ception de celle-ci. [&hellip;]<\/p>\n","protected":false},"author":85,"featured_media":0,"parent":0,"menu_order":0,"comment_status":"closed","ping_status":"closed","template":"","meta":{"footnotes":""},"class_list":["post-664","page","type-page","status-publish","hentry"],"_links":{"self":[{"href":"https:\/\/www.basketclubs.be\/new-york\/wp-json\/wp\/v2\/pages\/664","targetHints":{"allow":["GET"]}}],"collection":[{"href":"https:\/\/www.basketclubs.be\/new-york\/wp-json\/wp\/v2\/pages"}],"about":[{"href":"https:\/\/www.basketclubs.be\/new-york\/wp-json\/wp\/v2\/types\/page"}],"author":[{"embeddable":true,"href":"https:\/\/www.basketclubs.be\/new-york\/wp-json\/wp\/v2\/users\/85"}],"replies":[{"embeddable":true,"href":"https:\/\/www.basketclubs.be\/new-york\/wp-json\/wp\/v2\/comments?post=664"}],"version-history":[{"count":12,"href":"https:\/\/www.basketclubs.be\/new-york\/wp-json\/wp\/v2\/pages\/664\/revisions"}],"predecessor-version":[{"id":982,"href":"https:\/\/www.basketclubs.be\/new-york\/wp-json\/wp\/v2\/pages\/664\/revisions\/982"}],"wp:attachment":[{"href":"https:\/\/www.basketclubs.be\/new-york\/wp-json\/wp\/v2\/media?parent=664"}],"curies":[{"name":"wp","href":"https:\/\/api.w.org\/{rel}","templated":true}]}}