{"id":22,"date":"2017-08-25T17:49:36","date_gmt":"2017-08-25T15:49:36","guid":{"rendered":"https:\/\/www.basketclubs.be\/newconti21\/?page_id=22"},"modified":"2018-12-19T07:34:38","modified_gmt":"2018-12-19T06:34:38","slug":"history","status":"publish","type":"page","link":"https:\/\/www.basketclubs.be\/newconti21\/history\/","title":{"rendered":"Historique"},"content":{"rendered":"<h4 style=\"text-align: center\">Officiellement sorti de terre en 2016, c\u2019est bien avant que notre histoire a\u00a0commenc\u00e9.<\/h4>\n<h4 style=\"text-align: center\"><\/h4>\n<h4 style=\"text-align: center\">En effet, c\u2019est en\u00a0<strong>2004<\/strong> que notre ami Jean Marie \u00ab <em>Ma\u00efe<\/em>\u00a0 \u00bb a pris l\u2019initiative de contacter d\u2019anciens compagnons de la balle orange pour constituer une bien belle \u00e9quipe de potes.<\/h4>\n<h4 style=\"text-align: center\"><\/h4>\n<h4 style=\"text-align: center\">Au sein du club du <span style=\"color: #0000ff\"><strong>BC Continental<\/strong><\/span>, notre bande de gais lurons s\u2019est d\u00e9cha\u00een\u00e9e, a transpir\u00e9 et surtout a partag\u00e9 de joyeux moments. Durant plusieurs ann\u00e9es, l\u2019\u00e9quipe a \u00e9volu\u00e9 en troisi\u00e8me provinciale avec divers r\u00e9sultats mais toujours gagnante de la troisi\u00e8me mi-temps\u2026essentielle pour nous !<\/h4>\n<h4 style=\"text-align: center\"><\/h4>\n<h4 style=\"text-align: center\">Le temps passe, certains nous quittent (\u00ab sportivement \u00bb parlant) et d\u2019autres nous rejoignent dans cette belle \u00e9pop\u00e9e\u2026mais l\u2019objectif commun ne change pas \u2013 L\u2019AMUSEMENT !<\/h4>\n<h4 style=\"text-align: center\"><\/h4>\n<h4 style=\"text-align: center\">C\u2019est en 2014, que notre ami, <em>Ma\u00efe<\/em>, nous a malheureusement quitt\u00e9\u2026mais, comme \u00e0 son habitude, il ne pouvait faire les choses comme tout le monde et son d\u00e9part\u00a0a eu pour belle cons\u00e9quence de nous souder davantage les uns aux autres&#8230;Et son num\u00e9ro, le <span style=\"color: #ff6600\"><strong>21<\/strong><\/span>, restera \u00e0 jamais avec nous.<\/h4>\n<h4 style=\"text-align: center\"><\/h4>\n<h4 style=\"text-align: center\">C\u2019est ainsi qu\u2019apr\u00e8s plusieurs ann\u00e9es pass\u00e9es au sein de la fusion des 3 clubs andennais, o\u00f9 nous perdions petit \u00e0 petit nos origines et nos racines, 6 de nos plus anciens acolytes ont cr\u00e9\u00e9 NOTRE club\u2026<\/h4>\n<h4 style=\"text-align: center\"><\/h4>\n<h3 style=\"text-align: center\">Le<strong><span style=\"color: #0000ff\"> NEW CONTI<\/span> <span style=\"color: #ff6600\">21 <\/span><\/strong>!<\/h3>\n","protected":false},"excerpt":{"rendered":"<p>Officiellement sorti de terre en 2016, c\u2019est bien avant que notre histoire a\u00a0commenc\u00e9. En effet, c\u2019est en\u00a02004 que notre ami Jean Marie \u00ab Ma\u00efe\u00a0 \u00bb a pris l\u2019initiative de contacter d\u2019anciens compagnons de la balle orange pour constituer une bien belle \u00e9quipe de potes. Au sein du club du BC Continental, notre bande de gais [&hellip;]<\/p>\n","protected":false},"author":160,"featured_media":0,"parent":0,"menu_order":0,"comment_status":"closed","ping_status":"closed","template":"page-templates\/page-history.php","meta":{"footnotes":""},"class_list":["post-22","page","type-page","status-publish","hentry"],"_links":{"self":[{"href":"https:\/\/www.basketclubs.be\/newconti21\/wp-json\/wp\/v2\/pages\/22","targetHints":{"allow":["GET"]}}],"collection":[{"href":"https:\/\/www.basketclubs.be\/newconti21\/wp-json\/wp\/v2\/pages"}],"about":[{"href":"https:\/\/www.basketclubs.be\/newconti21\/wp-json\/wp\/v2\/types\/page"}],"author":[{"embeddable":true,"href":"https:\/\/www.basketclubs.be\/newconti21\/wp-json\/wp\/v2\/users\/160"}],"replies":[{"embeddable":true,"href":"https:\/\/www.basketclubs.be\/newconti21\/wp-json\/wp\/v2\/comments?post=22"}],"version-history":[{"count":8,"href":"https:\/\/www.basketclubs.be\/newconti21\/wp-json\/wp\/v2\/pages\/22\/revisions"}],"predecessor-version":[{"id":781,"href":"https:\/\/www.basketclubs.be\/newconti21\/wp-json\/wp\/v2\/pages\/22\/revisions\/781"}],"wp:attachment":[{"href":"https:\/\/www.basketclubs.be\/newconti21\/wp-json\/wp\/v2\/media?parent=22"}],"curies":[{"name":"wp","href":"https:\/\/api.w.org\/{rel}","templated":true}]}}