{"id":44,"date":"2017-08-17T07:45:40","date_gmt":"2017-08-17T05:45:40","guid":{"rendered":"https:\/\/www.basketclubs.be\/newconti21\/?page_id=44"},"modified":"2024-08-27T16:20:29","modified_gmt":"2024-08-27T14:20:29","slug":"sponsors","status":"publish","type":"page","link":"https:\/\/www.basketclubs.be\/newconti21\/sponsors\/","title":{"rendered":"Sponsors"},"content":{"rendered":"<h2 style=\"text-align: center\"><span style=\"color: #ff6600\"><em>Nous remercions d\u2019ores et d\u00e9j\u00e0 nos pr\u00e9cieux partenaires<\/em><\/span><\/h2>\n<p>&nbsp;<\/p>\n<h2 style=\"text-align: center\">Si vous souhaitez \u00e9galement promouvoir l&rsquo;image de votre soci\u00e9t\u00e9 et am\u00e9liorer sa visibilit\u00e9, venez nous rejoindre en sponsorisant le <strong><span style=\"color: #0000ff\">NEW CONTI<\/span> <span style=\"color: #ff6600\">21\u00a0<span style=\"color: #000000\">.<\/span><\/span><\/strong><\/h2>\n<h2><\/h2>\n<h2><\/h2>\n<h2 style=\"text-align: center\">Diff\u00e9rentes formules vous seront propos\u00e9es&#8230;<\/h2>\n<h2 style=\"text-align: center\"><\/h2>\n<h2 style=\"text-align: center\"><\/h2>\n<h2 style=\"text-align: center\">Information aupr\u00e8s de notre tr\u00e9sorier, Steve Hercot:<\/h2>\n<ul class=\"details\" style=\"text-align: center\">\n<li class=\"email\">\n<h3 style=\"text-align: left\"><a href=\"mailto:steve.hercot@gmail.com\">steve.hercot@gmail.com<\/a><\/h3>\n<\/li>\n<li class=\"mobile\">\n<h3 style=\"text-align: left\">+32477594167<\/h3>\n<\/li>\n<\/ul>\n<h3 style=\"text-align: center\">A bient\u00f4t \ud83d\ude09<\/h3>\n","protected":false},"excerpt":{"rendered":"<p>Nous remercions d\u2019ores et d\u00e9j\u00e0 nos pr\u00e9cieux partenaires &nbsp; Si vous souhaitez \u00e9galement promouvoir l&rsquo;image de votre soci\u00e9t\u00e9 et am\u00e9liorer sa visibilit\u00e9, venez nous rejoindre en sponsorisant le NEW CONTI 21\u00a0. Diff\u00e9rentes formules vous seront propos\u00e9es&#8230; Information aupr\u00e8s de notre tr\u00e9sorier, Steve Hercot: steve.hercot@gmail.com +32477594167 A bient\u00f4t \ud83d\ude09<\/p>\n","protected":false},"author":160,"featured_media":0,"parent":0,"menu_order":0,"comment_status":"closed","ping_status":"closed","template":"page-templates\/page-sponsors.php","meta":{"footnotes":""},"class_list":["post-44","page","type-page","status-publish","hentry"],"_links":{"self":[{"href":"https:\/\/www.basketclubs.be\/newconti21\/wp-json\/wp\/v2\/pages\/44","targetHints":{"allow":["GET"]}}],"collection":[{"href":"https:\/\/www.basketclubs.be\/newconti21\/wp-json\/wp\/v2\/pages"}],"about":[{"href":"https:\/\/www.basketclubs.be\/newconti21\/wp-json\/wp\/v2\/types\/page"}],"author":[{"embeddable":true,"href":"https:\/\/www.basketclubs.be\/newconti21\/wp-json\/wp\/v2\/users\/160"}],"replies":[{"embeddable":true,"href":"https:\/\/www.basketclubs.be\/newconti21\/wp-json\/wp\/v2\/comments?post=44"}],"version-history":[{"count":62,"href":"https:\/\/www.basketclubs.be\/newconti21\/wp-json\/wp\/v2\/pages\/44\/revisions"}],"predecessor-version":[{"id":981,"href":"https:\/\/www.basketclubs.be\/newconti21\/wp-json\/wp\/v2\/pages\/44\/revisions\/981"}],"wp:attachment":[{"href":"https:\/\/www.basketclubs.be\/newconti21\/wp-json\/wp\/v2\/media?parent=44"}],"curies":[{"name":"wp","href":"https:\/\/api.w.org\/{rel}","templated":true}]}}