{"id":28,"date":"2018-09-06T23:32:28","date_gmt":"2018-09-06T21:32:28","guid":{"rendered":"https:\/\/www.basketclubs.be\/ollnight\/?page_id=28"},"modified":"2018-10-11T01:30:03","modified_gmt":"2018-10-10T23:30:03","slug":"sport-centers","status":"publish","type":"page","link":"https:\/\/www.basketclubs.be\/ollnight\/sport-centers\/","title":{"rendered":"Salle (pi\u00e9tonne)"},"content":{"rendered":"<p>Complexe sportif du Blocry (acc\u00e8s pi\u00e9tonnier)<\/p>\n<p>Place des sports 1\u00a0\u00a0 &#8211;\u00a0 1348\u00a0 Louvain-la-Neuve.<\/p>\n<p><span style=\"color: #993300\"><strong>Acc\u00e8s GPS pour parking :\u00a0\u00a0 Route du Blocry\u00a0 &#8211;\u00a0 1348 Louvain-la-Neuve.<\/strong><\/span><\/p>\n<p>&nbsp;<\/p>\n<p>Emplacements des vestiaires au -1 (\u00e0 demander \u00e0 l\u2019accueil du complexe).<\/p>\n","protected":false},"excerpt":{"rendered":"<p>Complexe sportif du Blocry (acc\u00e8s pi\u00e9tonnier) Place des sports 1\u00a0\u00a0 &#8211;\u00a0 1348\u00a0 Louvain-la-Neuve. Acc\u00e8s GPS pour parking :\u00a0\u00a0 Route du Blocry\u00a0 &#8211;\u00a0 1348 Louvain-la-Neuve. &nbsp; Emplacements des vestiaires au -1 (\u00e0 demander \u00e0 l\u2019accueil du complexe).<\/p>\n","protected":false},"author":218,"featured_media":0,"parent":0,"menu_order":0,"comment_status":"closed","ping_status":"closed","template":"page-templates\/page-sport-centers.php","meta":{"footnotes":""},"class_list":["post-28","page","type-page","status-publish","hentry"],"_links":{"self":[{"href":"https:\/\/www.basketclubs.be\/ollnight\/wp-json\/wp\/v2\/pages\/28","targetHints":{"allow":["GET"]}}],"collection":[{"href":"https:\/\/www.basketclubs.be\/ollnight\/wp-json\/wp\/v2\/pages"}],"about":[{"href":"https:\/\/www.basketclubs.be\/ollnight\/wp-json\/wp\/v2\/types\/page"}],"author":[{"embeddable":true,"href":"https:\/\/www.basketclubs.be\/ollnight\/wp-json\/wp\/v2\/users\/218"}],"replies":[{"embeddable":true,"href":"https:\/\/www.basketclubs.be\/ollnight\/wp-json\/wp\/v2\/comments?post=28"}],"version-history":[{"count":7,"href":"https:\/\/www.basketclubs.be\/ollnight\/wp-json\/wp\/v2\/pages\/28\/revisions"}],"predecessor-version":[{"id":176,"href":"https:\/\/www.basketclubs.be\/ollnight\/wp-json\/wp\/v2\/pages\/28\/revisions\/176"}],"wp:attachment":[{"href":"https:\/\/www.basketclubs.be\/ollnight\/wp-json\/wp\/v2\/media?parent=28"}],"curies":[{"name":"wp","href":"https:\/\/api.w.org\/{rel}","templated":true}]}}