{"id":44,"date":"2018-09-06T23:39:32","date_gmt":"2018-09-06T21:39:32","guid":{"rendered":"https:\/\/www.basketclubs.be\/ollnight\/?page_id=44"},"modified":"2023-08-28T16:29:02","modified_gmt":"2023-08-28T14:29:02","slug":"sponsors","status":"publish","type":"page","link":"https:\/\/www.basketclubs.be\/ollnight\/sponsors\/","title":{"rendered":"Nos incroyables Sponsors"},"content":{"rendered":"<h5>EuroSpace Center &#8211; Parc d&rsquo;attraction<\/h5>\n<p><span class=\"LrzXr\">Devant les H\u00eatres 1, 6890 Transinne<\/span><\/p>\n<p><a href=\"http:\/\/www.eurospacecenter.be\">www.eurospacecenter.be<\/a><\/p>\n<p><img loading=\"lazy\" decoding=\"async\" class=\"alignnone wp-image-322\" src=\"https:\/\/www.basketclubs.be\/ollnight\/wp-content\/uploads\/sites\/150\/2023\/08\/eurospaceblanc-300x155.jpg\" alt=\"\" width=\"350\" height=\"181\" srcset=\"https:\/\/www.basketclubs.be\/ollnight\/wp-content\/uploads\/sites\/150\/2023\/08\/eurospaceblanc-300x155.jpg 300w, https:\/\/www.basketclubs.be\/ollnight\/wp-content\/uploads\/sites\/150\/2023\/08\/eurospaceblanc.jpg 596w\" sizes=\"auto, (max-width: 350px) 100vw, 350px\" \/><\/p>\n<p>&nbsp;<\/p>\n<h5>BEER BAR &#8211; Bar \u00e0 bi\u00e8res<\/h5>\n<p>Grand Rue, 5\u00a0 &#8211;\u00a0 1348 Louvain-la-Neuve<\/p>\n<p><img loading=\"lazy\" decoding=\"async\" class=\"alignnone wp-image-67\" src=\"https:\/\/www.basketclubs.be\/ollnight\/wp-content\/uploads\/sites\/150\/2018\/09\/beer-bar-1-300x300.png\" alt=\"\" width=\"204\" height=\"204\" srcset=\"https:\/\/www.basketclubs.be\/ollnight\/wp-content\/uploads\/sites\/150\/2018\/09\/beer-bar-1-300x300.png 300w, https:\/\/www.basketclubs.be\/ollnight\/wp-content\/uploads\/sites\/150\/2018\/09\/beer-bar-1-150x150.png 150w, https:\/\/www.basketclubs.be\/ollnight\/wp-content\/uploads\/sites\/150\/2018\/09\/beer-bar-1.png 500w\" sizes=\"auto, (max-width: 204px) 100vw, 204px\" \/><\/p>\n<p>&nbsp;<\/p>\n<h5>DOMINO&rsquo;S PIZZA &#8211; WAVRE<\/h5>\n<p><span class=\"LrzXr\">Rue Haute 3, 1300 Wavre<\/span><\/p>\n<p>Tel : <span class=\"LrzXr zdqRlf kno-fv\"><a href=\"https:\/\/www.google.com\/search?client=firefox-b-d&amp;q=dOMINOS+PIZZA+WAVRE+#\">010 28 08 00<\/a><\/span><\/p>\n<p><img loading=\"lazy\" decoding=\"async\" class=\"alignnone size-medium wp-image-319\" src=\"https:\/\/www.basketclubs.be\/ollnight\/wp-content\/uploads\/sites\/150\/2023\/08\/Small-Web-Jpg-RGB_Blue_Type_International_Horz_Dominos_Pizza-300x45.jpg\" alt=\"\" width=\"300\" height=\"45\" srcset=\"https:\/\/www.basketclubs.be\/ollnight\/wp-content\/uploads\/sites\/150\/2023\/08\/Small-Web-Jpg-RGB_Blue_Type_International_Horz_Dominos_Pizza-300x45.jpg 300w, https:\/\/www.basketclubs.be\/ollnight\/wp-content\/uploads\/sites\/150\/2023\/08\/Small-Web-Jpg-RGB_Blue_Type_International_Horz_Dominos_Pizza.jpg 640w\" sizes=\"auto, (max-width: 300px) 100vw, 300px\" \/><\/p>\n<p>&nbsp;<\/p>\n<p>&nbsp;<\/p>\n<h5>LE DUDE! &#8211; Bar musical<\/h5>\n<p><span class=\"LrzXr\">Place des Sciences 3a\u00a0 &#8211; 1348 Louvain-la-Neuve<\/span><\/p>\n<p><img loading=\"lazy\" decoding=\"async\" class=\"alignnone wp-image-69\" src=\"https:\/\/www.basketclubs.be\/ollnight\/wp-content\/uploads\/sites\/150\/2018\/09\/DUDEJPEG-1-300x218.jpg\" alt=\"\" width=\"219\" height=\"159\" srcset=\"https:\/\/www.basketclubs.be\/ollnight\/wp-content\/uploads\/sites\/150\/2018\/09\/DUDEJPEG-1-300x218.jpg 300w, https:\/\/www.basketclubs.be\/ollnight\/wp-content\/uploads\/sites\/150\/2018\/09\/DUDEJPEG-1.jpg 382w\" sizes=\"auto, (max-width: 219px) 100vw, 219px\" \/><\/p>\n<p>&nbsp;<\/p>\n<p>&nbsp;<\/p>\n","protected":false},"excerpt":{"rendered":"<p>EuroSpace Center &#8211; Parc d&rsquo;attraction Devant les H\u00eatres 1, 6890 Transinne www.eurospacecenter.be &nbsp; BEER BAR &#8211; Bar \u00e0 bi\u00e8res Grand Rue, 5\u00a0 &#8211;\u00a0 1348 Louvain-la-Neuve &nbsp; DOMINO&rsquo;S PIZZA &#8211; WAVRE Rue Haute 3, 1300 Wavre Tel : 010 28 08 00 &nbsp; &nbsp; LE DUDE! &#8211; Bar musical Place des Sciences 3a\u00a0 &#8211; 1348 Louvain-la-Neuve [&hellip;]<\/p>\n","protected":false},"author":218,"featured_media":0,"parent":0,"menu_order":0,"comment_status":"closed","ping_status":"closed","template":"page-templates\/page-sponsors.php","meta":{"footnotes":""},"class_list":["post-44","page","type-page","status-publish","hentry"],"_links":{"self":[{"href":"https:\/\/www.basketclubs.be\/ollnight\/wp-json\/wp\/v2\/pages\/44","targetHints":{"allow":["GET"]}}],"collection":[{"href":"https:\/\/www.basketclubs.be\/ollnight\/wp-json\/wp\/v2\/pages"}],"about":[{"href":"https:\/\/www.basketclubs.be\/ollnight\/wp-json\/wp\/v2\/types\/page"}],"author":[{"embeddable":true,"href":"https:\/\/www.basketclubs.be\/ollnight\/wp-json\/wp\/v2\/users\/218"}],"replies":[{"embeddable":true,"href":"https:\/\/www.basketclubs.be\/ollnight\/wp-json\/wp\/v2\/comments?post=44"}],"version-history":[{"count":27,"href":"https:\/\/www.basketclubs.be\/ollnight\/wp-json\/wp\/v2\/pages\/44\/revisions"}],"predecessor-version":[{"id":327,"href":"https:\/\/www.basketclubs.be\/ollnight\/wp-json\/wp\/v2\/pages\/44\/revisions\/327"}],"wp:attachment":[{"href":"https:\/\/www.basketclubs.be\/ollnight\/wp-json\/wp\/v2\/media?parent=44"}],"curies":[{"name":"wp","href":"https:\/\/api.w.org\/{rel}","templated":true}]}}