{"id":45,"date":"2018-09-07T00:36:34","date_gmt":"2018-09-06T22:36:34","guid":{"rendered":"https:\/\/www.basketclubs.be\/ollnight\/?page_id=45"},"modified":"2023-09-06T12:02:05","modified_gmt":"2023-09-06T10:02:05","slug":"contact","status":"publish","type":"page","link":"https:\/\/www.basketclubs.be\/ollnight\/contact\/","title":{"rendered":"Contact"},"content":{"rendered":"<h6>Localisation de la salle de sport<\/h6>\n<p>Complexe sportif du BLOCRY Salle H1A<br \/>\nPlace des sports, 1 1348 Louvain-la-Neuve\u00a0 (rue pi\u00e9tonne)<br \/>\n<span style=\"color: #800000\"><em><strong>Taper : \u00ab\u00a0Route du Blocry\u00a0\u00bb dans le GPS pour l&rsquo;acc\u00e8s au Parking.<\/strong><\/em><\/span><\/p>\n<h6>Adresse postale<\/h6>\n<p>Rue du Berger, 30 &#8211; 1340 Ottignies-Louvain-la-Neuve<\/p>\n<h6>T\u00e9l\u00e9phone<\/h6>\n<p>0494\/61.76.98<\/p>\n<h6>Mail<\/h6>\n<p>ollnight1348@gmail.com<\/p>\n<h6>Facebook<\/h6>\n<p><a href=\"https:\/\/www.facebook.com\/BC-OLLNight-Louvain-la-Neuve-2029546913967068\/?fb_dtsg_ag=AdyfxMLZE_UIXbcwJAmM7Lrg9W9oXNFQ0xqFJ1bM_z0nJw%3AAdwgMvgELfvrq6wCqxVRGlKHqs5NfwmOjEJZOjVT20Qwnw\">Page Facebook<\/a><\/p>\n","protected":false},"excerpt":{"rendered":"<p>Localisation de la salle de sport Complexe sportif du BLOCRY Salle H1A Place des sports, 1 1348 Louvain-la-Neuve\u00a0 (rue pi\u00e9tonne) Taper : \u00ab\u00a0Route du Blocry\u00a0\u00bb dans le GPS pour l&rsquo;acc\u00e8s au Parking. Adresse postale Rue du Berger, 30 &#8211; 1340 Ottignies-Louvain-la-Neuve T\u00e9l\u00e9phone 0494\/61.76.98 Mail ollnight1348@gmail.com Facebook Page Facebook<\/p>\n","protected":false},"author":218,"featured_media":0,"parent":0,"menu_order":0,"comment_status":"closed","ping_status":"closed","template":"page-templates\/page-contact.php","meta":{"footnotes":""},"class_list":["post-45","page","type-page","status-publish","hentry"],"_links":{"self":[{"href":"https:\/\/www.basketclubs.be\/ollnight\/wp-json\/wp\/v2\/pages\/45","targetHints":{"allow":["GET"]}}],"collection":[{"href":"https:\/\/www.basketclubs.be\/ollnight\/wp-json\/wp\/v2\/pages"}],"about":[{"href":"https:\/\/www.basketclubs.be\/ollnight\/wp-json\/wp\/v2\/types\/page"}],"author":[{"embeddable":true,"href":"https:\/\/www.basketclubs.be\/ollnight\/wp-json\/wp\/v2\/users\/218"}],"replies":[{"embeddable":true,"href":"https:\/\/www.basketclubs.be\/ollnight\/wp-json\/wp\/v2\/comments?post=45"}],"version-history":[{"count":9,"href":"https:\/\/www.basketclubs.be\/ollnight\/wp-json\/wp\/v2\/pages\/45\/revisions"}],"predecessor-version":[{"id":328,"href":"https:\/\/www.basketclubs.be\/ollnight\/wp-json\/wp\/v2\/pages\/45\/revisions\/328"}],"wp:attachment":[{"href":"https:\/\/www.basketclubs.be\/ollnight\/wp-json\/wp\/v2\/media?parent=45"}],"curies":[{"name":"wp","href":"https:\/\/api.w.org\/{rel}","templated":true}]}}