{"id":22,"date":"2022-08-11T13:51:45","date_gmt":"2022-08-11T11:51:45","guid":{"rendered":"https:\/\/www.basketclubs.be\/rbcmettet\/?page_id=22"},"modified":"2024-08-26T10:10:27","modified_gmt":"2024-08-26T08:10:27","slug":"history","status":"publish","type":"page","link":"https:\/\/www.basketclubs.be\/rbcmettet\/history\/","title":{"rendered":"Historique"},"content":{"rendered":"<h5>Pr\u00e9sentation du Club<\/h5>\n<p><span class=\"fontstyle0\">Fort du constat du manque cruel de club de Basketball dans la r\u00e9gion, un appel \u00e0 int\u00e9r\u00eats est lanc\u00e9 et recueille un large soutien mais surtout un r\u00e9el <\/span><span class=\"fontstyle0\">enthousiasme <\/span><span class=\"fontstyle0\">de la communaut\u00e9.<br \/>\nS\u2019en suit une r\u00e9union d\u2019une poign\u00e9e de <\/span><span class=\"fontstyle0\">passionn\u00e9s <\/span><span class=\"fontstyle0\">de la balle orange qui d\u00e9cident, au d\u00e9but du mois de mai 2022, de se lancer dans l\u2019aventure de cr\u00e9ation d\u2019un club de basketball au sein de la commune de <\/span><span class=\"fontstyle0\">Mettet<\/span><span class=\"fontstyle0\">.<br \/>\nL\u2019entreprise est importante et les d\u00e9lais sont tr\u00e8s courts pour permettre la participation \u00e0 la comp\u00e9tition pour une \u00e9quipe S\u00e9niors Hommes d\u00e8s la saison suivante mais la volont\u00e9 est grande.<br \/>\nD\u00e9but du mois de juin 2022, les statuts de <\/span><span class=\"fontstyle0\">l\u2019asbl Renouveau Basket Club de Mettet <\/span><span class=\"fontstyle0\">sont publi\u00e9s au Moniteur Belge. Dans la foul\u00e9e, l\u2019attribution du <\/span><span class=\"fontstyle0\">Matricule 2737 <\/span><span class=\"fontstyle0\">est octroy\u00e9 par l\u2019Association Wallonie-Bruxelles de Basketball.<br \/>\nLe comit\u00e9 provincial de Namur nous accueille alors les bras grands ouverts pour les pr\u00e9paratifs de la nouvelle saison.<\/span><\/p>\n<p>&nbsp;<\/p>\n<h5>Ambitions et Projets<\/h5>\n<p><span class=\"fontstyle0\">Les ambitions port\u00e9es par le club sont de proposer un cadre <\/span><span class=\"fontstyle0\">convivial<\/span><span class=\"fontstyle0\">, <\/span><span class=\"fontstyle0\">familial <\/span><span class=\"fontstyle0\">et <\/span><span class=\"fontstyle0\">structur\u00e9\u00a0<\/span><span class=\"fontstyle0\">permettant d\u2019int\u00e9grer au fur et \u00e0 mesure de notre \u00e9volution de nouvelles \u00e9quipes.<br \/>\nNotre <\/span><span class=\"fontstyle0\">\u00e9quipe S\u00e9niors Hommes <\/span><span class=\"fontstyle0\">\u00e9voluera donc au sein de la <\/span><span class=\"fontstyle0\">3<\/span><span class=\"fontstyle0\">\u00e8me <\/span><span class=\"fontstyle0\">provinciale<\/span><span class=\"fontstyle0\">. Cette \u00e9quipe permettra de poser <\/span><span class=\"fontstyle0\">les bases d\u2019un club <\/span><span class=\"fontstyle0\">que nous souhaitons <\/span><span class=\"fontstyle0\">p\u00e9renne et \u00e9volutif<\/span><span class=\"fontstyle0\">.<br \/>\n<\/span>L\u2019\u00e9quipe est appuy\u00e9e par des membres b\u00e9n\u00e9voles investis dans la bonne organisation du club.<br \/>\n<span class=\"fontstyle0\">Au cours de l\u2019ann\u00e9e, des <\/span><span class=\"fontstyle0\">activit\u00e9s et soupers <\/span><span class=\"fontstyle0\">seront \u00e9galement organis\u00e9s pour accro\u00eetre notre visibilit\u00e9 dans la r\u00e9gion.<\/span><\/p>\n","protected":false},"excerpt":{"rendered":"<p>Pr\u00e9sentation du Club Fort du constat du manque cruel de club de Basketball dans la r\u00e9gion, un appel \u00e0 int\u00e9r\u00eats est lanc\u00e9 et recueille un large soutien mais surtout un r\u00e9el enthousiasme de la communaut\u00e9. S\u2019en suit une r\u00e9union d\u2019une poign\u00e9e de passionn\u00e9s de la balle orange qui d\u00e9cident, au d\u00e9but du mois de mai [&hellip;]<\/p>\n","protected":false},"author":415,"featured_media":0,"parent":0,"menu_order":0,"comment_status":"closed","ping_status":"closed","template":"page-templates\/page-history.php","meta":{"footnotes":""},"class_list":["post-22","page","type-page","status-publish","hentry"],"_links":{"self":[{"href":"https:\/\/www.basketclubs.be\/rbcmettet\/wp-json\/wp\/v2\/pages\/22","targetHints":{"allow":["GET"]}}],"collection":[{"href":"https:\/\/www.basketclubs.be\/rbcmettet\/wp-json\/wp\/v2\/pages"}],"about":[{"href":"https:\/\/www.basketclubs.be\/rbcmettet\/wp-json\/wp\/v2\/types\/page"}],"author":[{"embeddable":true,"href":"https:\/\/www.basketclubs.be\/rbcmettet\/wp-json\/wp\/v2\/users\/415"}],"replies":[{"embeddable":true,"href":"https:\/\/www.basketclubs.be\/rbcmettet\/wp-json\/wp\/v2\/comments?post=22"}],"version-history":[{"count":4,"href":"https:\/\/www.basketclubs.be\/rbcmettet\/wp-json\/wp\/v2\/pages\/22\/revisions"}],"predecessor-version":[{"id":107,"href":"https:\/\/www.basketclubs.be\/rbcmettet\/wp-json\/wp\/v2\/pages\/22\/revisions\/107"}],"wp:attachment":[{"href":"https:\/\/www.basketclubs.be\/rbcmettet\/wp-json\/wp\/v2\/media?parent=22"}],"curies":[{"name":"wp","href":"https:\/\/api.w.org\/{rel}","templated":true}]}}