{"id":22,"date":"2020-09-10T14:20:40","date_gmt":"2020-09-10T12:20:40","guid":{"rendered":"https:\/\/www.basketclubs.be\/rbul\/?page_id=22"},"modified":"2020-09-21T14:00:57","modified_gmt":"2020-09-21T12:00:57","slug":"history","status":"publish","type":"page","link":"https:\/\/www.basketclubs.be\/rbul\/history\/","title":{"rendered":"Historique"},"content":{"rendered":"<p><strong>Notre club est n\u00e9 lors d&rsquo;une manifestation r\u00e9cr\u00e9ative. <\/strong><\/p>\n<p>Le 10 mai 1940, la Belgique entre en guerre.<\/p>\n<p>L&rsquo;Union Nautique Li\u00e8ge (UNL) se mobilise notamment par le biais de l&rsquo;\u0153uvre \u00ab\u00a0Le Souper\u00a0\u00bb qui offrira aux enfants les plus d\u00e9favoris\u00e9s plus d&rsquo;un million de repas pendant toute la dur\u00e9e du conflit.<\/p>\n<p>Parmi les manifestations destin\u00e9es \u00e0 r\u00e9colter des fonds, l&rsquo;Entr&rsquo;Aide organise aux abords du Club House du Parc de la Boverie, du 25 ao\u00fbt au 8 septembre 1940, une grande\u00a0Fancy-Fair.\u00a0 C&rsquo;est au cours de cette s\u00e9ance r\u00e9cr\u00e9ative que la section Basket-Ball de<\/p>\n<p>l&rsquo;Union Nautique voit le jour \u00e0 l&rsquo;instigation d&rsquo;Eudore GILLOT et de \u00ab\u00a0Gofils\u00a0\u00bb DUCHATEAU.<\/p>\n<p>Elle aligne d&#8217;embl\u00e9e une \u00e9quipe masculine et une \u00e9quipe f\u00e9minine.<\/p>\n<p>Grandes dates du club\u00a0:<\/p>\n<ul>\n<li style=\"text-align: left\">20\/10\/1940\u00a0 \u00a0Premi\u00e8re rencontre officielle.<\/li>\n<li style=\"text-align: left\">1948 \u00a0\u00a0\u00a0\u00a0\u00a0\u00a0\u00a0\u00a0\u00a0\u00a0\u00a0\u00a0\u00a0\u00a0 L\u2019UNL s\u2019affilie \u00e0 la F\u00e9d\u00e9ration de Basket sous le matricule 0068.<\/li>\n<li style=\"text-align: left\">1985 \u00a0\u00a0\u00a0\u00a0\u00a0\u00a0\u00a0\u00a0\u00a0\u00a0\u00a0\u00a0\u00a0\u00a0 Migration vers le Centre sportif d\u2019Outremeuse.<\/li>\n<li style=\"text-align: left\">1996 \u00a0\u00a0\u00a0\u00a0\u00a0\u00a0\u00a0\u00a0\u00a0\u00a0\u00a0\u00a0\u00a0\u00a0 L\u2019UNL se s\u00e9pare de la section basket.<\/li>\n<li style=\"text-align: left\">1998\u00a0 \u00a0 \u00a0 \u00a0 \u00a0 \u00a0 \u00a0 \u00a0 L\u2019UNL devient le Basket Union Li\u00e8ge (BUL) et apr\u00e8s quelques saisons au Country Hall et \u00e0 la Constitution revient d\u00e9finitivement au Centre Sportif d\u2019Outremeuse avec l\u2019ensemble de ses \u00e9quipes.<\/li>\n<li style=\"text-align: left\">2003\u00a0 \u00a0 \u00a0 \u00a0 \u00a0 \u00a0 \u00a0 \u00a0 Sa Majest\u00e9 le Roi Albert II nous d\u00e9cerne le titre de \u00ab\u00a0ROYAL\u00a0\u00bb BASKET UNION LIEGE<\/li>\n<li style=\"text-align: left\">11\/08\/2003\u00a0 \u00a0Tchantch\u00e8s re\u00e7oit son 354<sup>\u00e8me<\/sup> costume\u00a0:<br \/>\nUn \u00e9quipement de basket \u00e0 nos couleurs<\/li>\n<li style=\"text-align: left\">13\/07\/2004\u00a0 \u00a0Notre club se constitue en ASBL et change partiellement son Comit\u00e9.<\/li>\n<li style=\"text-align: left\">2015\u00a0 \u00a0 \u00a0 \u00a0 \u00a0 \u00a0 \u00a0 \u00a0 Notre club f\u00eate en grande pompe ses 75 ans\u00a0!!!\u00a0<a href=\"https:\/\/www.facebook.com\/media\/set\/?vanity=RoyalBasketUnionLiege&amp;set=a.1151895038191011\" target=\"_blank\" rel=\"noopener\">Photos de la soir\u00e9e des 75 ans<\/a><\/li>\n<li style=\"text-align: left\">2020\u00a0 \u00a0 \u00a0 \u00a0 \u00a0 \u00a0 \u00a0 \u00a0 Notre \u00e9quipe fanion hommes acc\u00e8de \u00e0 l\u2019\u00e9lite provinciale.<\/li>\n<li>2020\u00a0 \u00a0 \u00a0 \u00a0 \u00a0 \u00a0 \u00a0 \u00a0 Nouveau logo pour notre club.<\/li>\n<\/ul>\n","protected":false},"excerpt":{"rendered":"<p>Notre club est n\u00e9 lors d&rsquo;une manifestation r\u00e9cr\u00e9ative. Le 10 mai 1940, la Belgique entre en guerre. L&rsquo;Union Nautique Li\u00e8ge (UNL) se mobilise notamment par le biais de l&rsquo;\u0153uvre \u00ab\u00a0Le Souper\u00a0\u00bb qui offrira aux enfants les plus d\u00e9favoris\u00e9s plus d&rsquo;un million de repas pendant toute la dur\u00e9e du conflit. Parmi les manifestations destin\u00e9es \u00e0 r\u00e9colter [&hellip;]<\/p>\n","protected":false},"author":301,"featured_media":0,"parent":0,"menu_order":0,"comment_status":"closed","ping_status":"closed","template":"page-templates\/page-history.php","meta":{"footnotes":""},"class_list":["post-22","page","type-page","status-publish","hentry"],"_links":{"self":[{"href":"https:\/\/www.basketclubs.be\/rbul\/wp-json\/wp\/v2\/pages\/22","targetHints":{"allow":["GET"]}}],"collection":[{"href":"https:\/\/www.basketclubs.be\/rbul\/wp-json\/wp\/v2\/pages"}],"about":[{"href":"https:\/\/www.basketclubs.be\/rbul\/wp-json\/wp\/v2\/types\/page"}],"author":[{"embeddable":true,"href":"https:\/\/www.basketclubs.be\/rbul\/wp-json\/wp\/v2\/users\/301"}],"replies":[{"embeddable":true,"href":"https:\/\/www.basketclubs.be\/rbul\/wp-json\/wp\/v2\/comments?post=22"}],"version-history":[{"count":12,"href":"https:\/\/www.basketclubs.be\/rbul\/wp-json\/wp\/v2\/pages\/22\/revisions"}],"predecessor-version":[{"id":204,"href":"https:\/\/www.basketclubs.be\/rbul\/wp-json\/wp\/v2\/pages\/22\/revisions\/204"}],"wp:attachment":[{"href":"https:\/\/www.basketclubs.be\/rbul\/wp-json\/wp\/v2\/media?parent=22"}],"curies":[{"name":"wp","href":"https:\/\/api.w.org\/{rel}","templated":true}]}}