{"id":28,"date":"2019-12-13T15:46:20","date_gmt":"2019-12-13T14:46:20","guid":{"rendered":"https:\/\/www.basketclubs.be\/rbul\/?page_id=28"},"modified":"2021-07-13T16:20:54","modified_gmt":"2021-07-13T14:20:54","slug":"sport-centers","status":"publish","type":"page","link":"https:\/\/www.basketclubs.be\/rbul\/sport-centers\/","title":{"rendered":"Salles(s)"},"content":{"rendered":"<p>A partir du mois d&rsquo;avril 2021 et durant les travaux de r\u00e9novation du Complexe d&rsquo;Outremeuse, tous les matchs \u00e0 domicile de nos \u00e9quipes se d\u00e9roulent au hall omnisports de la Constitution.<\/p>\n","protected":false},"excerpt":{"rendered":"<p>A partir du mois d&rsquo;avril 2021 et durant les travaux de r\u00e9novation du Complexe d&rsquo;Outremeuse, tous les matchs \u00e0 domicile de nos \u00e9quipes se d\u00e9roulent au hall omnisports de la Constitution.<\/p>\n","protected":false},"author":301,"featured_media":0,"parent":0,"menu_order":0,"comment_status":"closed","ping_status":"closed","template":"page-templates\/page-sport-centers.php","meta":{"footnotes":""},"class_list":["post-28","page","type-page","status-publish","hentry"],"_links":{"self":[{"href":"https:\/\/www.basketclubs.be\/rbul\/wp-json\/wp\/v2\/pages\/28","targetHints":{"allow":["GET"]}}],"collection":[{"href":"https:\/\/www.basketclubs.be\/rbul\/wp-json\/wp\/v2\/pages"}],"about":[{"href":"https:\/\/www.basketclubs.be\/rbul\/wp-json\/wp\/v2\/types\/page"}],"author":[{"embeddable":true,"href":"https:\/\/www.basketclubs.be\/rbul\/wp-json\/wp\/v2\/users\/301"}],"replies":[{"embeddable":true,"href":"https:\/\/www.basketclubs.be\/rbul\/wp-json\/wp\/v2\/comments?post=28"}],"version-history":[{"count":5,"href":"https:\/\/www.basketclubs.be\/rbul\/wp-json\/wp\/v2\/pages\/28\/revisions"}],"predecessor-version":[{"id":223,"href":"https:\/\/www.basketclubs.be\/rbul\/wp-json\/wp\/v2\/pages\/28\/revisions\/223"}],"wp:attachment":[{"href":"https:\/\/www.basketclubs.be\/rbul\/wp-json\/wp\/v2\/media?parent=28"}],"curies":[{"name":"wp","href":"https:\/\/api.w.org\/{rel}","templated":true}]}}