{"id":29,"date":"2019-12-18T14:52:25","date_gmt":"2019-12-18T13:52:25","guid":{"rendered":"https:\/\/www.basketclubs.be\/rbul\/?page_id=29"},"modified":"2020-01-10T09:38:02","modified_gmt":"2020-01-10T08:38:02","slug":"the-club-1","status":"publish","type":"page","link":"https:\/\/www.basketclubs.be\/rbul\/the-club-1\/","title":{"rendered":"RGPD"},"content":{"rendered":"<h2 class=\"gE iv gt\" style=\"text-align: center\"><strong>D\u00e9claration de confidentialit\u00e9<br \/>\n<\/strong><strong> Royal Basket Union Li\u00e8ge<\/strong><\/h2>\n<div class=\"\">\n<div id=\":ob\" class=\"ii gt\">\n<div id=\":oa\" class=\"a3s aXjCH \">\n<div dir=\"ltr\">\n<div dir=\"ltr\">\n<p><i>Ayant trait \u00e0 l&rsquo;application du R\u00e8glement EU 2016\/679 du 27 avril 2016 concernant la protection des personnes et des biens en relation avec le traitement des donn\u00e9es<\/i><\/p>\n<p>Vos donn\u00e9es personnelles sont utilis\u00e9es par le Royal Basket Union Li\u00e8ge ASBL. Elles ne seront jamais transmises sans votre permission \u00e0 des tiers \u00e0 des fins commerciales. L\u2019Union Li\u00e8ge s&rsquo;engage \u00e0 utiliser ces donn\u00e9es avec pr\u00e9caution, de mani\u00e8re s\u00e9curis\u00e9e et responsable.<\/p>\n<p><strong><i>Collecte et traitement des donn\u00e9es personnelles<\/i><\/strong><\/p>\n<p>Dans la \u00ab Demande d&rsquo;affiliation \u00bb nous vous demandons un nombre restreint d&rsquo;informations personnelles telles que vos nom, pr\u00e9nom, nationalit\u00e9, adresse, lieu et date de naissance, num\u00e9ros de t\u00e9l\u00e9phone fixe et mobile et adresse e-mail. Ces donn\u00e9es servent \u00e0 des fins administratives telles que : inscription dans la liste des membres, d\u00e9termination de la cat\u00e9gorie comme membre, invitations \u00e0 des manifestations sp\u00e9cifiques, envoi de bulletins ou messages. Ces donn\u00e9es sont reprises dans le fichier des membres de l\u2019Union Li\u00e8ge. L&rsquo;utilisation de vos donn\u00e9es personnelles est limit\u00e9e au minimum n\u00e9cessaire pour les applications cit\u00e9es ci-dessus.<\/p>\n<p>Notre banque de donn\u00e9es n&rsquo;est accessible que par notre secr\u00e9taire.<\/p>\n<p><strong><i>Mineurs<\/i><\/strong><\/p>\n<p>Nous ne traitons les donn\u00e9es de personnes de moins de 18 ans qu\u2019apr\u00e8s avoir obtenu l\u2019autorisation \u00e9crite du parent ou du repr\u00e9sentant l\u00e9gal.<\/p>\n<p><strong><i>Protection des donn\u00e9es personnelles<\/i><\/strong><\/p>\n<p>Le Royal Basket Union Li\u00e8ge a pris les mesures techniques et organisationnelles pour prot\u00e9ger la banque de donn\u00e9es dans laquelle vos donn\u00e9es sont reprises, contre tout acc\u00e8s et utilisation non autoris\u00e9s ainsi que contre la perte ou le vol de vos donn\u00e9es. Au cas o\u00f9 vos donn\u00e9es seraient l&rsquo;objet d&rsquo;une fuite de donn\u00e9es, vous en seriez avertis dans les plus brefs d\u00e9lais.<\/p>\n<p>Le Royal Basket Union Li\u00e8ge ASBL est responsable pour vos donn\u00e9es personnelles. Si vous avez des questions apr\u00e8s la prise de connaissance de cette d\u00e9claration de confidentialit\u00e9, vous pouvez prendre contact avec notre secr\u00e9taire &#8211; Madame Perin.<\/p>\n<p><strong><i>Photographies<\/i><\/strong><\/p>\n<p>Des photos d&rsquo;ambiance ou de groupe peuvent \u00eatre prises lors des activit\u00e9s au sein de notre club. Les membres sont inform\u00e9s que ces photos peuvent para\u00eetre sur notre site internet.<\/p>\n<p><strong><i>Autorit\u00e9 pour la protection des donn\u00e9es<\/i><\/strong><\/p>\n<p>Si vous avez une plainte concernant la gestion de vos donn\u00e9es personnelles, nous vous demandons de prendre contact avec notre secr\u00e9taire. Vous avez toujours le droit d&rsquo;introduire une plainte aupr\u00e8s de l&rsquo;autorit\u00e9 en charge de la protection des donn\u00e9es. Pour la Belgique, c&rsquo;est la Commission de la Protection de le Vie Priv\u00e9e qui est l&rsquo;autorit\u00e9 de contr\u00f4le en la mati\u00e8re.<\/p>\n<p><strong><i>Politique de confidentialit\u00e9 concernant notre site internet<\/i><\/strong><\/p>\n<p>Vous pouvez consulter notre site internet\u00a0<a href=\"http:\/\/www.rbul.be\/\" target=\"_blank\" rel=\"noopener\">www.basketclubs.be\/rbul<\/a>\u00a0sans communiquer vos donn\u00e9es personnelles.<\/p>\n<p>Nous enregistrons des donn\u00e9es concernant la connexion que vous r\u00e9alisez avec notre site internet et concernant le logiciel et l&rsquo;appareil que vous utilisez \u00e0 cet effet. Ces informations contiennent notamment votre adresse IP, le moment auquel vous vous connectez, le type de navigateur, la marque d&rsquo;appareil et les pages que vous visitez. Ces donn\u00e9es sont utilis\u00e9es \u00e0 des fins statistiques et d&rsquo;analyses de la mani\u00e8re de surfer des visiteurs, ceci afin d&rsquo;am\u00e9liorer la qualit\u00e9 de notre site et de nos services. Ces informations peuvent \u00e9galement \u00eatre utilis\u00e9es pour adapter l&rsquo;offre sur le site \u00e0 de nouveaux besoins potentiels.<\/p>\n<p>Lorsque vous vous connectez \u00e0\u00a0<a href=\"http:\/\/www.rbul.be\/\" target=\"_blank\" rel=\"noopener\">www.basketclubs.be\/rbul<\/a>\u00a0, un ou plusieurs \u00ab cookies \u00bb peuvent \u00eatre install\u00e9s dans votre navigateur. Ceci nous permet de vous reconna\u00eetre comme visiteur de notre site et d\u2019am\u00e9liorer la qualit\u00e9 de nos services.<\/p>\n<p>Le site internet de\u00a0<a href=\"http:\/\/www.rbul.be\/\" target=\"_blank\" rel=\"noopener\">www.basketclubs.be\/rbul<\/a>\u00a0contient des liens vers des sites internet qui ne sont pas g\u00e9r\u00e9s par le Royal Basket Union Li\u00e8ge ABSL. Ces liens vous sont communiqu\u00e9s \u00e0 titre d&rsquo;information. Nous vous recommandons lors de votre visite \u00e0 ces sites, de prendre minutieusement connaissance de leur politique de confidentialit\u00e9.<\/p>\n<p><strong><i>Modifications de cette D\u00e9claration de confidentialit\u00e9<\/i><\/strong><\/p>\n<p>Le Royal Basket Union Li\u00e8ge ASBL peut modifier cette d\u00e9claration de confidentialit\u00e9. Une annonce sera effectu\u00e9e sur le site internet\u00a0<a href=\"http:\/\/www.rbul.be\/\" target=\"_blank\" rel=\"noopener\">www.basketclubs.be\/rbul<\/a>\u00a0quand des modifications entrent en vigueur.<\/p>\n<\/div>\n<\/div>\n<\/div>\n<\/div>\n<\/div>\n","protected":false},"excerpt":{"rendered":"<p>D\u00e9claration de confidentialit\u00e9 Royal Basket Union Li\u00e8ge Ayant trait \u00e0 l&rsquo;application du R\u00e8glement EU 2016\/679 du 27 avril 2016 concernant la protection des personnes et des biens en relation avec le traitement des donn\u00e9es Vos donn\u00e9es personnelles sont utilis\u00e9es par le Royal Basket Union Li\u00e8ge ASBL. Elles ne seront jamais transmises sans votre permission \u00e0 [&hellip;]<\/p>\n","protected":false},"author":301,"featured_media":0,"parent":0,"menu_order":0,"comment_status":"closed","ping_status":"closed","template":"page-templates\/page-free.php","meta":{"footnotes":""},"class_list":["post-29","page","type-page","status-publish","hentry"],"_links":{"self":[{"href":"https:\/\/www.basketclubs.be\/rbul\/wp-json\/wp\/v2\/pages\/29","targetHints":{"allow":["GET"]}}],"collection":[{"href":"https:\/\/www.basketclubs.be\/rbul\/wp-json\/wp\/v2\/pages"}],"about":[{"href":"https:\/\/www.basketclubs.be\/rbul\/wp-json\/wp\/v2\/types\/page"}],"author":[{"embeddable":true,"href":"https:\/\/www.basketclubs.be\/rbul\/wp-json\/wp\/v2\/users\/301"}],"replies":[{"embeddable":true,"href":"https:\/\/www.basketclubs.be\/rbul\/wp-json\/wp\/v2\/comments?post=29"}],"version-history":[{"count":4,"href":"https:\/\/www.basketclubs.be\/rbul\/wp-json\/wp\/v2\/pages\/29\/revisions"}],"predecessor-version":[{"id":100,"href":"https:\/\/www.basketclubs.be\/rbul\/wp-json\/wp\/v2\/pages\/29\/revisions\/100"}],"wp:attachment":[{"href":"https:\/\/www.basketclubs.be\/rbul\/wp-json\/wp\/v2\/media?parent=29"}],"curies":[{"name":"wp","href":"https:\/\/api.w.org\/{rel}","templated":true}]}}