{"id":30,"date":"2022-09-01T11:26:12","date_gmt":"2022-09-01T09:26:12","guid":{"rendered":"https:\/\/www.basketclubs.be\/rbul\/?page_id=30"},"modified":"2022-09-01T11:28:31","modified_gmt":"2022-09-01T09:28:31","slug":"the-club-2","status":"publish","type":"page","link":"https:\/\/www.basketclubs.be\/rbul\/the-club-2\/","title":{"rendered":"Cotisations"},"content":{"rendered":"<p>Le prix des cotisations pour la saison 2022-2023 est fix\u00e9 \u00e0<\/p>\n<p>Cat\u00e9gories U6 &#8211; U8 : <strong>100,00\u20ac<\/strong><br \/>\nA partir de la cat\u00e9gorie U10 : <strong>150,00\u20ac<\/strong><\/p>\n<p>Nous octroyons une r\u00e9duction de 20,00\u20ac sur la cotisation annuelle d\u00e8s le second enfant\u00a0 d&rsquo;une m\u00eame famille.<\/p>\n<p>Tout nouveau joueur aura la possibilit\u00e9 de participer \u00e0 un <strong>maximum de 3 entra\u00eenements<\/strong> avant de s&rsquo;inscrire et de se mettre en ordre de cotisation.<\/p>\n<p>Nous vous rappelons que la plupart des mutuelles remboursent une partie de la cotisation.<br \/>\nDemandez un formulaire \u00e0 votre mutuelle et faites le parvenir au responsable de votre \u00e9quipe.<\/p>\n<p><strong>Toute cotisation doit \u00eatre pay\u00e9e sur le compte\u00a0 bancaire ouvert au nom du R.B. Union Li\u00e8ge ASBL et portant le num\u00e9ro BE96.0014.3259.3505.<\/strong><br \/>\n<strong>Merci de mettre en communication le NOM &#8211; Pr\u00e9nom &#8211; la cat\u00e9gorie ainsi que la mention \u00ab\u00a0cotisation 2022-2023\u00a0\u00bb<\/strong><\/p>\n<p>&nbsp;<\/p>\n","protected":false},"excerpt":{"rendered":"<p>Le prix des cotisations pour la saison 2022-2023 est fix\u00e9 \u00e0 Cat\u00e9gories U6 &#8211; U8 : 100,00\u20ac A partir de la cat\u00e9gorie U10 : 150,00\u20ac Nous octroyons une r\u00e9duction de 20,00\u20ac sur la cotisation annuelle d\u00e8s le second enfant\u00a0 d&rsquo;une m\u00eame famille. Tout nouveau joueur aura la possibilit\u00e9 de participer \u00e0 un maximum de 3 [&hellip;]<\/p>\n","protected":false},"author":301,"featured_media":0,"parent":0,"menu_order":0,"comment_status":"closed","ping_status":"closed","template":"page-templates\/page-free.php","meta":{"footnotes":""},"class_list":["post-30","page","type-page","status-publish","hentry"],"_links":{"self":[{"href":"https:\/\/www.basketclubs.be\/rbul\/wp-json\/wp\/v2\/pages\/30","targetHints":{"allow":["GET"]}}],"collection":[{"href":"https:\/\/www.basketclubs.be\/rbul\/wp-json\/wp\/v2\/pages"}],"about":[{"href":"https:\/\/www.basketclubs.be\/rbul\/wp-json\/wp\/v2\/types\/page"}],"author":[{"embeddable":true,"href":"https:\/\/www.basketclubs.be\/rbul\/wp-json\/wp\/v2\/users\/301"}],"replies":[{"embeddable":true,"href":"https:\/\/www.basketclubs.be\/rbul\/wp-json\/wp\/v2\/comments?post=30"}],"version-history":[{"count":3,"href":"https:\/\/www.basketclubs.be\/rbul\/wp-json\/wp\/v2\/pages\/30\/revisions"}],"predecessor-version":[{"id":313,"href":"https:\/\/www.basketclubs.be\/rbul\/wp-json\/wp\/v2\/pages\/30\/revisions\/313"}],"wp:attachment":[{"href":"https:\/\/www.basketclubs.be\/rbul\/wp-json\/wp\/v2\/media?parent=30"}],"curies":[{"name":"wp","href":"https:\/\/api.w.org\/{rel}","templated":true}]}}