{"id":31,"date":"2022-09-01T12:01:33","date_gmt":"2022-09-01T10:01:33","guid":{"rendered":"https:\/\/www.basketclubs.be\/rbul\/?page_id=31"},"modified":"2022-09-01T12:01:33","modified_gmt":"2022-09-01T10:01:33","slug":"the-club-3","status":"publish","type":"page","link":"https:\/\/www.basketclubs.be\/rbul\/the-club-3\/","title":{"rendered":"Charte"},"content":{"rendered":"<p>Si le basket est avant tout un sport permettant \u00e0 tout un chacun de r\u00e9aliser une activit\u00e9 physique, notre sport est aussi vecteur de valeurs.<\/p>\n<p>Notre club d\u00e9sire promouvoir les valeurs suivantes : le respect de soi et des autres, la pers\u00e9v\u00e9rance, la responsabilit\u00e9, l&rsquo;humilit\u00e9.<\/p>\n<p>Tout en s&rsquo;attachant \u00e0 ce que chaque participant puisse s&rsquo;\u00e9panouir et progresser dans notre sport favori.<\/p>\n<p>Retrouvez l&rsquo;ensemble de notre charte\u00a0 JOUEURS-ENTRAINEURS\/COACHS-PARENTS via la lien ci-dessous :<br \/>\n<a href=\"https:\/\/www.basketclubs.be\/rbul\/wp-content\/uploads\/sites\/188\/2022\/09\/Charte-2022-2023.pdf\" target=\"\">Charte 2022 2023<\/a><\/p>\n","protected":false},"excerpt":{"rendered":"<p>Si le basket est avant tout un sport permettant \u00e0 tout un chacun de r\u00e9aliser une activit\u00e9 physique, notre sport est aussi vecteur de valeurs. Notre club d\u00e9sire promouvoir les valeurs suivantes : le respect de soi et des autres, la pers\u00e9v\u00e9rance, la responsabilit\u00e9, l&rsquo;humilit\u00e9. Tout en s&rsquo;attachant \u00e0 ce que chaque participant puisse s&rsquo;\u00e9panouir [&hellip;]<\/p>\n","protected":false},"author":301,"featured_media":0,"parent":0,"menu_order":0,"comment_status":"closed","ping_status":"closed","template":"page-templates\/page-free.php","meta":{"footnotes":""},"class_list":["post-31","page","type-page","status-publish","hentry"],"_links":{"self":[{"href":"https:\/\/www.basketclubs.be\/rbul\/wp-json\/wp\/v2\/pages\/31","targetHints":{"allow":["GET"]}}],"collection":[{"href":"https:\/\/www.basketclubs.be\/rbul\/wp-json\/wp\/v2\/pages"}],"about":[{"href":"https:\/\/www.basketclubs.be\/rbul\/wp-json\/wp\/v2\/types\/page"}],"author":[{"embeddable":true,"href":"https:\/\/www.basketclubs.be\/rbul\/wp-json\/wp\/v2\/users\/301"}],"replies":[{"embeddable":true,"href":"https:\/\/www.basketclubs.be\/rbul\/wp-json\/wp\/v2\/comments?post=31"}],"version-history":[{"count":2,"href":"https:\/\/www.basketclubs.be\/rbul\/wp-json\/wp\/v2\/pages\/31\/revisions"}],"predecessor-version":[{"id":317,"href":"https:\/\/www.basketclubs.be\/rbul\/wp-json\/wp\/v2\/pages\/31\/revisions\/317"}],"wp:attachment":[{"href":"https:\/\/www.basketclubs.be\/rbul\/wp-json\/wp\/v2\/media?parent=31"}],"curies":[{"name":"wp","href":"https:\/\/api.w.org\/{rel}","templated":true}]}}