{"id":22,"date":"2018-11-15T15:36:51","date_gmt":"2018-11-15T14:36:51","guid":{"rendered":"https:\/\/www.basketclubs.be\/rebctempleuve\/?page_id=22"},"modified":"2025-07-13T18:53:36","modified_gmt":"2025-07-13T16:53:36","slug":"history","status":"publish","type":"page","link":"https:\/\/www.basketclubs.be\/rebctempleuve\/history\/","title":{"rendered":"Historique"},"content":{"rendered":"<h6 style=\"text-align: center\"><span style=\"color: #000080\"><strong><em><u>Les d\u00e9buts de l&rsquo;Essor (par Roger L\u00e9onard)<\/u><\/em><\/strong><\/span><\/h6>\n<p><strong><em>Affili\u00e9 \u00e0 la Jeunesse Rurale en Mai 1948, l&rsquo;Essor fut pr\u00e9sid\u00e9 par Louis Derache ( fils de Maurice Derache, instituteur communal ). Il ne resta gu\u00e8re tr\u00e8s longtemps (un an tout au plus ) au sein du groupe et doit avoir quitt\u00e9 le club \u00e0 l&rsquo;\u00e9poque de l&rsquo;adh\u00e9sion de l&rsquo;Essor \u00e0 la f\u00e9d\u00e9ration de basket dans les ann\u00e9es 50&prime;. G\u00e9rard Derock faisait d\u00e9j\u00e0 au d\u00e9but fonction de secr\u00e9taire-tr\u00e9sorier.<\/em><\/strong><\/p>\n<p><strong><em>En ao\u00fbt 1949, c&rsquo;est M.Gaston Descamp qui a pris la charge de la pr\u00e9sidence. On le cite dans un article de septembre 1949, faisant une allocution \u00e0 l&rsquo;occasion de la cr\u00e9ation de l&rsquo;\u00e9quipe f\u00e9minine et de leur premier match contre Toufflers. La p\u00e9riode de M.Descamp assumant la pr\u00e9sidence de l&rsquo;Essor ne fut pas tr\u00e8s longue.<\/em><\/strong><\/p>\n<p><strong><em>Au mariage de Jacqueline et Marcel qui se sont unis avant moi (en 1952 ), c&rsquo;\u00e9tait le pharmacien Raoul Vernez qui occupait le poste de pr\u00e9sident.<\/em><\/strong><\/p>\n<p><strong><em>Monsieur Virgile Carette, percepteur des postes, qui avait un fils et deux filles d\u00e9fendant les couleurs de l&rsquo;Essor, a aussi tenu le poste de pr\u00e9sident, mais comme tous, tr\u00e8s peu de temps, l&rsquo;espace d&rsquo;un championnat. Si on trouvait dans les archives des commentaires au sujet du match contre Bl\u00e9haries, on pourrait pr\u00e9ciser la date. Donc, \u00e0 cette \u00e9poque, il y avait \u00e9change de ballons sur le terrain et \u00e9change de mots sur la touche entre M.Carette, pr\u00e9sident de l&rsquo;Essor, et le pr\u00e9sident de Bl\u00e9haries, \u00e9galement percepteur des postes. Le spectacle \u00e9tait complet.<\/em><\/strong><\/p>\n<p><strong><em>A ma connaissance, G\u00e9rard Derock a toujours tenu les cordons de la bourse et cela contre vents et mar\u00e9es. Il y eut quelques ann\u00e9es difficiles o\u00f9 des membres du comit\u00e9 firent des reproches \u00e0 G\u00e9rard pour la tenue des finances du club. G\u00e9rard \u00e9tait d&rsquo;une int\u00e9grit\u00e9 exemplaire et coupait un petit sou en quatre. Sa longue pr\u00e9sence et sa fonction au sein du club confirment son \u00e9tat d&rsquo;esprit, son comportement et son d\u00e9vouement. La tenue de ses archives \u00e9tait un autre exemple de la nettet\u00e9 de son travail et d&rsquo;un labeur accompli avec un s\u00e9rieux in\u00e9galable.<\/em><\/strong><\/p>\n<p>&nbsp;<\/p>\n<h5 style=\"text-align: center\"><strong><em>\u00a0<\/em><\/strong><span style=\"color: #000080\"><strong><em>Membres r\u00e9compens\u00e9s, lors du 50\u00e8me, pour leur fid\u00e9lit\u00e9 au club<\/em><\/strong><\/span><\/h5>\n<table width=\"86%\">\n<tbody>\n<tr>\n<td style=\"text-align: center\" width=\"26%\"><\/td>\n<td style=\"text-align: center\" width=\"22%\"><strong>Date de naissance<\/strong><\/td>\n<td style=\"text-align: center\" width=\"26%\"><strong>Fonction<\/strong><\/td>\n<td style=\"text-align: center\" width=\"26%\"><strong>Commentaire<\/strong><\/td>\n<\/tr>\n<tr>\n<td><strong>G\u00e9rard Derock<\/strong><\/td>\n<td>15\/12\/1921<\/td>\n<td>Secr\u00e9taire<\/td>\n<td>D\u00e9c\u00e9d\u00e9 le 24\/07\/1999<\/td>\n<\/tr>\n<tr>\n<td><strong>Jacqueline Dujardin<\/strong><\/td>\n<td>24\/12\/1929<\/td>\n<td>Membre<\/td>\n<td>D\u00e9c\u00e9d\u00e9e le 12\/06\/2017<\/td>\n<\/tr>\n<tr>\n<td><strong>Paulette Gaillet<\/strong><\/td>\n<td>06\/11\/1934<\/td>\n<td>Membre, ex-pr\u00e9sidente<\/td>\n<td>D\u00e9c\u00e9d\u00e9e le 15\/03\/2022<\/td>\n<\/tr>\n<tr>\n<td><strong>Micheline Coppenolle<\/strong><\/td>\n<td>04\/07\/1932<\/td>\n<td>Membre<\/td>\n<td>D\u00e9c\u00e9d\u00e9e le 12\/12\/2019<\/td>\n<\/tr>\n<tr>\n<td><strong>Marcel Coppenolle<\/strong><\/td>\n<td>30\/04\/1930<\/td>\n<td>Affili\u00e9, ex-pr\u00e9sident<\/td>\n<td>D\u00e9c\u00e9d\u00e9 le 18\/08\/2013<\/td>\n<\/tr>\n<\/tbody>\n<\/table>\n<p><strong><em><br \/>\nToutes ces personnes ont \u00e9t\u00e9\u00a0des passionn\u00e9es du basket et ont particip\u00e9, \u00e0 diff\u00e9rents niveaux, \u00e0 la vie du club. <\/em><\/strong><\/p>\n<p>&nbsp;<\/p>\n<hr \/>\n<h5 style=\"text-align: center\"><span style=\"color: #000080\"><strong><em>\u00a0<\/em><\/strong><strong><em>Liste des diff\u00e9rents comit\u00e9s depuis la fondation de l&rsquo;Essor<\/em><\/strong><\/span><\/h5>\n<table width=\"90%\">\n<tbody>\n<tr>\n<td width=\"15%\"><\/td>\n<\/tr>\n<\/tbody>\n<\/table>\n<table width=\"90%\">\n<tbody>\n<tr>\n<td width=\"15%\"><strong>SAISON<\/strong><\/td>\n<td width=\"27%\"><strong>PRESIDENT<\/strong><\/td>\n<td width=\"25%\"><strong>SECRETAIRE<\/strong><\/td>\n<td width=\"30%\"><strong>TRESORIER<\/strong><\/td>\n<\/tr>\n<tr>\n<td width=\"15%\">1948\/1949<\/td>\n<td width=\"27%\">Louis Derache<\/td>\n<td width=\"25%\">G\u00e9rard Derock<\/td>\n<td width=\"30%\">G\u00e9rard Derock<\/td>\n<\/tr>\n<tr>\n<td width=\"15%\">1949\/1950<\/td>\n<td width=\"27%\">Gaston Descamp<\/td>\n<td width=\"25%\">G\u00e9rard Derock<\/td>\n<td width=\"30%\">G\u00e9rard Derock<\/td>\n<\/tr>\n<tr>\n<td width=\"15%\">1950\/1951<\/td>\n<td width=\"27%\">Virgile Carette<\/td>\n<td width=\"25%\">G\u00e9rard Derock<\/td>\n<td width=\"30%\">G\u00e9rard Derock<\/td>\n<\/tr>\n<tr>\n<td width=\"15%\">1951\/1952<\/td>\n<td width=\"27%\">Raoul Vernez<\/td>\n<td width=\"25%\">G\u00e9rard Derock<\/td>\n<td width=\"30%\">G\u00e9rard Derock<\/td>\n<\/tr>\n<tr>\n<td width=\"15%\">1952\/1953<\/td>\n<td width=\"27%\">Raoul Vernez<\/td>\n<td width=\"25%\">G\u00e9rard Derock<\/td>\n<td width=\"30%\">G\u00e9rard Derock<\/td>\n<\/tr>\n<tr>\n<td width=\"15%\">1953\/1954<\/td>\n<td width=\"27%\">Raoul Vernez<\/td>\n<td width=\"25%\">G\u00e9rard Derock<\/td>\n<td width=\"30%\">G\u00e9rard Derock<\/td>\n<\/tr>\n<tr>\n<td width=\"15%\">1954\/1955<\/td>\n<td width=\"27%\">Raoul Vernez<\/td>\n<td width=\"25%\">G\u00e9rard Derock<\/td>\n<td width=\"30%\">G\u00e9rard Derock<\/td>\n<\/tr>\n<tr>\n<td width=\"15%\">1955\/1956<\/td>\n<td width=\"27%\">Raoul Vernez<\/td>\n<td width=\"25%\">G\u00e9rard Derock<\/td>\n<td width=\"30%\">G\u00e9rard Derock<\/td>\n<\/tr>\n<tr>\n<td width=\"15%\">1956\/1957<\/td>\n<td width=\"27%\">Raoul Vernez<\/td>\n<td width=\"25%\">G\u00e9rard Derock<\/td>\n<td width=\"30%\">G\u00e9rard Derock<\/td>\n<\/tr>\n<tr>\n<td width=\"15%\">1957\/1958<\/td>\n<td width=\"27%\">Raoul Vernez<\/td>\n<td width=\"25%\">G\u00e9rard Derock<\/td>\n<td width=\"30%\">G\u00e9rard Derock<\/td>\n<\/tr>\n<tr>\n<td width=\"15%\">1958\/1959<\/td>\n<td width=\"27%\">Raoul Vernez<\/td>\n<td width=\"25%\">G\u00e9rard Derock<\/td>\n<td width=\"30%\">G\u00e9rard Derock<\/td>\n<\/tr>\n<tr>\n<td width=\"15%\">1959\/1960<\/td>\n<td width=\"27%\">Raoul Vernez<\/td>\n<td width=\"25%\">G\u00e9rard Derock<\/td>\n<td width=\"30%\">G\u00e9rard Derock<\/td>\n<\/tr>\n<tr>\n<td width=\"15%\">1960\/1961<\/td>\n<td width=\"27%\">Raoul Vernez<\/td>\n<td width=\"25%\">G\u00e9rard Derock<\/td>\n<td width=\"30%\">G\u00e9rard Derock<\/td>\n<\/tr>\n<tr>\n<td width=\"15%\">1961\/1962<\/td>\n<td width=\"27%\">Marcel Six<\/td>\n<td width=\"25%\">G\u00e9rard Derock<\/td>\n<td width=\"30%\">M-H Constantin<\/td>\n<\/tr>\n<tr>\n<td width=\"15%\">1962\/1963<\/td>\n<td width=\"27%\">Marcel Six<\/td>\n<td width=\"25%\">G\u00e9rard Derock<\/td>\n<td width=\"30%\">M-H Constantin<\/td>\n<\/tr>\n<tr>\n<td width=\"15%\">1963\/1964<\/td>\n<td width=\"27%\">Richard Tulippe<\/td>\n<td width=\"25%\">G\u00e9rard Derock<\/td>\n<td width=\"30%\">Jean Schoore<\/td>\n<\/tr>\n<tr>\n<td width=\"15%\">1964\/1965<\/td>\n<td width=\"27%\">Richard Tulippe<\/td>\n<td width=\"25%\">G\u00e9rard Derock<\/td>\n<td width=\"30%\">Jean Schoore<\/td>\n<\/tr>\n<tr>\n<td width=\"15%\">1965\/1966<\/td>\n<td width=\"27%\">Richard Tulippe<\/td>\n<td width=\"25%\">G\u00e9rard Derock<\/td>\n<td width=\"30%\">Jean Schoore<\/td>\n<\/tr>\n<tr>\n<td width=\"15%\">1966\/1967<\/td>\n<td width=\"27%\">Richard Tulippe<\/td>\n<td width=\"25%\">G\u00e9rard Derock<\/td>\n<td width=\"30%\">Jean Schoore<\/td>\n<\/tr>\n<tr>\n<td width=\"15%\">1967\/1968<\/td>\n<td width=\"27%\">Richard Tulippe<\/td>\n<td width=\"25%\">G\u00e9rard Derock<\/td>\n<td width=\"30%\">Jean Schoore<\/td>\n<\/tr>\n<tr>\n<td width=\"15%\">1968\/1969<\/td>\n<td width=\"27%\">Richard Tulippe<\/td>\n<td width=\"25%\">G\u00e9rard Derock<\/td>\n<td width=\"30%\">Jean Schoore<\/td>\n<\/tr>\n<tr>\n<td width=\"15%\">1969\/1970<\/td>\n<td width=\"27%\">Richard Tulippe<\/td>\n<td width=\"25%\">G\u00e9rard Derock<\/td>\n<td width=\"30%\">Jean Schoore<\/td>\n<\/tr>\n<tr>\n<td width=\"15%\">1970\/1971<\/td>\n<td width=\"27%\">Richard Tulippe<\/td>\n<td width=\"25%\">G\u00e9rard Derock<\/td>\n<td width=\"30%\">Jean Schoore<\/td>\n<\/tr>\n<tr>\n<td width=\"15%\">1971\/1972<\/td>\n<td width=\"27%\">Richard Tulippe<\/td>\n<td width=\"25%\">G\u00e9rard Derock<\/td>\n<td width=\"30%\">Jean Schoore<\/td>\n<\/tr>\n<tr>\n<td width=\"15%\">1972\/1973<\/td>\n<td width=\"27%\">Richard Tulippe<\/td>\n<td width=\"25%\">G\u00e9rard Derock<\/td>\n<td width=\"30%\">Jo\u00eblle Coppenolle<\/td>\n<\/tr>\n<tr>\n<td width=\"15%\">1973\/1974<\/td>\n<td width=\"27%\">Richard Tulippe<\/td>\n<td width=\"25%\">G\u00e9rard Derock<\/td>\n<td width=\"30%\">Jo\u00eblle Coppenolle<\/td>\n<\/tr>\n<tr>\n<td width=\"15%\">1974\/1975<\/td>\n<td width=\"27%\">Richard Tulippe<\/td>\n<td width=\"25%\">G\u00e9rard Derock<\/td>\n<td width=\"30%\">Jo\u00eblle Coppenolle<\/td>\n<\/tr>\n<tr>\n<td width=\"15%\">1975\/1976<\/td>\n<td width=\"27%\">Richard Tulippe<\/td>\n<td width=\"25%\">G\u00e9rard Derock<\/td>\n<td width=\"30%\">Ronald Lezy<\/td>\n<\/tr>\n<tr>\n<td width=\"15%\">1976\/1977<\/td>\n<td width=\"27%\">Richard Tulippe<\/td>\n<td width=\"25%\">G\u00e9rard Derock<\/td>\n<td width=\"30%\">Ronald Lezy<\/td>\n<\/tr>\n<tr>\n<td width=\"15%\">1977\/1978<\/td>\n<td width=\"27%\">Marcel Coppenolle<\/td>\n<td width=\"25%\">G\u00e9rard Derock<\/td>\n<td width=\"30%\">Francine Deschamps<\/td>\n<\/tr>\n<tr>\n<td width=\"15%\">1978\/1979<\/td>\n<td width=\"27%\">Marcel Coppenolle<\/td>\n<td width=\"25%\">G\u00e9rard Derock<\/td>\n<td width=\"30%\">Francine Deschamps<\/td>\n<\/tr>\n<tr>\n<td width=\"15%\">1979\/1980<\/td>\n<td width=\"27%\">Yves Dorchy<\/td>\n<td width=\"25%\">G\u00e9rard Derock<\/td>\n<td width=\"30%\">Francine Deschamps<\/td>\n<\/tr>\n<tr>\n<td width=\"15%\">1980\/1981<\/td>\n<td width=\"27%\">Yves Dorchy<\/td>\n<td width=\"25%\">G\u00e9rard Derock<\/td>\n<td width=\"30%\">Francine Deschamps<\/td>\n<\/tr>\n<tr>\n<td width=\"15%\">1981\/1982<\/td>\n<td width=\"27%\">Yves Dorchy<\/td>\n<td width=\"25%\">G\u00e9rard Derock<\/td>\n<td width=\"30%\">Marc Deman<\/td>\n<\/tr>\n<tr>\n<td width=\"15%\">1982\/1983<\/td>\n<td width=\"27%\">Yves Dorchy<\/td>\n<td width=\"25%\">G\u00e9rard Derock<\/td>\n<td width=\"30%\">Marc Deman<\/td>\n<\/tr>\n<tr>\n<td width=\"15%\">1983\/1984<\/td>\n<td width=\"27%\">Marc Geers<\/td>\n<td width=\"25%\">G\u00e9rard Derock<\/td>\n<td width=\"30%\">Marc Deman<\/td>\n<\/tr>\n<tr>\n<td width=\"15%\">1984\/1985<\/td>\n<td width=\"27%\">Marc Geers<\/td>\n<td width=\"25%\">G\u00e9rard Derock<\/td>\n<td width=\"30%\">Marc Deman<\/td>\n<\/tr>\n<tr>\n<td width=\"15%\">1985\/1986<\/td>\n<td width=\"27%\">M.Geers (d\u00e9mission)<\/td>\n<td width=\"25%\">G\u00e9rard Derock<\/td>\n<td width=\"30%\">Marc Deman<\/td>\n<\/tr>\n<tr>\n<td width=\"15%\">1986\/1987<\/td>\n<td width=\"27%\">______<\/td>\n<td width=\"25%\">G\u00e9rard Derock<\/td>\n<td width=\"30%\">Marc Deman<\/td>\n<\/tr>\n<tr>\n<td width=\"15%\">1987\/1988<\/td>\n<td width=\"27%\">Jacques Ansiaux<\/td>\n<td width=\"25%\">G\u00e9rard Derock<\/td>\n<td width=\"30%\">Marc Deman<\/td>\n<\/tr>\n<tr>\n<td width=\"15%\">1988\/1989<\/td>\n<td width=\"27%\">Marc Deman<\/td>\n<td width=\"25%\">G\u00e9rard Derock<\/td>\n<td width=\"30%\">M-Andr\u00e9e Plancquaert<\/td>\n<\/tr>\n<tr>\n<td width=\"15%\">1989\/1990<\/td>\n<td width=\"27%\">Marc Deman<\/td>\n<td width=\"25%\">G\u00e9rard Derock<\/td>\n<td width=\"30%\">M-Andr\u00e9e Plancquaert<\/td>\n<\/tr>\n<tr>\n<td width=\"15%\">1990\/1991<\/td>\n<td width=\"27%\">Marc Deman<\/td>\n<td width=\"25%\">G\u00e9rard Derock<\/td>\n<td width=\"30%\">Myriam Charvet<\/td>\n<\/tr>\n<tr>\n<td width=\"15%\">1991\/1992<\/td>\n<td width=\"27%\">Marc Deman<\/td>\n<td width=\"25%\">G\u00e9rard Derock<\/td>\n<td width=\"30%\">Myriam Charvet<\/td>\n<\/tr>\n<tr>\n<td width=\"15%\">1992\/1993<\/td>\n<td width=\"27%\">Walter Tomme<\/td>\n<td width=\"25%\">G\u00e9rard Derock<\/td>\n<td width=\"30%\">Marc Deman<\/td>\n<\/tr>\n<tr>\n<td width=\"15%\">1993\/1994<\/td>\n<td width=\"27%\">Walter Tomme<\/td>\n<td width=\"25%\">Christian Manche<\/td>\n<td width=\"30%\">Marc Deman<\/td>\n<\/tr>\n<tr>\n<td width=\"15%\">1994\/1995<\/td>\n<td width=\"27%\">Walter Tomme<\/td>\n<td width=\"25%\">Christian Manche<\/td>\n<td width=\"30%\">Myriam Charvet<\/td>\n<\/tr>\n<tr>\n<td width=\"15%\">1995\/1996<\/td>\n<td width=\"27%\">Walter Tomme<\/td>\n<td width=\"25%\">Marc Deman<\/td>\n<td width=\"30%\">Myriam Charvet<\/td>\n<\/tr>\n<tr>\n<td width=\"15%\">1996\/1997<\/td>\n<td width=\"27%\">Walter Tomme<\/td>\n<td width=\"25%\">Marc Deman<\/td>\n<td width=\"30%\">Jocelyne Meurisse<\/td>\n<\/tr>\n<tr>\n<td width=\"15%\">1997\/1998<\/td>\n<td width=\"27%\">Walter Tomme<\/td>\n<td width=\"25%\">Marc Deman<\/td>\n<td width=\"30%\">Serge Durez<\/td>\n<\/tr>\n<tr>\n<td width=\"15%\">1998\/1999<\/td>\n<td width=\"27%\">Walter Tomme<\/td>\n<td width=\"25%\">Jacques Berthe<\/td>\n<td width=\"30%\">Serge Durez<\/td>\n<\/tr>\n<tr>\n<td width=\"15%\">1999\/2000<\/td>\n<td width=\"27%\">Walter Tomme<\/td>\n<td width=\"25%\">Fran\u00e7ois Agache<\/td>\n<td width=\"30%\">Serge Durez<\/td>\n<\/tr>\n<tr>\n<td width=\"15%\">2000\/2001<\/td>\n<td width=\"27%\">Jocelyne Meurisse<\/td>\n<td width=\"25%\">Fran\u00e7ois Agache<\/td>\n<td width=\"30%\">P-Laurent Tangle<\/td>\n<\/tr>\n<tr>\n<td width=\"15%\">2001\/2002<\/td>\n<td width=\"27%\">Jocelyne Meurisse<\/td>\n<td width=\"25%\">Fran\u00e7ois Agache<\/td>\n<td width=\"30%\">P-Laurent Tangle<\/td>\n<\/tr>\n<tr>\n<td width=\"15%\">2002\/2003<\/td>\n<td width=\"27%\">Jocelyne Meurisse<\/td>\n<td width=\"25%\">Fran\u00e7ois Agache<\/td>\n<td width=\"30%\">Annie Delannay<\/td>\n<\/tr>\n<tr>\n<td width=\"15%\">2003\/2004<\/td>\n<td width=\"27%\">Jocelyne Meurisse<\/td>\n<td width=\"25%\">Christian Manche<\/td>\n<td width=\"30%\">Annie Delannay<\/td>\n<\/tr>\n<tr>\n<td width=\"15%\">2004\/2005<\/td>\n<td width=\"27%\">Fran\u00e7ois Agache<\/td>\n<td width=\"25%\">Christian Manche<\/td>\n<td width=\"30%\">Annie Delannay<\/td>\n<\/tr>\n<tr>\n<td width=\"15%\">2005\/2006<\/td>\n<td width=\"27%\">Fran\u00e7ois Agache<\/td>\n<td width=\"25%\">Christian Manche<\/td>\n<td width=\"30%\">Annie Delannay<\/td>\n<\/tr>\n<tr>\n<td width=\"15%\">2006\/2007<\/td>\n<td width=\"27%\">Fran\u00e7ois Agache<\/td>\n<td width=\"25%\">Christian Manche<\/td>\n<td width=\"30%\">Annie Delannay<\/td>\n<\/tr>\n<tr>\n<td width=\"15%\">2007\/2008<\/td>\n<td width=\"27%\">Fran\u00e7ois Agache<\/td>\n<td width=\"25%\">Christian Manche<\/td>\n<td width=\"30%\">Annie Delannay<\/td>\n<\/tr>\n<tr>\n<td width=\"15%\">2008\/2009<\/td>\n<td width=\"27%\">Fran\u00e7ois Agache<\/td>\n<td width=\"25%\">Christophe Deman<\/td>\n<td width=\"30%\">Annie Delannay<\/td>\n<\/tr>\n<tr>\n<td width=\"15%\">2009\/2010<\/td>\n<td width=\"27%\">Fran\u00e7ois Agache<\/td>\n<td width=\"25%\">Christophe Deman<\/td>\n<td width=\"30%\">Annie Delannay<\/td>\n<\/tr>\n<tr>\n<td width=\"15%\">2010\/2011<\/td>\n<td width=\"27%\">Fran\u00e7ois Agache<\/td>\n<td width=\"25%\">Christophe Deman<\/td>\n<td width=\"30%\">Annie Delannay<\/td>\n<\/tr>\n<tr>\n<td width=\"15%\">2011\/2012<\/td>\n<td width=\"27%\">Fran\u00e7ois Agache<\/td>\n<td width=\"25%\">Christophe Deman<\/td>\n<td width=\"30%\">Annie Delannay<\/td>\n<\/tr>\n<tr>\n<td width=\"15%\">2012\/2013<\/td>\n<td width=\"27%\">Christophe Deman<\/td>\n<td width=\"25%\">Ga\u00ebtan Bauts<\/td>\n<td width=\"30%\">Annie Delannay<\/td>\n<\/tr>\n<tr>\n<td width=\"15%\">2013\/2014<\/td>\n<td width=\"27%\">Christophe Deman<\/td>\n<td width=\"25%\">Ga\u00ebtan Bauts<\/td>\n<td width=\"30%\">Annie Delannay<\/td>\n<\/tr>\n<tr>\n<td width=\"15%\">2014\/2015<\/td>\n<td width=\"27%\">Christophe Deman<\/td>\n<td width=\"25%\">Ga\u00ebtan Bauts<\/td>\n<td width=\"30%\">Annie Delannay<\/td>\n<\/tr>\n<tr>\n<td width=\"15%\">2015\/2016<\/td>\n<td width=\"27%\">Christophe Deman<\/td>\n<td width=\"25%\">Ga\u00ebtan Bauts<\/td>\n<td width=\"30%\">Annie Delannay<\/td>\n<\/tr>\n<tr>\n<td width=\"15%\">2016\/2017<\/td>\n<td width=\"27%\">Christophe Deman<\/td>\n<td width=\"25%\">Ga\u00ebtan Bauts<\/td>\n<td width=\"30%\">Annie Delannay<\/td>\n<\/tr>\n<tr>\n<td width=\"15%\">2017\/2018<\/td>\n<td width=\"27%\">Christophe Deman<\/td>\n<td width=\"25%\">Ga\u00ebtan Bauts<\/td>\n<td width=\"30%\">Annie Delannay<\/td>\n<\/tr>\n<tr>\n<td width=\"15%\">2018\/2019<\/td>\n<td width=\"27%\">Christophe Deman<\/td>\n<td width=\"25%\">Ga\u00ebtan Bauts<\/td>\n<td width=\"30%\">Annie Delannay<\/td>\n<\/tr>\n<tr>\n<td width=\"15%\">2019\/2020<\/td>\n<td width=\"27%\">Christophe Deman<\/td>\n<td width=\"25%\">Ga\u00ebtan Bauts<\/td>\n<td width=\"30%\">Annie Delannay<\/td>\n<\/tr>\n<tr>\n<td width=\"15%\">2020\/2021<\/td>\n<td width=\"27%\">Christophe Deman<\/td>\n<td width=\"25%\">Ga\u00ebtan Bauts<\/td>\n<td width=\"30%\">Annie Delannay<\/td>\n<\/tr>\n<tr>\n<td width=\"15%\">2021\/2022<\/td>\n<td width=\"27%\">Christophe Deman<\/td>\n<td width=\"25%\">Ga\u00ebtan Bauts<\/td>\n<td width=\"30%\">Annie Delannay<\/td>\n<\/tr>\n<tr>\n<td width=\"15%\">2022\/2023<\/td>\n<td width=\"27%\">Christophe Deman<\/td>\n<td width=\"25%\">Ga\u00ebtan Bauts<\/td>\n<td width=\"30%\">Annie Delannay<\/td>\n<\/tr>\n<tr>\n<td width=\"15%\">2023\/2024<\/td>\n<td width=\"27%\">Christophe Deman<\/td>\n<td width=\"25%\">Ga\u00ebtan Bauts<\/td>\n<td width=\"30%\">Annie Delannay<\/td>\n<\/tr>\n<tr>\n<td width=\"15%\">2024\/2025<\/td>\n<td width=\"27%\">Christophe Deman<\/td>\n<td width=\"25%\">Ga\u00ebtan Bauts<\/td>\n<td width=\"30%\">Annie Delannay<\/td>\n<\/tr>\n<tr>\n<td width=\"15%\">2025\/2026<\/td>\n<td width=\"27%\">\u00a0Christophe Deman<\/td>\n<td width=\"25%\">\u00a0Ga\u00ebtan Bauts<\/td>\n<td width=\"30%\">\u00a0Annie Delannay<\/td>\n<\/tr>\n<\/tbody>\n<\/table>\n<p>&nbsp;<\/p>\n","protected":false},"excerpt":{"rendered":"<p>Les d\u00e9buts de l&rsquo;Essor (par Roger L\u00e9onard) Affili\u00e9 \u00e0 la Jeunesse Rurale en Mai 1948, l&rsquo;Essor fut pr\u00e9sid\u00e9 par Louis Derache ( fils de Maurice Derache, instituteur communal ). Il ne resta gu\u00e8re tr\u00e8s longtemps (un an tout au plus ) au sein du groupe et doit avoir quitt\u00e9 le club \u00e0 l&rsquo;\u00e9poque de l&rsquo;adh\u00e9sion [&hellip;]<\/p>\n","protected":false},"author":237,"featured_media":0,"parent":0,"menu_order":0,"comment_status":"closed","ping_status":"closed","template":"page-templates\/page-history.php","meta":{"footnotes":""},"class_list":["post-22","page","type-page","status-publish","hentry"],"_links":{"self":[{"href":"https:\/\/www.basketclubs.be\/rebctempleuve\/wp-json\/wp\/v2\/pages\/22","targetHints":{"allow":["GET"]}}],"collection":[{"href":"https:\/\/www.basketclubs.be\/rebctempleuve\/wp-json\/wp\/v2\/pages"}],"about":[{"href":"https:\/\/www.basketclubs.be\/rebctempleuve\/wp-json\/wp\/v2\/types\/page"}],"author":[{"embeddable":true,"href":"https:\/\/www.basketclubs.be\/rebctempleuve\/wp-json\/wp\/v2\/users\/237"}],"replies":[{"embeddable":true,"href":"https:\/\/www.basketclubs.be\/rebctempleuve\/wp-json\/wp\/v2\/comments?post=22"}],"version-history":[{"count":19,"href":"https:\/\/www.basketclubs.be\/rebctempleuve\/wp-json\/wp\/v2\/pages\/22\/revisions"}],"predecessor-version":[{"id":2168,"href":"https:\/\/www.basketclubs.be\/rebctempleuve\/wp-json\/wp\/v2\/pages\/22\/revisions\/2168"}],"wp:attachment":[{"href":"https:\/\/www.basketclubs.be\/rebctempleuve\/wp-json\/wp\/v2\/media?parent=22"}],"curies":[{"name":"wp","href":"https:\/\/api.w.org\/{rel}","templated":true}]}}