{"id":23,"date":"2018-11-16T08:32:20","date_gmt":"2018-11-16T07:32:20","guid":{"rendered":"https:\/\/www.basketclubs.be\/rebctempleuve\/?page_id=23"},"modified":"2023-07-15T17:22:32","modified_gmt":"2023-07-15T15:22:32","slug":"records","status":"publish","type":"page","link":"https:\/\/www.basketclubs.be\/rebctempleuve\/records\/","title":{"rendered":"Palmar\u00e8s"},"content":{"rendered":"<h4><strong>SAISON 2009 &#8211; 2010<\/strong><\/h4>\n<h5>Hommes P2 et P4:<\/h5>\n<p><img loading=\"lazy\" decoding=\"async\" class=\"alignnone size-medium wp-image-122\" src=\"https:\/\/www.basketclubs.be\/rebctempleuve\/wp-content\/uploads\/sites\/159\/2018\/11\/champions-300x210.jpg\" alt=\"\" width=\"300\" height=\"210\" srcset=\"https:\/\/www.basketclubs.be\/rebctempleuve\/wp-content\/uploads\/sites\/159\/2018\/11\/champions-300x210.jpg 300w, https:\/\/www.basketclubs.be\/rebctempleuve\/wp-content\/uploads\/sites\/159\/2018\/11\/champions-768x538.jpg 768w, https:\/\/www.basketclubs.be\/rebctempleuve\/wp-content\/uploads\/sites\/159\/2018\/11\/champions-1024x718.jpg 1024w, https:\/\/www.basketclubs.be\/rebctempleuve\/wp-content\/uploads\/sites\/159\/2018\/11\/champions.jpg 1150w\" sizes=\"auto, (max-width: 300px) 100vw, 300px\" \/><\/p>\n<h6>Apr\u00e8s une saison pleine de rebondissements, nos \u00e9quipes P2 et P4\u00a0masculines d\u00e9crochaient le titre.<\/h6>\n<p>&nbsp;<\/p>\n<h4><strong>SAISON 2011 &#8211; 2012<\/strong><\/h4>\n<h5><strong>Dames<\/strong> <strong>P2 : <\/strong><\/h5>\n<p><img loading=\"lazy\" decoding=\"async\" class=\"alignnone size-medium wp-image-125\" src=\"https:\/\/www.basketclubs.be\/rebctempleuve\/wp-content\/uploads\/sites\/159\/2018\/11\/tp2dames-300x184.jpg\" alt=\"\" width=\"300\" height=\"184\" srcset=\"https:\/\/www.basketclubs.be\/rebctempleuve\/wp-content\/uploads\/sites\/159\/2018\/11\/tp2dames-300x184.jpg 300w, https:\/\/www.basketclubs.be\/rebctempleuve\/wp-content\/uploads\/sites\/159\/2018\/11\/tp2dames.jpg 675w\" sizes=\"auto, (max-width: 300px) 100vw, 300px\" \/><\/p>\n<h6>Groupe qui, par son application et sa coh\u00e9sion, permet \u00e0 nos couleurs de rejoindre l&rsquo;\u00e9lite provinciale.<\/h6>\n<h6>Bravo les filles et que votre futur vous permette de briller \u00e0 nouveau.<\/h6>\n<p>&nbsp;<\/p>\n<h5>Hommes P1 :<\/h5>\n<p><img loading=\"lazy\" decoding=\"async\" class=\"alignnone size-medium wp-image-124\" src=\"https:\/\/www.basketclubs.be\/rebctempleuve\/wp-content\/uploads\/sites\/159\/2018\/11\/pop1rebct-300x204.jpg\" alt=\"\" width=\"300\" height=\"204\" srcset=\"https:\/\/www.basketclubs.be\/rebctempleuve\/wp-content\/uploads\/sites\/159\/2018\/11\/pop1rebct-300x204.jpg 300w, https:\/\/www.basketclubs.be\/rebctempleuve\/wp-content\/uploads\/sites\/159\/2018\/11\/pop1rebct.jpg 608w\" sizes=\"auto, (max-width: 300px) 100vw, 300px\" \/><\/p>\n<h6>Continuant sur sa lanc\u00e9e,\u00a0 l&rsquo;\u00e9quipe fanion masculine a de nouveau fait vibrer le chaudron Templeuvois pour remporter le tour final.<\/h6>\n<h6>Bravo, quel exemple pour nos jeunes.<\/h6>\n<p>&nbsp;<\/p>\n<h4><strong>SAISON 2022 &#8211; 2023<\/strong><\/h4>\n<h5><strong>Dames<\/strong> <strong>P1 : <\/strong><\/h5>\n<h5><strong><img loading=\"lazy\" decoding=\"async\" class=\"alignnone  wp-image-2020\" src=\"https:\/\/www.basketclubs.be\/rebctempleuve\/wp-content\/uploads\/sites\/159\/2023\/07\/team-300x172.jpg\" alt=\"\" width=\"457\" height=\"262\" srcset=\"https:\/\/www.basketclubs.be\/rebctempleuve\/wp-content\/uploads\/sites\/159\/2023\/07\/team-300x172.jpg 300w, https:\/\/www.basketclubs.be\/rebctempleuve\/wp-content\/uploads\/sites\/159\/2023\/07\/team-768x441.jpg 768w, https:\/\/www.basketclubs.be\/rebctempleuve\/wp-content\/uploads\/sites\/159\/2023\/07\/team-1024x588.jpg 1024w, https:\/\/www.basketclubs.be\/rebctempleuve\/wp-content\/uploads\/sites\/159\/2023\/07\/team.jpg 1300w\" sizes=\"auto, (max-width: 457px) 100vw, 457px\" \/><\/strong><\/h5>\n<h6>\u00a0Vainqueur des play-offs et mont\u00e9e en R\u00e9gionale 2.<\/h6>\n","protected":false},"excerpt":{"rendered":"<p>SAISON 2009 &#8211; 2010 Hommes P2 et P4: Apr\u00e8s une saison pleine de rebondissements, nos \u00e9quipes P2 et P4\u00a0masculines d\u00e9crochaient le titre. &nbsp; SAISON 2011 &#8211; 2012 Dames P2 : Groupe qui, par son application et sa coh\u00e9sion, permet \u00e0 nos couleurs de rejoindre l&rsquo;\u00e9lite provinciale. Bravo les filles et que votre futur vous permette [&hellip;]<\/p>\n","protected":false},"author":237,"featured_media":0,"parent":0,"menu_order":0,"comment_status":"closed","ping_status":"closed","template":"page-templates\/page-records.php","meta":{"footnotes":""},"class_list":["post-23","page","type-page","status-publish","hentry"],"_links":{"self":[{"href":"https:\/\/www.basketclubs.be\/rebctempleuve\/wp-json\/wp\/v2\/pages\/23","targetHints":{"allow":["GET"]}}],"collection":[{"href":"https:\/\/www.basketclubs.be\/rebctempleuve\/wp-json\/wp\/v2\/pages"}],"about":[{"href":"https:\/\/www.basketclubs.be\/rebctempleuve\/wp-json\/wp\/v2\/types\/page"}],"author":[{"embeddable":true,"href":"https:\/\/www.basketclubs.be\/rebctempleuve\/wp-json\/wp\/v2\/users\/237"}],"replies":[{"embeddable":true,"href":"https:\/\/www.basketclubs.be\/rebctempleuve\/wp-json\/wp\/v2\/comments?post=23"}],"version-history":[{"count":9,"href":"https:\/\/www.basketclubs.be\/rebctempleuve\/wp-json\/wp\/v2\/pages\/23\/revisions"}],"predecessor-version":[{"id":2021,"href":"https:\/\/www.basketclubs.be\/rebctempleuve\/wp-json\/wp\/v2\/pages\/23\/revisions\/2021"}],"wp:attachment":[{"href":"https:\/\/www.basketclubs.be\/rebctempleuve\/wp-json\/wp\/v2\/media?parent=23"}],"curies":[{"name":"wp","href":"https:\/\/api.w.org\/{rel}","templated":true}]}}