{"id":25,"date":"2018-11-15T15:50:55","date_gmt":"2018-11-15T14:50:55","guid":{"rendered":"https:\/\/www.basketclubs.be\/rebctempleuve\/?page_id=25"},"modified":"2026-02-22T09:48:46","modified_gmt":"2026-02-22T08:48:46","slug":"coaches","status":"publish","type":"page","link":"https:\/\/www.basketclubs.be\/rebctempleuve\/coaches\/","title":{"rendered":"Entra\u00eeneurs"},"content":{"rendered":"<p>\u00c9quipes de jeunes inscrites pour la saison 2025-2026 :<\/p>\n<pre>Babys            : joueurs(ses) n\u00e9(e)s en 2020-2021\r\nU8 (Pr\u00e9-poussins): joueurs(ses) n\u00e9(e)s en 2018-2019\r\nU10 (Poussins)   : joueurs(ses) n\u00e9(e)s en 2016-2017\r\nU12 (Benjamins)  : joueurs(ses) n\u00e9(e)s en 2014-2015\r\nU14 (Pupilles)   : joueurs n\u00e9s en 2012-2013\r\nU16 (Minimes)    : joueurs(ses) n\u00e9(e)s en 2010-2011\r\nU18 (Cadets)     : joueurs n\u00e9s en 2008-2009\r\nU19 (Cadettes)   : joueuses n\u00e9es en 2007-2008-2009\r\n<\/pre>\n<p>&nbsp;<\/p>\n","protected":false},"excerpt":{"rendered":"<p>\u00c9quipes de jeunes inscrites pour la saison 2025-2026 : Babys : joueurs(ses) n\u00e9(e)s en 2020-2021 U8 (Pr\u00e9-poussins): joueurs(ses) n\u00e9(e)s en 2018-2019 U10 (Poussins) : joueurs(ses) n\u00e9(e)s en 2016-2017 U12 (Benjamins) : joueurs(ses) n\u00e9(e)s en 2014-2015 U14 (Pupilles) : joueurs n\u00e9s en 2012-2013 U16 (Minimes) : joueurs(ses) n\u00e9(e)s en 2010-2011 U18 (Cadets) : joueurs n\u00e9s en [&hellip;]<\/p>\n","protected":false},"author":237,"featured_media":0,"parent":0,"menu_order":0,"comment_status":"closed","ping_status":"closed","template":"","meta":{"footnotes":""},"class_list":["post-25","page","type-page","status-publish","hentry"],"_links":{"self":[{"href":"https:\/\/www.basketclubs.be\/rebctempleuve\/wp-json\/wp\/v2\/pages\/25","targetHints":{"allow":["GET"]}}],"collection":[{"href":"https:\/\/www.basketclubs.be\/rebctempleuve\/wp-json\/wp\/v2\/pages"}],"about":[{"href":"https:\/\/www.basketclubs.be\/rebctempleuve\/wp-json\/wp\/v2\/types\/page"}],"author":[{"embeddable":true,"href":"https:\/\/www.basketclubs.be\/rebctempleuve\/wp-json\/wp\/v2\/users\/237"}],"replies":[{"embeddable":true,"href":"https:\/\/www.basketclubs.be\/rebctempleuve\/wp-json\/wp\/v2\/comments?post=25"}],"version-history":[{"count":42,"href":"https:\/\/www.basketclubs.be\/rebctempleuve\/wp-json\/wp\/v2\/pages\/25\/revisions"}],"predecessor-version":[{"id":2242,"href":"https:\/\/www.basketclubs.be\/rebctempleuve\/wp-json\/wp\/v2\/pages\/25\/revisions\/2242"}],"wp:attachment":[{"href":"https:\/\/www.basketclubs.be\/rebctempleuve\/wp-json\/wp\/v2\/media?parent=25"}],"curies":[{"name":"wp","href":"https:\/\/api.w.org\/{rel}","templated":true}]}}