{"id":28,"date":"2018-11-15T15:57:51","date_gmt":"2018-11-15T14:57:51","guid":{"rendered":"https:\/\/www.basketclubs.be\/rebctempleuve\/?page_id=28"},"modified":"2025-07-14T14:55:32","modified_gmt":"2025-07-14T12:55:32","slug":"sport-centers","status":"publish","type":"page","link":"https:\/\/www.basketclubs.be\/rebctempleuve\/sport-centers\/","title":{"rendered":"Salles"},"content":{"rendered":"<p>\u00c9tant donn\u00e9 les travaux actuellement en cours au sein de notre salle de Templeuve (SATTA), nous sommes malheureusement contraints de d\u00e9m\u00e9nager temporairement au sein d\u2019autres infrastructures voisines.<br \/>\nLeur taux d\u2019occupation \u00e9tant d\u00e9j\u00e0 fort \u00e9lev\u00e9, nous devons ainsi multiplier les diff\u00e9rentes salles.<\/p>\n<p>Ainsi, les matchs se d\u00e9rouleront au Pas-du-Roc \u00e0 Vaulx ou au hall des sports de Kain.<\/p>\n<p>Les entra\u00eenements, quant \u00e0 eux, sont r\u00e9partis dans 7 salles diff\u00e9rentes.<\/p>\n","protected":false},"excerpt":{"rendered":"<p>\u00c9tant donn\u00e9 les travaux actuellement en cours au sein de notre salle de Templeuve (SATTA), nous sommes malheureusement contraints de d\u00e9m\u00e9nager temporairement au sein d\u2019autres infrastructures voisines. Leur taux d\u2019occupation \u00e9tant d\u00e9j\u00e0 fort \u00e9lev\u00e9, nous devons ainsi multiplier les diff\u00e9rentes salles. Ainsi, les matchs se d\u00e9rouleront au Pas-du-Roc \u00e0 Vaulx ou au hall des sports [&hellip;]<\/p>\n","protected":false},"author":237,"featured_media":0,"parent":0,"menu_order":0,"comment_status":"closed","ping_status":"closed","template":"page-templates\/page-sport-centers.php","meta":{"footnotes":""},"class_list":["post-28","page","type-page","status-publish","hentry"],"_links":{"self":[{"href":"https:\/\/www.basketclubs.be\/rebctempleuve\/wp-json\/wp\/v2\/pages\/28","targetHints":{"allow":["GET"]}}],"collection":[{"href":"https:\/\/www.basketclubs.be\/rebctempleuve\/wp-json\/wp\/v2\/pages"}],"about":[{"href":"https:\/\/www.basketclubs.be\/rebctempleuve\/wp-json\/wp\/v2\/types\/page"}],"author":[{"embeddable":true,"href":"https:\/\/www.basketclubs.be\/rebctempleuve\/wp-json\/wp\/v2\/users\/237"}],"replies":[{"embeddable":true,"href":"https:\/\/www.basketclubs.be\/rebctempleuve\/wp-json\/wp\/v2\/comments?post=28"}],"version-history":[{"count":16,"href":"https:\/\/www.basketclubs.be\/rebctempleuve\/wp-json\/wp\/v2\/pages\/28\/revisions"}],"predecessor-version":[{"id":2188,"href":"https:\/\/www.basketclubs.be\/rebctempleuve\/wp-json\/wp\/v2\/pages\/28\/revisions\/2188"}],"wp:attachment":[{"href":"https:\/\/www.basketclubs.be\/rebctempleuve\/wp-json\/wp\/v2\/media?parent=28"}],"curies":[{"name":"wp","href":"https:\/\/api.w.org\/{rel}","templated":true}]}}