{"id":29,"date":"2018-11-16T08:53:41","date_gmt":"2018-11-16T07:53:41","guid":{"rendered":"https:\/\/www.basketclubs.be\/rebctempleuve\/?page_id=29"},"modified":"2020-07-01T17:37:43","modified_gmt":"2020-07-01T15:37:43","slug":"the-club-1","status":"publish","type":"page","link":"https:\/\/www.basketclubs.be\/rebctempleuve\/the-club-1\/","title":{"rendered":"In Memoriam"},"content":{"rendered":"<p>Hommage \u00e0 quelques figures marquantes du club qui nous ont quitt\u00e9s trop t\u00f4t&#8230;<\/p>\n<p>&nbsp;<\/p>\n<h4><strong>In memoriam: Bertrand Meurisse<\/strong><\/h4>\n<p><img loading=\"lazy\" decoding=\"async\" class=\"alignnone wp-image-132\" src=\"https:\/\/www.basketclubs.be\/rebctempleuve\/wp-content\/uploads\/sites\/159\/2018\/11\/Meurisse-300x225.jpg\" alt=\"\" width=\"183\" height=\"137\" srcset=\"https:\/\/www.basketclubs.be\/rebctempleuve\/wp-content\/uploads\/sites\/159\/2018\/11\/Meurisse-300x225.jpg 300w, https:\/\/www.basketclubs.be\/rebctempleuve\/wp-content\/uploads\/sites\/159\/2018\/11\/Meurisse.jpg 512w\" sizes=\"auto, (max-width: 183px) 100vw, 183px\" \/><\/p>\n<h6>Bertrand nous a quitt\u00e9s dans sa 44\u00e8me ann\u00e9e le 20 avril 2008.<\/h6>\n<h6>Ciao l&rsquo;ami!<strong>\u00a0\u00a0<\/strong><\/h6>\n<p>&nbsp;<\/p>\n<h4><strong>In memoriam: Guy Carlier<\/strong><\/h4>\n<p><img loading=\"lazy\" decoding=\"async\" class=\"alignnone wp-image-131\" src=\"https:\/\/www.basketclubs.be\/rebctempleuve\/wp-content\/uploads\/sites\/159\/2018\/11\/Guy-212x300.jpg\" alt=\"\" width=\"131\" height=\"185\" \/><\/p>\n<h6>Guy\u00a0nous a quitt\u00e9s dans sa 32\u00e8me ann\u00e9e le 25 janvier 2010. A tout\u00a0jamais dans nos coeurs!!!<\/h6>\n<h6><\/h6>\n<p>&nbsp;<\/p>\n<h4><strong>In memoriam: <\/strong><strong>Bernard Vanschamelhout<\/strong><\/h4>\n<p><img loading=\"lazy\" decoding=\"async\" class=\"alignnone size-full wp-image-129\" src=\"https:\/\/www.basketclubs.be\/rebctempleuve\/wp-content\/uploads\/sites\/159\/2018\/11\/Bernard.jpg\" alt=\"\" width=\"110\" height=\"145\" \/><\/p>\n<h6>C\u2019est avec une infinie tristesse que nous avons appris le d\u00e9c\u00e8s ce\u00a031 ao\u00fbt 2018\u00a0de Bernard Vanschamelhout, notre coach, directeur technique et ami. Passionn\u00e9, engag\u00e9, fort de ses id\u00e9es, Bernard vivait \u00e0 300% pour son sport. Derri\u00e8re des abords parfois bourrus, il \u00e9tait un homme au grand c\u0153ur. Au fil des saisons, il \u00e9tait devenu un membre appr\u00e9ci\u00e9 de notre grande famille templeuvoise et n\u2019h\u00e9sitait jamais \u00e0 mettre la main \u00e0 la p\u00e2te lors de nos diff\u00e9rentes activit\u00e9s. Jamais avare de conseils ou de bons mots, Bernard \u00e9tait un guide pour nos jeunes et moins jeunes, et un superviseur alerte pour nos entra\u00eeneurs.<\/h6>\n<h6>Bernard laissera un grand vide au sein de notre club, mais \u00e9galement dans le monde du basket.<\/h6>\n<h6>Merci Coach pour toutes ces belles ann\u00e9es; repose en paix, tu l\u2019as bien m\u00e9rit\u00e9 !<br \/>\nA jamais dans nos c\u0153urs !<\/h6>\n","protected":false},"excerpt":{"rendered":"<p>Hommage \u00e0 quelques figures marquantes du club qui nous ont quitt\u00e9s trop t\u00f4t&#8230; &nbsp; In memoriam: Bertrand Meurisse Bertrand nous a quitt\u00e9s dans sa 44\u00e8me ann\u00e9e le 20 avril 2008. Ciao l&rsquo;ami!\u00a0\u00a0 &nbsp; In memoriam: Guy Carlier Guy\u00a0nous a quitt\u00e9s dans sa 32\u00e8me ann\u00e9e le 25 janvier 2010. A tout\u00a0jamais dans nos coeurs!!! &nbsp; In [&hellip;]<\/p>\n","protected":false},"author":237,"featured_media":0,"parent":0,"menu_order":0,"comment_status":"closed","ping_status":"closed","template":"page-templates\/page-free.php","meta":{"footnotes":""},"class_list":["post-29","page","type-page","status-publish","hentry"],"_links":{"self":[{"href":"https:\/\/www.basketclubs.be\/rebctempleuve\/wp-json\/wp\/v2\/pages\/29","targetHints":{"allow":["GET"]}}],"collection":[{"href":"https:\/\/www.basketclubs.be\/rebctempleuve\/wp-json\/wp\/v2\/pages"}],"about":[{"href":"https:\/\/www.basketclubs.be\/rebctempleuve\/wp-json\/wp\/v2\/types\/page"}],"author":[{"embeddable":true,"href":"https:\/\/www.basketclubs.be\/rebctempleuve\/wp-json\/wp\/v2\/users\/237"}],"replies":[{"embeddable":true,"href":"https:\/\/www.basketclubs.be\/rebctempleuve\/wp-json\/wp\/v2\/comments?post=29"}],"version-history":[{"count":6,"href":"https:\/\/www.basketclubs.be\/rebctempleuve\/wp-json\/wp\/v2\/pages\/29\/revisions"}],"predecessor-version":[{"id":1612,"href":"https:\/\/www.basketclubs.be\/rebctempleuve\/wp-json\/wp\/v2\/pages\/29\/revisions\/1612"}],"wp:attachment":[{"href":"https:\/\/www.basketclubs.be\/rebctempleuve\/wp-json\/wp\/v2\/media?parent=29"}],"curies":[{"name":"wp","href":"https:\/\/api.w.org\/{rel}","templated":true}]}}