{"id":39,"date":"2020-07-02T11:08:28","date_gmt":"2020-07-02T09:08:28","guid":{"rendered":"https:\/\/www.basketclubs.be\/rebctempleuve\/?page_id=39"},"modified":"2025-07-13T12:09:47","modified_gmt":"2025-07-13T10:09:47","slug":"infos-1","status":"publish","type":"page","link":"https:\/\/www.basketclubs.be\/rebctempleuve\/infos-1\/","title":{"rendered":"ROI"},"content":{"rendered":"<h4 style=\"text-align: center\"><strong><u><span style=\"color: #000080\">REGLEMENT D\u2019ORDRE INTERIEUR DU REBC TEMPLEUVE<\/span><br \/>\n<\/u><\/strong><\/h4>\n<p style=\"text-align: center\"><strong>\u00a0<\/strong><strong>\u00a0<\/strong><strong>&#8211; 22 points \u00e0 respecter &#8211;<\/strong><\/p>\n<p><strong>\u00a0<\/strong><strong><u>ENTRAINEMENTS<\/u><\/strong><\/p>\n<p><strong>\u00a0<\/strong><strong><em>Art. 1.<\/em><\/strong><em> <u>Les joueurs et entra\u00eeneurs devront \u00eatre pr\u00e9sents et en tenue au d\u00e9but de chaque entra\u00eenement<\/u>. Le joueur qui sera absent avertit son entra\u00eeneur par t\u00e9l\u00e9phone ou par mail.<\/em><\/p>\n<p><em>\u00a0<\/em><strong><em>Art. 2.<\/em><\/strong><em> Les entra\u00eeneurs sont s\u00e9lectionn\u00e9s par le Comit\u00e9 de l\u2019Essor. Chaque joueur du club leur doit <u>respect et ob\u00e9issance.<\/u><\/em><\/p>\n<p><em>\u00a0<\/em><strong><em>Art. 3.<\/em><\/strong><em> <u>Les ballons sont rang\u00e9s<\/u> par les joueurs dans les caisses apr\u00e8s les entra\u00eenements.<\/em><\/p>\n<p><em>\u00a0<\/em><strong><em>Art. 4.<\/em><\/strong><em> Les joueurs et entra\u00eeneurs veillent \u00e0 <u>maintenir le mat\u00e9riel (ballons, panneaux \u2026) mis \u00e0 leur disposition dans un bon \u00e9tat.<\/u><\/em><\/p>\n<p><em>\u00a0<\/em><\/p>\n<p><strong>\u00a0<\/strong><strong><u>MATCHES<\/u><\/strong><\/p>\n<p><em>\u00a0<\/em><strong><em>Art. 5.<\/em><\/strong><em> <u>Les \u00e9quipements confi\u00e9s aux membres <\/u>ne peuvent \u00eatre port\u00e9s que lors des rencontres officielles. Une d\u00e9gradation volontaire ou perte de cet \u00e9quipement entra\u00eenera un remboursement au club du montant \u00e9quivalent \u00e0 son remplacement.<\/em><\/p>\n<p><em>\u00a0<\/em><strong><em>Art. 6.<\/em><\/strong><em> Apr\u00e8s chaque rencontre, il est de la responsabilit\u00e9 de chaque joueur de remettre son \u00e9quipement \u00e0 la personne charg\u00e9e de son nettoyage. Le comit\u00e9 demande d\u2019\u00e9tablir une rotation pour le <u>nettoyage des \u00e9quipements, dans l\u2019ordre des num\u00e9ros de maillot.<\/u><\/em><\/p>\n<p><em>\u00a0<\/em><strong><em>Art. 7. <\/em><\/strong><em>Le paiement de la cotisation au club donne le droit de participer aux entra\u00eenements mais ne constitue pas un s\u00e9same pour ouvrir la porte aux matchs.<u> Les membres d\u00e9sign\u00e9s pour un match ou une rencontre quelconque seront s\u00e9lectionn\u00e9s par l\u2019entra\u00eeneur <\/u>ou le coach ou par toute autre personne ayant re\u00e7u d\u00e9l\u00e9gation de ceux-ci. Leurs d\u00e9cisions sont sans appel.<\/em><\/p>\n<p><em>\u00a0<\/em><strong><em>Art. 8. <\/em><\/strong><em>Au cours des matches, les <u>capitaines<\/u> sont seuls ma\u00eetre du jeu pour transmettre les d\u00e9cisions du coach. Ils sont d\u00e9sign\u00e9s au d\u00e9but de chaque match par le coach.<\/em><\/p>\n<p><em><strong>Art. 9. <\/strong>Tout joueur devra <u>respecter les consignes du coach<\/u>, de son assistant ou de son rempla\u00e7ant.<\/em><\/p>\n<p><em>\u00a0<\/em><strong>Art. 10. <\/strong>Tout membre du club ayant une attitude ou un comportement, en gestes et \/ ou en paroles oppos\u00e9s \u00e0 la bonne vie en soci\u00e9t\u00e9, un manque flagrant de correction et de <u>fair-play envers les arbitres, les adversaires, les membres du Comit\u00e9, le public, les co\u00e9quipiers, les b\u00e9n\u00e9voles<\/u>, aussi bien avant que pendant ou apr\u00e8s la rencontre, sera imm\u00e9diatement mis au rapport par les responsables du club qui prendront les mesures n\u00e9cessaires. Le membre assumera personnellement la responsabilit\u00e9 des d\u00e9g\u00e2ts occasionn\u00e9s.<\/p>\n<p><strong><em>Art. 11.<\/em><\/strong><em> Toutes les d\u00e9cisions de l\u2019arbitre doivent \u00eatre respect\u00e9es. Aussi, le comit\u00e9 se r\u00e9serve le droit d\u2019infliger <u>une amende de 25\u20ac au membre qui ferait preuve d\u2019un abus manifeste de fautes techniques<\/u>. Le joueur sera priv\u00e9 de match jusqu\u2019au paiement de l\u2019amende.<br \/>\n<\/em><\/p>\n<p><em>\u00a0<\/em><strong><em>Art. 12.<\/em><\/strong><em> <u>Un rapport est enti\u00e8rement pay\u00e9 par la personne en d\u00e9faut.<\/u> Le joueur est priv\u00e9 de match jusqu\u2019au paiement de l\u2019amende. En cas d\u2019amende pour non-pr\u00e9sentation de sa carte d\u2019identit\u00e9, l\u2019amende de la f\u00e9d\u00e9ration est pay\u00e9e par le joueur fautif.<\/em><\/p>\n<p><em>\u00a0<\/em><strong><em>Art. 13.<\/em><\/strong><em> <u>Si un joueur souhaite effectuer un match amical avec un autre club<\/u>, il demande pr\u00e9alablement l\u2019autorisation au Comit\u00e9. En cas d\u2019acceptation, il introduit au minimum 3 jours avant la date du match une demande au secr\u00e9tariat du Club afin d\u2019obtenir l\u2019autorisation ad\u00e9quate.<\/em><\/p>\n<p><em>\u00a0<\/em><strong><em>Art. 14.<\/em><\/strong><em> <u>Tout membre est dans l\u2019obligation de remettre sa fiche m\u00e9dicale avant la reprise du championnat<\/u>. <u>La cotisation doit \u00eatre pay\u00e9e pour le 1<sup>er<\/sup>\u00a0octobre au plus tard<\/u>. En cas contraire, celui-ci ne pourra \u00eatre align\u00e9 dans quelques \u00e9quipes que ce soit.<\/em><\/p>\n<p><em>\u00a0<\/em><em>\u00a0<\/em><\/p>\n<p><strong><u>PROPRETE \u2013 ORDRE\u00a0 &#8211; DISCIPLINE<\/u><\/strong><\/p>\n<p><em>\u00a0<\/em><strong><em>Art. 15.<\/em><\/strong><em> <u>Il est strictement interdit de fumer dans la salle.<\/u> De plus, le r\u00e8glement administratif du complexe interdit formellement de cuisiner ou d\u2019effectuer de la petite restauration sans qu\u2019une demande ne soit introduite au pr\u00e9alable au Comit\u00e9 de l\u2019Essor.<\/em><\/p>\n<p><em>\u00a0<\/em><strong><em>Art. 16.<\/em><\/strong><em> Les membres veillent \u00e0 ce que <u>la salle soit tenue dans un bon \u00e9tat de propr\u00e9t\u00e9<\/u>. Les poubelles doivent \u00eatre utilis\u00e9es. Les joueurs peuvent s\u2019alimenter et se d\u00e9salt\u00e9rer sur le parquet, mais celui-ci doit \u00eatre tenu propre.<\/em><\/p>\n<p><strong>Art. 17.<\/strong> Les joueurs veillent \u00e0 la propret\u00e9 des vestiaires et des installations sportives tant au Club qu\u2019\u00e0 l\u2019ext\u00e9rieur. Le dernier joueur sorti du vestiaire donne un coup de raclette.<\/p>\n<p><em>\u00a0<\/em><strong><em>Art. 18.<\/em><\/strong><em> Les rendez-vous ou tout <u>acte que la morale r\u00e9prouve sont formellement interdits<\/u> dans les d\u00e9pendances et environs imm\u00e9diats du terrain et en tout temps.<\/em><\/p>\n<p><em>\u00a0<\/em><strong><em>Art. 19.<\/em><\/strong><em> Il est demand\u00e9 aux membres d\u2019<u>aider les responsables du club en tant qu\u2019officiel de table<\/u> durant les autres rencontres que les leurs. En cas de l\u2019organisation d\u2019une manifestation par le Club, la pr\u00e9sence des joueurs est souhait\u00e9e ainsi que leur <u>participation effective dans l\u2019organisation en fonction de leur possibilit\u00e9<\/u>.<\/em><\/p>\n<p><em>\u00a0<\/em><strong><em>Art. 20.<\/em><\/strong><em> Une tenue irr\u00e9prochable (sans exc\u00e8s) est requise pour les joueurs tant au Club qu\u2019en d\u00e9placement. Les <u>piercings et boucles d\u2019oreilles sont interdits <\/u>durant les entra\u00eenements et matchs.<\/em><\/p>\n<p><strong>\u00a0<\/strong><strong><em>Art. 21.<\/em><\/strong><em> Les consommations prises au bar du club sont payables le jour m\u00eame. <u>Aucun cr\u00e9dit n\u2019est accept\u00e9 par le club. La consommation d\u2019alcool est interdite aux membres de moins de 16 ans<\/u>. Il est rappel\u00e9 qu\u2019il est interdit de circuler sur la voie publique en \u00e9tat d\u2019ivresse.<\/em><\/p>\n<p><strong>\u00a0<\/strong><strong>\u00a0<\/strong><\/p>\n<p><strong><u>ACCIDENT SPORTIF<\/u><\/strong><\/p>\n<p><em>\u00a0<\/em><strong><em>Art. 22.<\/em><\/strong> <em>En cas de blessure, le joueur s\u2019engage \u00e0 remplir <u>correctement les papiers d\u2019assurance ad\u00e9quats, et \u00e0 les remettre d\u00fbment compl\u00e9t\u00e9s dans les d\u00e9lais impartis<\/u> au secr\u00e9taire.<\/em><\/p>\n<p><strong>\u00a0<\/strong><strong>\u00a0<\/strong><\/p>\n<p>Le pr\u00e9sent r\u00e8glement sera affich\u00e9 dans notre salle, une copie de celui-ci sera remise aux joueurs et aux parents.<\/p>\n<p><strong>\u00a0<\/strong>Tout joueur ou joueuse ayant des remarques ou objections \u00e0 formuler \u00e0 l\u2019encontre de ce r\u00e8glement devra le faire par \u00e9crit au secr\u00e9taire du Club.<\/p>\n<p>Des sanctions disciplinaires d\u00e9cid\u00e9es par les responsables du club seront d\u2019application en cas d\u2019infraction \u00e0 ce r\u00e8glement. Le joueur en infraction assumera la responsabilit\u00e9 de ces actes, qu\u2019elles soient financi\u00e8res ou autres.<\/p>\n<p><strong>\u00a0<\/strong><em>\u00a0<\/em><\/p>\n<p><em>Ainsi fait \u00e0 Templeuve le 8 juillet 2025.<\/em><\/p>\n<p><em>\u00a0<\/em><em>\u00a0<\/em><\/p>\n<p><em>\u00a0<\/em><em>Le Comit\u00e9.<\/em><\/p>\n","protected":false},"excerpt":{"rendered":"<p>REGLEMENT D\u2019ORDRE INTERIEUR DU REBC TEMPLEUVE \u00a0\u00a0&#8211; 22 points \u00e0 respecter &#8211; \u00a0ENTRAINEMENTS \u00a0Art. 1. Les joueurs et entra\u00eeneurs devront \u00eatre pr\u00e9sents et en tenue au d\u00e9but de chaque entra\u00eenement. Le joueur qui sera absent avertit son entra\u00eeneur par t\u00e9l\u00e9phone ou par mail. \u00a0Art. 2. Les entra\u00eeneurs sont s\u00e9lectionn\u00e9s par le Comit\u00e9 de l\u2019Essor. Chaque [&hellip;]<\/p>\n","protected":false},"author":237,"featured_media":0,"parent":0,"menu_order":0,"comment_status":"closed","ping_status":"closed","template":"page-templates\/page-free.php","meta":{"footnotes":""},"class_list":["post-39","page","type-page","status-publish","hentry"],"_links":{"self":[{"href":"https:\/\/www.basketclubs.be\/rebctempleuve\/wp-json\/wp\/v2\/pages\/39","targetHints":{"allow":["GET"]}}],"collection":[{"href":"https:\/\/www.basketclubs.be\/rebctempleuve\/wp-json\/wp\/v2\/pages"}],"about":[{"href":"https:\/\/www.basketclubs.be\/rebctempleuve\/wp-json\/wp\/v2\/types\/page"}],"author":[{"embeddable":true,"href":"https:\/\/www.basketclubs.be\/rebctempleuve\/wp-json\/wp\/v2\/users\/237"}],"replies":[{"embeddable":true,"href":"https:\/\/www.basketclubs.be\/rebctempleuve\/wp-json\/wp\/v2\/comments?post=39"}],"version-history":[{"count":8,"href":"https:\/\/www.basketclubs.be\/rebctempleuve\/wp-json\/wp\/v2\/pages\/39\/revisions"}],"predecessor-version":[{"id":2166,"href":"https:\/\/www.basketclubs.be\/rebctempleuve\/wp-json\/wp\/v2\/pages\/39\/revisions\/2166"}],"wp:attachment":[{"href":"https:\/\/www.basketclubs.be\/rebctempleuve\/wp-json\/wp\/v2\/media?parent=39"}],"curies":[{"name":"wp","href":"https:\/\/api.w.org\/{rel}","templated":true}]}}