{"id":40,"date":"2020-07-04T16:29:57","date_gmt":"2020-07-04T14:29:57","guid":{"rendered":"https:\/\/www.basketclubs.be\/rebctempleuve\/?page_id=40"},"modified":"2025-07-13T12:09:16","modified_gmt":"2025-07-13T10:09:16","slug":"infos-2","status":"publish","type":"page","link":"https:\/\/www.basketclubs.be\/rebctempleuve\/infos-2\/","title":{"rendered":"Cotisations"},"content":{"rendered":"<p>&nbsp;<\/p>\n<table width=\"659\">\n<tbody>\n<tr>\n<td width=\"343\"><strong>CATEGORIE<\/strong><\/td>\n<td width=\"114\"><strong>DATE DE NAISSANCE<\/strong><\/td>\n<td width=\"202\"><strong>COTISATION<\/strong><\/td>\n<\/tr>\n<tr>\n<td width=\"343\">BABY-BASKET<\/td>\n<td width=\"114\">2020-2021<\/td>\n<td width=\"202\"><strong>100 Euros *<\/strong><\/td>\n<\/tr>\n<tr>\n<td width=\"343\">PRE-POUSSINS (U8)<\/td>\n<td width=\"114\">2018-2019<\/td>\n<td width=\"202\"><strong>140 Euros *<\/strong><\/td>\n<\/tr>\n<tr>\n<td width=\"343\">POUSSINS (U10) \u00c0 CADETTES (U19)<\/td>\n<td width=\"114\">2007-2017<\/td>\n<td width=\"202\"><strong>200 Euros *<\/strong><\/td>\n<\/tr>\n<tr>\n<td width=\"343\">SENIORS HOMMES ET DAMES <em>(2 entra\u00eenements\/semaine)<\/em><\/td>\n<td width=\"114\">2006-xxxx<\/td>\n<td width=\"202\"><strong>200 Euros<\/strong><\/td>\n<\/tr>\n<tr>\n<td width=\"343\">SENIORS HOMMES ET DAMES <em>(1 entra\u00eenement\/semaine)<\/em><\/td>\n<td width=\"114\">2006-xxxx<\/td>\n<td width=\"202\"><strong>180 Euros<\/strong><\/td>\n<\/tr>\n<tr>\n<td width=\"343\">JOUEURS NE SUIVANT QUE LES ENTRAINEMENTS<\/td>\n<td width=\"114\"><\/td>\n<td width=\"202\"><strong>100 Euros<\/strong><\/td>\n<\/tr>\n<tr>\n<td width=\"343\">* BALLON<\/td>\n<td width=\"114\"><\/td>\n<td width=\"202\"><strong>20 Euros<\/strong><\/td>\n<\/tr>\n<\/tbody>\n<\/table>\n<p>&nbsp;<\/p>\n<p>* Pour les \u00e9quipes de jeunes, nous proposons d&rsquo;inclure un ballon (qualit\u00e9 garantie) dans le prix de la cotisation. Pour les nouveaux venus ou les jeunes changeant de cat\u00e9gorie, un suppl\u00e9ment de 20\u20ac sera ainsi demand\u00e9. Ce ballon sera donn\u00e9 au joueur en d\u00e9but de saison et devra \u00eatre amen\u00e9 \u00e0 chaque entra\u00eenement (pas aux matches).<\/p>\n<div class=\"page\" title=\"Page 6\">\n<div class=\"layoutArea\">\n<div class=\"column\">\n<p>Pour les joueuses e\u0301voluant dans une e\u0301quipe du Tournai Wapiti Basketball, les modalite\u0301s relatives a\u0300 la cotisation seront transmises par le club.<\/p>\n<\/div>\n<\/div>\n<\/div>\n<p>En ce qui concerne les familles avec plusieurs affili\u00e9s, le premier affili\u00e9 paie le tarif plein tandis que le deuxi\u00e8me b\u00e9n\u00e9ficie d\u2019une r\u00e9duction de 20 euros, le troisi\u00e8me d\u2019une r\u00e9duction de 40 euros et le quatri\u00e8me de 60 euros.<\/p>\n<p>Ce montant comprend l&rsquo;assurance (revers\u00e9e \u00e0 la f\u00e9d\u00e9ration), l&rsquo;affiliation \u00e0 la f\u00e9d\u00e9ration et la cotisation au club.<\/p>\n<p>Les ch\u00e8ques sport re\u00e7us de son employeur au travail sont accept\u00e9s en moyen de paiement de la cotisation, durant le 3<sup>\u00e8me<\/sup> trimestre.<\/p>\n<p>Sur demande, le club signera l\u2019attestation au joueur, destin\u00e9e \u00e0 obtenir un remboursement partiel de sa cotisation aupr\u00e8s de sa mutualit\u00e9.<\/p>\n<p>Pour rappel, <u>il est indispensable de payer cette cotisation pour le 1<sup>er<\/sup>\u00a0octobre au plus tard<\/u>. <strong><u>Dans le cas contraire, le joueur ne pourra \u00eatre align\u00e9 et ce, dans quelque cat\u00e9gorie que ce soit.\u00a0<\/u><\/strong>Cependant, <strong>il vous est possible d\u2019\u00e9taler le paiement de votre cotisation en plusieurs versements<\/strong>. Merci de prendre contact avec la tr\u00e9sori\u00e8re en cas d\u2019int\u00e9r\u00eat pour cette formule. De plus, tous les membres en ordre de paiement pour le 20 aou\u0302t se verront remettre une carte boissons d\u2019une valeur de 10\u20ac valable a\u0300 la buvette du club.<\/p>\n<p>Note : La cotisation ne permet pas de couvrir tous les frais de fonctionnement du club. C\u2019est pourquoi nous vous demandons dans la mesure du possible de participer aux diff\u00e9rentes activit\u00e9s propos\u00e9es par le club. Cela seul nous permettra de continuer \u00e0 assurer le bon fonctionnement du club.<\/p>\n<h6><strong>MERCI DE VERSER LA COTISATION SUR LE COMPTE (REBCT) <\/strong><strong>N\u00b0 <span style=\"color: #0000ff\">BE68 7320 0358 7334<\/span> (BIC\u00a0: CREGBEBB) avec en communication le nom du joueur et sa cat\u00e9gorie<\/strong><\/h6>\n<p>De plus, afin de susciter la <strong>recherche de sponsoring<\/strong> par les membres, <strong>20%<\/strong> du montant r\u00e9colt\u00e9 sera r\u00e9troc\u00e9d\u00e9 \u00e0 la personne ayant recrut\u00e9 le sponsor (uniquement pour la premi\u00e8re ann\u00e9e de sponsoring). Des dossiers expliquant les diff\u00e9rentes formules de sponsoring peuvent \u00eatre demand\u00e9s aupr\u00e8s de Myriam Charvet.<\/p>\n","protected":false},"excerpt":{"rendered":"<p>&nbsp; CATEGORIE DATE DE NAISSANCE COTISATION BABY-BASKET 2020-2021 100 Euros * PRE-POUSSINS (U8) 2018-2019 140 Euros * POUSSINS (U10) \u00c0 CADETTES (U19) 2007-2017 200 Euros * SENIORS HOMMES ET DAMES (2 entra\u00eenements\/semaine) 2006-xxxx 200 Euros SENIORS HOMMES ET DAMES (1 entra\u00eenement\/semaine) 2006-xxxx 180 Euros JOUEURS NE SUIVANT QUE LES ENTRAINEMENTS 100 Euros * BALLON 20 [&hellip;]<\/p>\n","protected":false},"author":237,"featured_media":0,"parent":0,"menu_order":0,"comment_status":"closed","ping_status":"closed","template":"page-templates\/page-free.php","meta":{"footnotes":""},"class_list":["post-40","page","type-page","status-publish","hentry"],"_links":{"self":[{"href":"https:\/\/www.basketclubs.be\/rebctempleuve\/wp-json\/wp\/v2\/pages\/40","targetHints":{"allow":["GET"]}}],"collection":[{"href":"https:\/\/www.basketclubs.be\/rebctempleuve\/wp-json\/wp\/v2\/pages"}],"about":[{"href":"https:\/\/www.basketclubs.be\/rebctempleuve\/wp-json\/wp\/v2\/types\/page"}],"author":[{"embeddable":true,"href":"https:\/\/www.basketclubs.be\/rebctempleuve\/wp-json\/wp\/v2\/users\/237"}],"replies":[{"embeddable":true,"href":"https:\/\/www.basketclubs.be\/rebctempleuve\/wp-json\/wp\/v2\/comments?post=40"}],"version-history":[{"count":16,"href":"https:\/\/www.basketclubs.be\/rebctempleuve\/wp-json\/wp\/v2\/pages\/40\/revisions"}],"predecessor-version":[{"id":2165,"href":"https:\/\/www.basketclubs.be\/rebctempleuve\/wp-json\/wp\/v2\/pages\/40\/revisions\/2165"}],"wp:attachment":[{"href":"https:\/\/www.basketclubs.be\/rebctempleuve\/wp-json\/wp\/v2\/media?parent=40"}],"curies":[{"name":"wp","href":"https:\/\/api.w.org\/{rel}","templated":true}]}}