{"id":41,"date":"2023-02-24T10:15:50","date_gmt":"2023-02-24T09:15:50","guid":{"rendered":"https:\/\/www.basketclubs.be\/rebctempleuve\/?page_id=41"},"modified":"2023-02-28T09:08:08","modified_gmt":"2023-02-28T08:08:08","slug":"infos-3","status":"publish","type":"page","link":"https:\/\/www.basketclubs.be\/rebctempleuve\/infos-3\/","title":{"rendered":"Boutique de club"},"content":{"rendered":"<p>Gr\u00e2ce \u00e0 notre partenaire Sportside.be, une boutique de club est en ligne.<br \/>\nPour y acc\u00e9der, une seule adresse: <a href=\"https:\/\/www.sportside.be\/rebc-templeuve\/\">https:\/\/www.sportside.be\/rebc-templeuve\/<\/a><\/p>\n<p>De plus, tous nos membres peuvent obtenir 20% de r\u00e9duction sur tous leurs achats avec le code PROMO suivant :\u00a0 <strong>REBCTEMPLEUVESHOP<\/strong>.<\/p>\n","protected":false},"excerpt":{"rendered":"<p>Gr\u00e2ce \u00e0 notre partenaire Sportside.be, une boutique de club est en ligne. Pour y acc\u00e9der, une seule adresse: https:\/\/www.sportside.be\/rebc-templeuve\/ De plus, tous nos membres peuvent obtenir 20% de r\u00e9duction sur tous leurs achats avec le code PROMO suivant :\u00a0 REBCTEMPLEUVESHOP.<\/p>\n","protected":false},"author":237,"featured_media":0,"parent":0,"menu_order":0,"comment_status":"closed","ping_status":"closed","template":"page-templates\/page-free.php","meta":{"footnotes":""},"class_list":["post-41","page","type-page","status-publish","hentry"],"_links":{"self":[{"href":"https:\/\/www.basketclubs.be\/rebctempleuve\/wp-json\/wp\/v2\/pages\/41","targetHints":{"allow":["GET"]}}],"collection":[{"href":"https:\/\/www.basketclubs.be\/rebctempleuve\/wp-json\/wp\/v2\/pages"}],"about":[{"href":"https:\/\/www.basketclubs.be\/rebctempleuve\/wp-json\/wp\/v2\/types\/page"}],"author":[{"embeddable":true,"href":"https:\/\/www.basketclubs.be\/rebctempleuve\/wp-json\/wp\/v2\/users\/237"}],"replies":[{"embeddable":true,"href":"https:\/\/www.basketclubs.be\/rebctempleuve\/wp-json\/wp\/v2\/comments?post=41"}],"version-history":[{"count":3,"href":"https:\/\/www.basketclubs.be\/rebctempleuve\/wp-json\/wp\/v2\/pages\/41\/revisions"}],"predecessor-version":[{"id":2008,"href":"https:\/\/www.basketclubs.be\/rebctempleuve\/wp-json\/wp\/v2\/pages\/41\/revisions\/2008"}],"wp:attachment":[{"href":"https:\/\/www.basketclubs.be\/rebctempleuve\/wp-json\/wp\/v2\/media?parent=41"}],"curies":[{"name":"wp","href":"https:\/\/api.w.org\/{rel}","templated":true}]}}