{"id":45,"date":"2018-12-16T14:29:15","date_gmt":"2018-12-16T13:29:15","guid":{"rendered":"https:\/\/www.basketclubs.be\/rebctempleuve\/?page_id=45"},"modified":"2025-08-25T09:36:21","modified_gmt":"2025-08-25T07:36:21","slug":"sponsors-2","status":"publish","type":"page","link":"https:\/\/www.basketclubs.be\/rebctempleuve\/sponsors-2\/","title":{"rendered":"NOS SPONSORS"},"content":{"rendered":"<p><strong>Devenez sponsor de notre club !<\/strong><br \/>\nVous souhaitez soutenir notre club et associer votre image \u00e0 nos valeurs sportives et humaines ?<br \/>\nT\u00e9l\u00e9chargez le document ci-dessous pour d\u00e9couvrir nos diff\u00e9rentes formules de sponsoring.<br \/>\nRejoignez l&rsquo;aventure et contribuez au dynamisme de notre club !<\/p>\n<p><a href=\"https:\/\/www.basketclubs.be\/rebctempleuve\/wp-content\/uploads\/sites\/159\/2025\/07\/Doc-Sponsoring-tarif-2025.pdf\">Formules sponsoring REBC Templeuve<\/a><\/p>\n","protected":false},"excerpt":{"rendered":"<p>Devenez sponsor de notre club ! Vous souhaitez soutenir notre club et associer votre image \u00e0 nos valeurs sportives et humaines ? T\u00e9l\u00e9chargez le document ci-dessous pour d\u00e9couvrir nos diff\u00e9rentes formules de sponsoring. Rejoignez l&rsquo;aventure et contribuez au dynamisme de notre club ! Formules sponsoring REBC Templeuve<\/p>\n","protected":false},"author":237,"featured_media":0,"parent":0,"menu_order":0,"comment_status":"closed","ping_status":"closed","template":"page-templates\/page-sponsors.php","meta":{"footnotes":""},"class_list":["post-45","page","type-page","status-publish","hentry"],"_links":{"self":[{"href":"https:\/\/www.basketclubs.be\/rebctempleuve\/wp-json\/wp\/v2\/pages\/45","targetHints":{"allow":["GET"]}}],"collection":[{"href":"https:\/\/www.basketclubs.be\/rebctempleuve\/wp-json\/wp\/v2\/pages"}],"about":[{"href":"https:\/\/www.basketclubs.be\/rebctempleuve\/wp-json\/wp\/v2\/types\/page"}],"author":[{"embeddable":true,"href":"https:\/\/www.basketclubs.be\/rebctempleuve\/wp-json\/wp\/v2\/users\/237"}],"replies":[{"embeddable":true,"href":"https:\/\/www.basketclubs.be\/rebctempleuve\/wp-json\/wp\/v2\/comments?post=45"}],"version-history":[{"count":14,"href":"https:\/\/www.basketclubs.be\/rebctempleuve\/wp-json\/wp\/v2\/pages\/45\/revisions"}],"predecessor-version":[{"id":2195,"href":"https:\/\/www.basketclubs.be\/rebctempleuve\/wp-json\/wp\/v2\/pages\/45\/revisions\/2195"}],"wp:attachment":[{"href":"https:\/\/www.basketclubs.be\/rebctempleuve\/wp-json\/wp\/v2\/media?parent=45"}],"curies":[{"name":"wp","href":"https:\/\/api.w.org\/{rel}","templated":true}]}}