{"id":22,"date":"2019-04-05T00:42:02","date_gmt":"2019-04-04T22:42:02","guid":{"rendered":"https:\/\/www.basketclubs.be\/royalujk\/?page_id=22"},"modified":"2019-05-10T10:53:00","modified_gmt":"2019-05-10T08:53:00","slug":"history","status":"publish","type":"page","link":"https:\/\/www.basketclubs.be\/royalujk\/history\/","title":{"rendered":"Un petit bout d&rsquo;Histoire"},"content":{"rendered":"<h1>25 ANS D\u2019EXISTENCE<\/h1>\n<p>&nbsp;<\/p>\n<p>Un quart de si\u00e8cle repr\u00e9sente d\u00e9j\u00e0 un s\u00e9rieux bail dans l\u2019existence d\u2019un homme. Pourtant, pour ceux qui ont pr\u00e9sid\u00e9 \u00e0 la cr\u00e9ation d\u2019U.J. Koekelberg, cette p\u00e9riode semble encore toute proche.<\/p>\n<p>En 1952, la pratique du basket-ball est en plein d\u00e9veloppement. Des cercles se cr\u00e9ent de toute part, particuli\u00e8rement dans l\u2019agglom\u00e9ration bruxelloise et ses faubourgs. Il y a des championnats de premi\u00e8re division o\u00f9 sur douze \u00e9quipes, six sont localis\u00e9es dans la capitale. Ceux de ma g\u00e9n\u00e9ration se rappellent, non sans nostalgie, les rencontres \u00e9piques disput\u00e9es au Palais du Midi entre Royal IV, Semailles, Racing CB, Amicale, Fresh Air et Canter, sans oublier Vilvorde, qui rassemblent des foules dont on voit encore tr\u00e8s rarement l\u2019\u00e9quivalent \u00e0 l\u2019heure actuelle. On se rend compte du recul du basket-ball dans le Brabant en deux dizaines d\u2019ann\u00e9es.<\/p>\n<p>C\u2019est dans ce contexte que fut cr\u00e9\u00e9, accidentellement notre cercle. Comme il fallait remplacer une \u00e9quipe d\u00e9faillante dans un tournoi organis\u00e9 sous les auspices de la F.S.O., on rassembla en vitesse quelques joueurs pour aider les organisateurs du tournoi. Elle le remporta d\u2019ailleurs.<\/p>\n<p>Encourag\u00e9s par ce premier succ\u00e8s, les six joueurs pr\u00e9sents d\u00e9cid\u00e8rent de continuer l\u2019exp\u00e9rience et particip\u00e8rent \u00e0 un premier championnat comme \u00e9quipe r\u00e9serve de \u00ab\u00a0L\u2019Avenir de Jette\u00a0\u00bb qui en \u00e9tait d\u00e9pourvue.<\/p>\n<p>Le terrain \u00e9tait situ\u00e9 au-del\u00e0 de la Place Cardinal Mercier \u00e0 Jette, en pleine campagne. Le rev\u00eatement \u00e9tait de terre battue dure par temps sec, mais lorsqu\u2019il pleuvait \u2026 Le dribble y \u00e9tait tout un art. Le terrain \u00e9tait d\u00e9limit\u00e9 par des briques sur champ. Elles d\u00e9passaient le niveau du terrain, provoquant parfois de belles chutes.<\/p>\n<p>Cette \u00e9quipe \u00ab\u00a0r\u00e9serve\u00a0\u00bb gagna le championnat de sa s\u00e9rie et les six joueurs du d\u00e9but (Henri Cornet, Marcel Vanholme, Guy et Jo Cohen, Jean Suys et Marc Abramowiz) plus quelques nouveaux d\u00e9cid\u00e8rent de voler de leurs propres ailes.<\/p>\n<p>Les premi\u00e8res v\u00e9ritables difficult\u00e9s commenc\u00e8rent\u00a0: r\u00e9colter de l\u2019argent et trouver un terrain. La Ville de Bruxelles nous procura ce dernier\u00a0; il \u00e9tait de cendr\u00e9e et \u00e9tait situ\u00e9 \u00e0 l\u2019All\u00e9e Verte, en bordure du Boulevard d\u2019Anvers, approximativement \u00e0 l\u2019emplacement de la station-service actuelle.<\/p>\n<p>Le vestiaire se trouvait \u00e0 une cinquantaine de m\u00e8tres dans la cave d\u2019un caf\u00e9 d\u00e9nomm\u00e9 \u00ab\u00a0A la Ville d\u2019Alost\u00a0\u00bb et qui a fait place (signe des temps\u00a0?) \u00e0 une succursale de banque.<\/p>\n<p>La douche \u00e9tait r\u00e9duite \u00e0 sa plus simple expression\u00a0: un seau d\u2019eau (froide) \u00e9liminait le plus gros de la cendr\u00e9e accumul\u00e9e par la sueur ou la pluie.<\/p>\n<p>Il fallait trouver un nom. La mode \u00e9tait aux animaux et \u00e0 l\u2019anglais\u00a0: Oursons, Castors, Dog Boys, Kangourous, Hurricane, Geronimo, etc \u2026 On aurait pu tout simplement s\u2019appeler B.C. Bruxelles ou B.C. All\u00e9e Verte. B.C. Citro\u00ebn, tout proche, \u00e9tait \u00e0 proscrire, cette \u00e9poque d\u2019amateurisme int\u00e9gral ne permettant aucune appellation commerciale. Comme la moyenne d\u2019\u00e2ge \u00e9tait particuli\u00e8rement peu \u00e9lev\u00e9e, cela devait s\u2019appeler Union Jeunesse.<\/p>\n<p>Mais sans argent, rien n\u2019est possible. Dans ce domaine, on peut affirmer sans risque de se tromper que rien n\u2019a chang\u00e9 depuis 25 ans. Les sous, h\u00e9las, sont toujours aussi difficiles \u00e0 trouver.<\/p>\n<p>Le comit\u00e9 d\u00e9cida d\u2019organiser un bal qui eut lieu \u00e0 \u00ab\u00a0l\u2019Amiti\u00e9\u00a0\u00bb, place Liedts, anim\u00e9 par l\u2019orchestre d\u2019Alex Roy, le p\u00e8re de notre pr\u00e9sident, qui le fit \u00e0 titre gracieux.<\/p>\n<p>Cette soir\u00e9e rapporta la somme, \u00e9norme pour l\u2019\u00e9poque, de cinq mille francs.<\/p>\n<p>Le club connut donc d\u00e8s le d\u00e9but un rapide d\u00e9veloppement et lorsque nous \u00e9migr\u00e2mes l\u2019ann\u00e9e suivante au Square Marguerite (rev\u00eatement de b\u00eaton et douches chaudes) deux \u00e9quipes entam\u00e8rent le nouveau championnat.<\/p>\n<p>C\u2019\u00e9tait l\u2019\u00e9poque de la premi\u00e8re internationalisation du club (l\u2019actuelle est toujours en cours) car J. Cohen, \u00e9tudiant au C\u00e9ria amena deux copains d\u2019\u00e9tudes, un Egyptien et un Grec, ce dernier beau comme Adonis aux dires de l\u2019\u00e9quipe f\u00e9minine qui venait d\u2019\u00eatre cr\u00e9\u00e9e. Il s\u2019agissait, vous l\u2019aurez devin\u00e9, des \u00e9pouses, fianc\u00e9es et connaissances des membres du club.<\/p>\n<p>Cette \u00e9quipe connut un beau succ\u00e8s\u00a0; pas tellement en nombre, elles ne furent jamais plus de huit, mais surtout aupr\u00e8s des spectateurs, membres du cercle ou non, \u00e0 tel point qu\u2019il y eut souvent le double de supporters pour une rencontre de l\u2019\u00e9quipe f\u00e9minine que pour celle de l\u2019\u00e9quipe premi\u00e8re.<\/p>\n<p>Toutes ces joueuses sont actuellement mari\u00e9es et devenue d\u2019honorables m\u00e8res de famille, regardant leurs enfants pratiquer le basket, y compris \u00e0 U.J. Koekelberg.<\/p>\n<p>Evoquons bri\u00e8vement les rencontres disput\u00e9es \u00e0 l\u2019\u00e9tranger, \u00e0 savoir trois tournois disput\u00e9s \u00e0 Paris.<\/p>\n<p>Le premier d\u00e9placement s\u2019est effectu\u00e9 en 1955, au moyen d\u2019un cars poussif, en difficult\u00e9 dans chaque c\u00f4te un peu s\u00e9v\u00e8re. Nous avons ralli\u00e9 Paris en sept heures o\u00f9 nos h\u00f4tes fran\u00e7ais avaient organis\u00e9 une r\u00e9ception en notre honneur. Cons\u00e9quence imm\u00e9diate\u00a0: beaucoup de participants au voyage n\u2019ont jamais dig\u00e9r\u00e9 ce premier contact et ont v\u00e9cu pendant trois jours dans un bienheureux brouillard.<\/p>\n<p>Accessoirement, on jouait au basket. L\u2019\u00e9quipe masculine y a toujours fait bonne figure tandis que l\u2019\u00e9quipe f\u00e9minine, invariablement, remportait toutes les rencontres qui lui \u00e9taient propos\u00e9es.<\/p>\n<p>Je signale cependant que les joueurs de l\u2019\u00e9quipe premi\u00e8re dont je faisais partie \u00e0 l\u2019\u00e9poque ne se d\u00e9salt\u00e9raient qu\u2019au jus de fruit. Ils \u00e9taient consign\u00e9s \u00e0 une heure o\u00f9 les autres commen\u00e7aient seulement la soir\u00e9e \u2026 et la nuit. C\u2019est d\u2019ailleurs la raison pour laquelle j\u2019ai gard\u00e9 tant de souvenirs de ces voyages et surtout des autres, les non-joueurs, le coude presque toujours lev\u00e9.<\/p>\n<p>Apr\u00e8s trois ans, nous avons quitt\u00e9 la F.S.O., f\u00e9d\u00e9ration \u00e0 l\u2019esprit aimablement fantaisiste, adaptant les r\u00e8glements au gr\u00e9 des circonstances et pauvre en effectifs, pour rejoindre \u00e0 la F.R.B.S.B. aux r\u00e8gles strictes et draconiennes, mais au championnat autrement int\u00e9ressant.<\/p>\n<p>Notre premi\u00e8re apparition en f\u00e9d\u00e9ration officielle permit de nous classer cinqui\u00e8me (55-56) puis troisi\u00e8me (56-57). Au championnat de 57-58 nous avons lutt\u00e9 pour la mont\u00e9e jusqu\u2019au test-match que nous avons perdu contre une \u00e9quipe d\u00e9nomm\u00e9e \u00ab\u00a0Les Ailes\u00a0\u00bb (filiale du Canter).<\/p>\n<p>Ce n\u2019est qu\u2019en 60-61 que nous avons forc\u00e9 les portes de la division II provinciale en devan\u00e7ant Balai de six points. Nous y sommes rest\u00e9s pendant plusieurs ann\u00e9es.<\/p>\n<p>Mais les alentours du Square Marguerite se transformaient en quartier r\u00e9sidentiel. Il \u00e9tait impossible de s\u2019y entra\u00eener en semaine, ce qui excluait tout recrutement. Ce fut le d\u00e9clin.<\/p>\n<p>L\u2019\u00e9quipe f\u00e9minine fut dissoute la premi\u00e8re\u00a0; suivie de l\u2019\u00e9quipe r\u00e9serve. Nous voulions survivre. Le comit\u00e9 de l\u2019\u00e9poque compos\u00e9 de H. Cornet, V. Cloquet et A. De Blaes d\u00e9cida de continuer, mais dans une autre commune.<\/p>\n<p>Comme de pr\u00e9sident \u00e9tait professeur dans un \u00e9tablissement de Koekelberg, il sollicita une audience aupr\u00e8s de l\u2019ancien bourgmestre, Monsieur Swartenbroeckx qui mit tr\u00e8s volontiers les installations actuelles \u00e0 notre disposition d\u2019autant plus de B.C. Koekelberg venait de dispara\u00eetre depuis peu.<\/p>\n<p>Jamais nous n\u2019avons regrett\u00e9 ce transfert, les autorit\u00e9s communales s\u00e9tend toujours efforc\u00e9es de r\u00e9soudre au mieux tous les probl\u00e8mes qui se sont pos\u00e9s.<\/p>\n<p>A l\u2019heure actuelle, U.J. Koekelberg participe au championnat provincial du Brabant avec cinq \u00e9quipes, une premi\u00e8re et une r\u00e9serve, des v\u00e9t\u00e9rans, des scolaires et des minimes.<\/p>\n<p>Anim\u00e9 par l\u2019esprit d\u2019\u00e9quipe, de camaraderie et d\u2019amiti\u00e9 qui a toujours \u00e9t\u00e9 le sien, le club souhaite d\u00e9velopp\u00e9 U.J. Koekelberg \u00e0 la mesure de ses ambitions.<\/p>\n<p>Fons<\/p>\n<h1>QUINZE ANS APRES \u2026<\/h1>\n<p>&nbsp;<\/p>\n<p>Quelle \u00e9volution durant cette p\u00e9riode\u00a0: nous sommes pass\u00e9s de l\u2019amateurisme bon enfant au quasi professionnalisme, au moins pour les \u00e9quipes nationales.<\/p>\n<p>La pratique du basket de haut niveau a quitt\u00e9 les grandes villes pour se retrouver en province\u00a0: Malines, Ostende, Braine, Courtrai, Pepinster, \u2026<\/p>\n<p>Il ne subsiste plus qu\u2019une \u00e9quipe bruxelloise en division I nationale et encore, au prix de quelques difficult\u00e9s. Cette \u00e9volution se v\u00e9rifie \u00e9galement dans notre province du Brabant\u00a0: en division II provinciale, il ne reste que dix \u00e9quipes bruxelloises sur vingt six.<\/p>\n<p>Autre innovation\u00a0: la publicit\u00e9 et le sponsoring interdits par les r\u00e8glements f\u00e9d\u00e9raux il y a encore une petite vingtaine d\u2019ann\u00e9es, sont devenus une n\u00e9cessit\u00e9 pour la survie des clubs sportifs.<\/p>\n<p>Mais qu\u2019en est-il d\u2019U.J.K. dans cette \u00e9volution\u00a0? Apr\u00e8s avoir poursuivi son petit bonhomme de chemin durant quelques ann\u00e9es, les \u00e9v\u00e9nements se sont acc\u00e9l\u00e9r\u00e9s.<\/p>\n<p>Parti de la quatri\u00e8me provinciale, nous avons forc\u00e9 les portes de la troisi\u00e8me provinciale une premi\u00e8re fois\u00a0: ce ne fut qu\u2019un aller-retour, nos jeunes joueurs n\u2019\u00e9tant pas encore suffisamment aguerris pour affronter ces rencontres de plus haut niveau.<\/p>\n<p>Deux ann\u00e9es plus tard, nous avons d\u00e9finitivement pu rejoindre la division sup\u00e9rieure au cours d\u2019une derni\u00e8re rencontre m\u00e9morable, encore pr\u00e9sente dans beaucoup de m\u00e9moire. Au coup de sifflet final, il y avait \u00e9galit\u00e9. Mais quelques secondes avant, l\u2019arbitre avait siffl\u00e9 une faute avec lancers francs au profit de Michel, mieux connu sous le nom de \u00ab\u00a0Bloske\u00a0\u00bb son vieux surnom, pour ne pas le confondre avec le grand Michel. Il rate son premier, mais r\u00e9ussit son second. Quel soulagement et quelle joie\u00a0!<\/p>\n<p>Il n\u2019y eut plus de retour. Au contraire nous avons lutt\u00e9 pour les premi\u00e8res places.<\/p>\n<p>En 1989 enfin, la promotion en deuxi\u00e8me provinciale est r\u00e9alis\u00e9e.<\/p>\n<p>Pour ce faire, des test-matches ont d\u00fb \u00eatre disput\u00e9s pendant les vacances de P\u00e2ques avec comme cons\u00e9quence le retour en Belgique de Michel De Peet, Eric Vanhorenbeke accompagn\u00e9s de notre secr\u00e9taire Gust Vanhorenbeke et du coach J.F. Serneels qui skiaient paisiblement en Autriche.<\/p>\n<p>L\u2019\u00e9quipe, ainsi au grand complet et super motiv\u00e9e nous apportait la victoire finale et la mont\u00e9e en division II.<\/p>\n<p>Cette progression de notre \u00e9quipe n\u2019a pu \u00eatre obtenue que par une activit\u00e9 politique de formation de jeunes joueurs.<\/p>\n<p>Nous pers\u00e9v\u00e9rons dans cette voie\u00a0: nous alignons en championnat une \u00e9quipe minimes et une \u00e9quipe pupilles en esp\u00e9rant bien vivement former une \u00e9quipe cadets la saison prochaine.<\/p>\n<p>A signaler\u00a0: l\u2019encadrement actif des parents.<\/p>\n<p>Autre r\u00e9alisation\u00a0: la cr\u00e9ation d\u2019une \u00e9quipe de jeunes filles. C\u2019est \u00e0 dessein que nous n\u2019utilisons pas le mot innovation, car il y a trente cinq ans une \u00e9quipe f\u00e9minine d\u00e9fendait d\u00e9j\u00e0 les couleurs d\u2019U.J.K. Sous la direction de Louis Wouters et avec l\u2019aide des parents, ces jeunes filles obtiennent de tr\u00e8s beaux r\u00e9sultats.<\/p>\n<p>Ce bilan sportif est donc tr\u00e8s r\u00e9jouissant et positif. Il est compl\u00e9t\u00e9 chaque ann\u00e9e par l\u2019organisation de deux importants tournois. Celui des seniors, dot\u00e9 du challenge de Monsieur De Bodt, \u00e9chevin des sports et celui des jeunes dot\u00e9 du challenge Benny De Raed, en m\u00e9moire \u00e0 notre regrett\u00e9 joueur.<\/p>\n<p>Les activit\u00e9s extra-sportives ont connu un m\u00eame succ\u00e8s. Rappelons le grand succ\u00e8s du bal du 25<sup>\u00e8me<\/sup> anniversaire, premi\u00e8re importante manifestation d\u2019U.J.K., suivie de bien d\u2019autres dont la dixi\u00e8me kermesse aux boudins et dont le succ\u00e8s se r\u00e9p\u00e8te d\u2019ann\u00e9e en ann\u00e9e gr\u00e2ce au d\u00e9vouement de tous les membres.<\/p>\n<p>Rendons hommage \u00e0 la t\u00e9nacit\u00e9 de tous ceux qui ont rendu possible la long\u00e9vit\u00e9 d\u2019U.J.K.\u00a0: les dirigeants et tous les membres, qu\u2019ils soient joueurs, \u00e9pouses, parents ou sympathisants.<\/p>\n<p>Un grand merci \u00e0 l\u2019Administration Communale de Koekelberg et \u00e0 Monsieur De Bodt, \u00e9chevin des sports dont la sympathie active nous est d\u2019un grand secours.<\/p>\n<p>J\u2019esp\u00e8re \u00e9crire la suite dans dix ans.<\/p>\n<p>Fons<\/p>\n<p>&nbsp;<\/p>\n<p>&nbsp;<\/p>\n<p>U.J.K. DEVIENT ROYAL U.J.K.<\/p>\n<p>&nbsp;<\/p>\n<p>A la fin de la chronique que j\u2019avais \u00e9crite il y a dix ans, j\u2019avais \u00e9mis le v\u0153u de la poursuivre dans l\u2019espoir d\u2019atteindre les 50 ans d\u2019existence d\u2019U.J.K.<\/p>\n<p>Je suis donc particuli\u00e8rement heureux de poursuivre cette histoire durant les dix derni\u00e8res ann\u00e9es.<\/p>\n<p>Je signalais d\u00e9j\u00e0 \u00e0 l\u2019\u00e9poque une commercialisation de notre sport, \u00e0 l\u2019instar des autres disciplines sportives.<\/p>\n<p>Cela a eu comme effet, dans les divisions sup\u00e9rieures, une course exponentielle vers plus de performances \u00e0 force de recrutements d\u2019\u00e9l\u00e9ments de toutes nationalit\u00e9s qui auront permis d\u2019augmenter la qualit\u00e9 du jeu en Belgique. C\u2019est peut-\u00eatre vrai mais cela a barr\u00e9 la route de nombreux jeunes belges qui, selon l\u2019expression consacr\u00e9e, ont cir\u00e9 les bancs des r\u00e9servistes.<\/p>\n<p>Les performances de l\u2019\u00e9quipe nationale sont le reflet de cette situation.<\/p>\n<p>Des clubs importants n\u2019ont pu suivre cette spirale ascendante, ont \u00e9t\u00e9 r\u00e9trograd\u00e9s, ont disparu ou ont fait aveu de faillite.<\/p>\n<p>Revenons-en \u00e0 notre club\u00a0: U.J.K..<\/p>\n<p>Nous avons connu des hauts, assez souvent, et des bas, heureusement moins bien nombreux.<\/p>\n<p>Apr\u00e8s une promotion en premi\u00e8re provinciale durant la derni\u00e8re d\u00e9cennie, nous y sommes rest\u00e9s pendant deux saisons. Cela a failli \u00eatre un \u00e9chec financier, \u00e9tant donn\u00e9 les nombreuses contraintes, que nous avons \u00e9vit\u00e9 gr\u00e2ce \u00e0 une juste politique budg\u00e9taire.<\/p>\n<p>Malgr\u00e9 cela, nous avons \u00e9volu\u00e9 pendant une saison en troisi\u00e8me provinciale, saison choisie par un trio venu d\u2019Aera Castors pour nous renforcer\u00a0: Ferid Oueslati, Cedric Van Cutsem et Cedric Hoebanckx.<\/p>\n<p>Et nous sommes repartis vers le haut.<\/p>\n<p>Nous avons donc la joie d\u2019\u00eatre promu la deuxi\u00e8me fois en premi\u00e8re provinciale, l\u2019ann\u00e9e o\u00f9 nous devenons Royal U.J.K., et ceci sous la direction d\u2019Eric Van Dale, notre tout jeune coach qui participe activement \u00e0 la vie de notre club, tant d\u2019un point de vue sportif qu\u2019extrasportif depuis de tr\u00e8s nombreuses ann\u00e9es. Soyons optimistes\u00a0: c\u2019est pour y rester et y progresser.<\/p>\n<p>Voil\u00e0 pour notre parcours.<\/p>\n<p>&nbsp;<\/p>\n<p>Une r\u00e9volution, venue des instances politiques, a eu lieu r\u00e9cemment\u00a0: la scission linguistique, \u00e0 l\u2019\u00e9chelle nationale et par cons\u00e9quent dans le Brabant. Nous \u00e9voluons donc avec deux ailes, une n\u00e9erlandophone et une francophone, sans plus aucun contact entre nous \u00e0 notre grand regret.<\/p>\n<p>Un effet imm\u00e9diat de cette mesure fut la diminution de la qualit\u00e9 du jeu, tant d\u2019un c\u00f4t\u00e9 que de l\u2019autre..<\/p>\n<p>Nous avons regrett\u00e9 cette d\u00e9cision, prise en contrepartie d\u2019un apport financier des r\u00e9gions, sans qu\u2019\u00e0 notre \u00e9chelle nous n\u2019en voyons les effets.<\/p>\n<p>Un autre changement important dans la vie de notre association, c\u2019est l\u2019\u00e9chec de notre politique de jeunes que nous nous sommes efforc\u00e9es de suivre pendant des dizaines d\u2019ann\u00e9es. C\u2019est un effet de la jurisprudence de l\u2019arr\u00eat Bosman, lib\u00e9rant sans aucune contrepartie les transferts des joueurs.<\/p>\n<p>Nous avions une \u00e9quipe juniors performante avec tous les sacrifices que cela comporte, tant financiers que support d\u2019accompagnement. Elle a disparu en une seule fois, d\u2019autres clubs ayant fait leur march\u00e9 \u00e0 nos d\u00e9pens.<\/p>\n<p>Le coup a \u00e9t\u00e9 tr\u00e8s dur pour les dirigeants mais gageons que les jeunes membres de notre comit\u00e9 actuel auront \u00e0 c\u0153ur de cr\u00e9er une nouvelle \u00e9quipe de \u00ab\u00a0bambins\u00a0\u00bb \u00e0 U.J.K. compos\u00e9e de leurs enfants dans les toutes prochaines ann\u00e9es.<\/p>\n<p>L\u2019\u00e9quipe de jeunes filles n\u2019a pas surv\u00e9cu au d\u00e9part de plusieurs \u00e9l\u00e9ments. Elle est donc morte faute de recrutement.<\/p>\n<p>&nbsp;<\/p>\n<p>Heureusement, les activit\u00e9s extra-sportives ont poursuivi leur succ\u00e8s sans faiblir. Nous en sommes \u00e0 notre 24<sup>\u00e8me<\/sup> Kermesse aux Boudins. La participation de tous les membres et de leurs \u00e9pouses et compagnes est d\u00e9terminante dans la r\u00e9ussite de ces activit\u00e9s.<\/p>\n<p>Rendons donc hommage et f\u00e9licitons tous ces b\u00e9n\u00e9voles, tant dirigeants que membres et sympathisants qui ont assur\u00e9 la p\u00e9rennit\u00e9 du club pendant 50 ans.<\/p>\n<p>Remercions \u00e9galement la firme Electro 80 et la Carrosserie De Bodt pour leur aide tout au long de ces ann\u00e9es.<\/p>\n<p>J\u2019ai gard\u00e9 pour la bonne bouche nos derniers remerciements\u00a0: l\u2019Administration Communale de Koekelberg, le Coll\u00e8ge des Bourgmestre et Echevins et particuli\u00e8rement ceux des sports qui se sont succ\u00e9d\u00e9s avec comme point d\u2019orgue la r\u00e9alisation du Complexe Sportif inaugur\u00e9 r\u00e9cemment et qui ajoute au lustre de la commune.<\/p>\n<p>&nbsp;<\/p>\n<p>Terminons par un note m\u00e9lancolique\u00a0: ayons une pens\u00e9e pour ceux qui nous ont quitt\u00e9\u00a0: nos regrett\u00e9s Benny De Raet et Henri Cornet qui fut pr\u00e9sident du club pendant 36 ans. Ils auraient \u00e9t\u00e9 tellement heureux de voir notre actuel succ\u00e8s.<\/p>\n<p>&nbsp;<\/p>\n<p>Je n\u2019oserais pas dire, la suite dans dix ans. Il ne faut pas trop tenter le sort.<\/p>\n<p>&nbsp;<\/p>\n<p>&nbsp;<\/p>\n<p>Fons.<\/p>\n<p>&nbsp;<\/p>\n<p>ET EN 2019 \u2026 QU\u2019EN EST-IL\u00a0?<\/p>\n<p>&nbsp;<\/p>\n<p>Fons esp\u00e9rait pouvoir \u00e9crire la suite de notre merveilleuse histoire mais il nous a malheureusement quitt\u00e9 bien trop t\u00f4t. Il serait bien fier de voir ce qu\u2019est aujourd\u2019hui encore SON U.J.K.<\/p>\n<p>&nbsp;<\/p>\n<p>En 2017, nous avons f\u00eat\u00e9, comme il se doit nos 65 ans d\u2019existence.<\/p>\n<p>&nbsp;<\/p>\n<p>Sous l\u2019impulsion d\u2019un comit\u00e9 fortement rajeuni et dont notre \u00e9ternel secr\u00e9taire a pris la Pr\u00e9sidence, laissant le poste de secr\u00e9taire \u00e0 sa fille, l\u2019U.J.K. n\u2019a cess\u00e9 de faire des envieux dans tous les clubs du brabant.<\/p>\n<p>&nbsp;<\/p>\n<p>Les pr\u00e9sidents et secr\u00e9taires d\u2019autres clubs envient la r\u00e9ussite de toutes nos activit\u00e9s extrasportives (waterzooi, journ\u00e9e anniversaire et la 41<sup>\u00e8me<\/sup> kermesse aux boudins cette ann\u00e9e) pour la bonne ambiance familiale qui y r\u00e8gne.<\/p>\n<p>&nbsp;<\/p>\n<p>D\u2019un point de vue sportif, l\u2019\u00e9quipe premi\u00e8re \u00e9volue toujours en deuxi\u00e8me provinciale avec encore l\u2019ann\u00e9e derni\u00e8re des tests matchs pour la mont\u00e9e en premi\u00e8re provinciale (avec malheureusement une d\u00e9faite lors du troisi\u00e8me test match) avec, comme coach, Christophe Van Moer, joueur d\u2019UJK depuis l\u2019\u00e2ge de 12 ans.<\/p>\n<p>&nbsp;<\/p>\n<p>&nbsp;<\/p>\n<p>&nbsp;<\/p>\n<p>Nous alignons \u00e9galement une \u00e9quipe r\u00e9serve et une \u00e9quipe v\u00e9t\u00e9rans mais notre plus belle fiert\u00e9 actuelle est la cr\u00e9ation depuis deux saisons d\u2019une nouvelle Ecole des Jeunes \u00e0 U.J.K avec comme \u00ab\u00a0chef d\u2019orchestre\u00a0\u00bb Ferid Oueslati, joueur et capitaine de l\u2019\u00e9quipe premi\u00e8re, joueur en \u00e9quipe v\u00e9t\u00e9rans, entra\u00eeneur des seniors et entra\u00eeneur et coach de nos deux \u00e9quipes de jeunes U14 et U16.<\/p>\n<p>&nbsp;<\/p>\n<p>Les r\u00e9sultats actuels de nos diff\u00e9rentes \u00e9quipes sont plus que bons\u00a0:<\/p>\n<p>&#8211; \u00e9quipe premi\u00e8re\u00a0: 6<sup>\u00e8me<\/sup> sur 14 en 2<sup>\u00e8me<\/sup> provinciale mais encore bien plac\u00e9e pour am\u00e9liorer ce classement<\/p>\n<p>&#8211; \u00e9quipe r\u00e9serve\u00a0: 2\u00e8me en 2<sup>\u00e8me<\/sup> provinciale<\/p>\n<p>&#8211; \u00e9quipe v\u00e9t\u00e9rans\u00a0: premi\u00e8re du premier tour du championnat en 2<sup>\u00e8me<\/sup> provinciale<\/p>\n<p>&#8211; U14\u00a0: deuxi\u00e8me en Elites et surtout demi-finaliste de la coupe de Brabant<\/p>\n<p>&#8211; U16\u00a0: 4<sup>\u00e8me<\/sup> en Elites et \u00e9galement demi-finaliste de cette m\u00eame coupe de Brabant<\/p>\n<p>&nbsp;<\/p>\n<p>Comme vous pouvez le constater, d\u2019un point de vue sportif ce sont des r\u00e9sultats plus qu\u2019honorables mais l\u00e0 o\u00f9 les autres clubs nous envient encore bien plus c\u2019est au niveau de notre ambiance et de notre coh\u00e9sion.<\/p>\n<p>&nbsp;<\/p>\n<p>U.J.K. est champion toute cat\u00e9gorie pour son ambiance avant, pendant et surtout apr\u00e8s toutes les rencontres et c\u2019est cela qui fait de notre club ce qu\u2019il est actuellement.<br \/>\nET POUR L\u2019AVENIR \u2026<\/p>\n<p>&nbsp;<\/p>\n<p>Nous n\u2019avons qu\u2019un seul souhait\u00a0: faire \u00e9voluer nos jeunes pousses afin qu\u2019elles puissent prendre la rel\u00e8ve de nos \u00e9quipes seniors.<\/p>\n<p>&nbsp;<\/p>\n<p>Pour la saison prochaine, nous souhaiterions ajouter une \u00e9quipe \u00e0 notre Ecole des Jeunes qui constitue la fiert\u00e9 de notre club mais qui repr\u00e9sente \u00e9galement la commune de Koekelberg dans tout le Brabant.<\/p>\n<p>Nous aurions alors une \u00e9quipe U14, une \u00e9quipe U16 et une \u00e9quipe U18 et nos trois \u00e9quipes seniors.<\/p>\n<p>Nous esp\u00e9rons pouvoir compter sur le soutien de la commune pour l\u2019organisation et pour les heures d\u2019occupation de notre salle des sports.<\/p>\n<p>&nbsp;<\/p>\n<p>Ce n\u2019est pas pour rien que notre slogan est\u00a0: UJK ONE FAMILY ONE TEAM.<\/p>\n<p>&nbsp;<\/p>\n<p>Rendez-vous dans trois ans pour f\u00eater les 70 ans de notre club.<\/p>\n<p>&nbsp;<\/p>\n<p>&nbsp;<\/p>\n<p>Gust Vanhorenbeke<\/p>\n<p>Pr\u00e9sident<\/p>\n<p>&nbsp;<\/p>\n<p>&nbsp;<\/p>\n<p>&nbsp;<\/p>\n<p>&nbsp;<\/p>\n<p>&nbsp;<\/p>\n","protected":false},"excerpt":{"rendered":"<p>25 ANS D\u2019EXISTENCE &nbsp; Un quart de si\u00e8cle repr\u00e9sente d\u00e9j\u00e0 un s\u00e9rieux bail dans l\u2019existence d\u2019un homme. Pourtant, pour ceux qui ont pr\u00e9sid\u00e9 \u00e0 la cr\u00e9ation d\u2019U.J. Koekelberg, cette p\u00e9riode semble encore toute proche. En 1952, la pratique du basket-ball est en plein d\u00e9veloppement. Des cercles se cr\u00e9ent de toute part, particuli\u00e8rement dans l\u2019agglom\u00e9ration bruxelloise [&hellip;]<\/p>\n","protected":false},"author":233,"featured_media":0,"parent":0,"menu_order":0,"comment_status":"closed","ping_status":"closed","template":"page-templates\/page-history.php","meta":{"footnotes":""},"class_list":["post-22","page","type-page","status-publish","hentry"],"_links":{"self":[{"href":"https:\/\/www.basketclubs.be\/royalujk\/wp-json\/wp\/v2\/pages\/22","targetHints":{"allow":["GET"]}}],"collection":[{"href":"https:\/\/www.basketclubs.be\/royalujk\/wp-json\/wp\/v2\/pages"}],"about":[{"href":"https:\/\/www.basketclubs.be\/royalujk\/wp-json\/wp\/v2\/types\/page"}],"author":[{"embeddable":true,"href":"https:\/\/www.basketclubs.be\/royalujk\/wp-json\/wp\/v2\/users\/233"}],"replies":[{"embeddable":true,"href":"https:\/\/www.basketclubs.be\/royalujk\/wp-json\/wp\/v2\/comments?post=22"}],"version-history":[{"count":3,"href":"https:\/\/www.basketclubs.be\/royalujk\/wp-json\/wp\/v2\/pages\/22\/revisions"}],"predecessor-version":[{"id":330,"href":"https:\/\/www.basketclubs.be\/royalujk\/wp-json\/wp\/v2\/pages\/22\/revisions\/330"}],"wp:attachment":[{"href":"https:\/\/www.basketclubs.be\/royalujk\/wp-json\/wp\/v2\/media?parent=22"}],"curies":[{"name":"wp","href":"https:\/\/api.w.org\/{rel}","templated":true}]}}