{"id":27,"date":"2018-10-22T10:33:09","date_gmt":"2018-10-22T08:33:09","guid":{"rendered":"https:\/\/www.basketclubs.be\/royalujk\/?page_id=27"},"modified":"2024-04-22T15:52:05","modified_gmt":"2024-04-22T13:52:05","slug":"practices","status":"publish","type":"page","link":"https:\/\/www.basketclubs.be\/royalujk\/practices\/","title":{"rendered":"Entra\u00eenements"},"content":{"rendered":"<div>Vous trouverez ci-dessous la grille horaire des entrainements pour la saison 2023-2024par cat\u00e9gorie d&rsquo;\u00e2ge.<\/div>\n<div>Les adresses compl\u00e8tes des salles mentionn\u00e9es se trouvent sur <a href=\"https:\/\/www.basketclubs.be\/royalujk\/sport-centers\/\">la page Le club, rubrique salle(s)<\/a> du site.<\/div>\n","protected":false},"excerpt":{"rendered":"<p>Vous trouverez ci-dessous la grille horaire des entrainements pour la saison 2023-2024par cat\u00e9gorie d&rsquo;\u00e2ge. Les adresses compl\u00e8tes des salles mentionn\u00e9es se trouvent sur la page Le club, rubrique salle(s) du site.<\/p>\n","protected":false},"author":233,"featured_media":0,"parent":0,"menu_order":0,"comment_status":"closed","ping_status":"closed","template":"page-templates\/page-practices.php","meta":{"footnotes":""},"class_list":["post-27","page","type-page","status-publish","hentry"],"_links":{"self":[{"href":"https:\/\/www.basketclubs.be\/royalujk\/wp-json\/wp\/v2\/pages\/27","targetHints":{"allow":["GET"]}}],"collection":[{"href":"https:\/\/www.basketclubs.be\/royalujk\/wp-json\/wp\/v2\/pages"}],"about":[{"href":"https:\/\/www.basketclubs.be\/royalujk\/wp-json\/wp\/v2\/types\/page"}],"author":[{"embeddable":true,"href":"https:\/\/www.basketclubs.be\/royalujk\/wp-json\/wp\/v2\/users\/233"}],"replies":[{"embeddable":true,"href":"https:\/\/www.basketclubs.be\/royalujk\/wp-json\/wp\/v2\/comments?post=27"}],"version-history":[{"count":10,"href":"https:\/\/www.basketclubs.be\/royalujk\/wp-json\/wp\/v2\/pages\/27\/revisions"}],"predecessor-version":[{"id":594,"href":"https:\/\/www.basketclubs.be\/royalujk\/wp-json\/wp\/v2\/pages\/27\/revisions\/594"}],"wp:attachment":[{"href":"https:\/\/www.basketclubs.be\/royalujk\/wp-json\/wp\/v2\/media?parent=27"}],"curies":[{"name":"wp","href":"https:\/\/api.w.org\/{rel}","templated":true}]}}