{"id":36,"date":"2018-10-22T10:44:22","date_gmt":"2018-10-22T08:44:22","guid":{"rendered":"https:\/\/www.basketclubs.be\/royalujk\/?page_id=36"},"modified":"2024-04-22T16:22:41","modified_gmt":"2024-04-22T14:22:41","slug":"join","status":"publish","type":"page","link":"https:\/\/www.basketclubs.be\/royalujk\/join\/","title":{"rendered":"S&rsquo;inscrire"},"content":{"rendered":"<p>Tu souhaites rejoindre l\u2019une de nos \u00e9quipes?<\/p>\n<p>Rien de plus simple, remplis le formulaire de pr\u00e9-inscription ci-dessous, nous reprendrons rapidement contact avec toi pour t\u2019inviter \u00e0 une s\u00e9ance d\u2019essai. Pour toutes questions compl\u00e9mentaires, adresse-nous un mail \u00e0 <span style=\"color: #ff0000\"><strong>royalujk@live.be<\/strong><\/span>.<\/p>\n<p>A bient\u00f4t sur nos terrains !<\/p>\n<h3><span style=\"color: #ff0000\">Comment confirmer son inscription ?<\/span><\/h3>\n<p>Lorsque le nouveau candidat re\u00e7oit un avis favorable, il peut alors rejoindre le club et prendre part aux comp\u00e9tition.<\/p>\n<p>Il convient d\u2019abord de compl\u00e9ter une fiche signal\u00e9tique, un formulaire de mutation si le candidat provient d\u2019un autre Club (attention : proc\u00e9dure \u00e0 remplir entre le 1er et le 31 mai de chaque ann\u00e9e) ou un formulaire d\u2019affiliation si le candidat n\u2019a jamais \u00e9t\u00e9 affili\u00e9. Le candidat devra remettre \u00e0 son coach le certificat m\u00e9dical officiel de l\u2019AWBB (t\u00e9l\u00e9chargeable <a href=\"https:\/\/www.awbb.be\/wp-content\/uploads\/2023\/04\/CM2324.pdf\">ici<\/a>) d\u00fbment compl\u00e9t\u00e9 et cachet\u00e9 par son m\u00e9decin et sign\u00e9 par un parent s\u2019il est mineur. Enfin, pour finaliser la proc\u00e9dure d\u2019inscription, le membre doit s\u2019acquitter de la cotisation annuelle avant de pouvoir participer aux comp\u00e9titions.<\/p>\n","protected":false},"excerpt":{"rendered":"<p>Tu souhaites rejoindre l\u2019une de nos \u00e9quipes? Rien de plus simple, remplis le formulaire de pr\u00e9-inscription ci-dessous, nous reprendrons rapidement contact avec toi pour t\u2019inviter \u00e0 une s\u00e9ance d\u2019essai. Pour toutes questions compl\u00e9mentaires, adresse-nous un mail \u00e0 royalujk@live.be. A bient\u00f4t sur nos terrains ! Comment confirmer son inscription ? Lorsque le nouveau candidat re\u00e7oit un [&hellip;]<\/p>\n","protected":false},"author":233,"featured_media":0,"parent":0,"menu_order":0,"comment_status":"closed","ping_status":"closed","template":"page-templates\/page-join.php","meta":{"footnotes":""},"class_list":["post-36","page","type-page","status-publish","hentry"],"_links":{"self":[{"href":"https:\/\/www.basketclubs.be\/royalujk\/wp-json\/wp\/v2\/pages\/36","targetHints":{"allow":["GET"]}}],"collection":[{"href":"https:\/\/www.basketclubs.be\/royalujk\/wp-json\/wp\/v2\/pages"}],"about":[{"href":"https:\/\/www.basketclubs.be\/royalujk\/wp-json\/wp\/v2\/types\/page"}],"author":[{"embeddable":true,"href":"https:\/\/www.basketclubs.be\/royalujk\/wp-json\/wp\/v2\/users\/233"}],"replies":[{"embeddable":true,"href":"https:\/\/www.basketclubs.be\/royalujk\/wp-json\/wp\/v2\/comments?post=36"}],"version-history":[{"count":9,"href":"https:\/\/www.basketclubs.be\/royalujk\/wp-json\/wp\/v2\/pages\/36\/revisions"}],"predecessor-version":[{"id":603,"href":"https:\/\/www.basketclubs.be\/royalujk\/wp-json\/wp\/v2\/pages\/36\/revisions\/603"}],"wp:attachment":[{"href":"https:\/\/www.basketclubs.be\/royalujk\/wp-json\/wp\/v2\/media?parent=36"}],"curies":[{"name":"wp","href":"https:\/\/api.w.org\/{rel}","templated":true}]}}