{"id":41,"date":"2019-05-10T15:45:22","date_gmt":"2019-05-10T13:45:22","guid":{"rendered":"https:\/\/www.basketclubs.be\/royalujk\/?page_id=41"},"modified":"2024-04-23T10:37:34","modified_gmt":"2024-04-23T08:37:34","slug":"infos-1","status":"publish","type":"page","link":"https:\/\/www.basketclubs.be\/royalujk\/infos-1\/","title":{"rendered":"Cotisations"},"content":{"rendered":"<header class=\"entry-header\"><img loading=\"lazy\" decoding=\"async\" class=\"wp-image-348 aligncenter\" src=\"https:\/\/www.basketclubs.be\/royalujk\/wp-content\/uploads\/sites\/156\/2019\/05\/les-locations-saisonnieres-soumises-aux-cotisations-sociales1485121134-300x131.png\" alt=\"\" width=\"431\" height=\"188\" srcset=\"https:\/\/www.basketclubs.be\/royalujk\/wp-content\/uploads\/sites\/156\/2019\/05\/les-locations-saisonnieres-soumises-aux-cotisations-sociales1485121134-300x131.png 300w, https:\/\/www.basketclubs.be\/royalujk\/wp-content\/uploads\/sites\/156\/2019\/05\/les-locations-saisonnieres-soumises-aux-cotisations-sociales1485121134.png 710w\" sizes=\"auto, (max-width: 431px) 100vw, 431px\" \/><\/header>\n<header><\/header>\n<header class=\"entry-header\">Afin d\u2019assurer le bon fonctionnement de notre Club, chaque membre paie une cotisation annuelle. Celle-ci couvre en partie les nombreux frais engendr\u00e9s par la pratique du basket (licence f\u00e9d\u00e9rale, droit annuel d\u2019inscription \u00e0 la f\u00e9d\u00e9ration, assurance et \u00e9quipement pour les \u00e9quipes en comp\u00e9tition, arbitrage, encadrement, location des infrastructures\u2026).<\/header>\n<div class=\"entry-content\">\n<h6><strong>Tarif des cotisations\u00a0pour la saison 2022 \u2013 2023<\/strong><\/h6>\n<ul>\n<li>Jeunes r\u00e9gionaux: <b>na<\/b><\/li>\n<li>Jeunes \u00e9lites: <strong>\u20ac 295,00<\/strong><\/li>\n<li>Seniors &amp; V\u00e9t\u00e9rans: <strong>\u20ac 125,00<\/strong><\/li>\n<\/ul>\n<p><em><strong>Coordonn\u00e9es bancaires\u00a0: <\/strong><\/em><\/p>\n<p><span style=\"color: #ff0000\"><strong>BE77 7510 0330 7942<\/strong><\/span><br \/>\n<span style=\"color: #ff0000\"> <strong>Royal Union Jeunesse Koekelberg<\/strong><\/span><br \/>\n<span style=\"color: #ff0000\"><strong> Rue L\u00e9on Autrique 4A<\/strong><\/span><br \/>\n<span style=\"color: #ff0000\"><strong> 1081 Koekelberg<\/strong><\/span><br \/>\nMerci d\u2019indiquer en communication le nom du joueur et son \u00e9quipe (ex.: Martin Dupont \u2013 U14 prov).<\/p>\n<p><em><strong>La cotisation couvre :<\/strong><\/em><\/p>\n<ol>\n<li>La participation aux matchs de championnat et coupes<\/li>\n<li>La participation aux entra\u00eenements hebdomadaires<\/li>\n<\/ol>\n<p><em><strong>La cotisation NE comprend PAS :<\/strong><\/em><\/p>\n<ul>\n<li>les amendes inflig\u00e9es par la f\u00e9d\u00e9ration pour tout oubli de carte d\u2019identit\u00e9, convocation devant le conseil de discipline ou toute autre sanction financi\u00e8re. Ces frais sont enti\u00e8rement \u00e0 charge du membre.<\/li>\n<\/ul>\n<p><em><strong>Interventions possibles :<\/strong><\/em><\/p>\n<p>Des interventions sont possibles via diff\u00e9rents canaux (Mutuelle, Ch\u00e8que Sport et Culture pour les soci\u00e9t\u00e9s, Ch\u00e8que Sport \u00ab\u00a0Grand public\u00a0\u00bb). Vous recevrez les renseignements n\u00e9cessaires aupr\u00e8s de votre mutuelle, de votre employeur ou le service des sports de votre commune.<\/p>\n<\/div>\n","protected":false},"excerpt":{"rendered":"<p>Afin d\u2019assurer le bon fonctionnement de notre Club, chaque membre paie une cotisation annuelle. Celle-ci couvre en partie les nombreux frais engendr\u00e9s par la pratique du basket (licence f\u00e9d\u00e9rale, droit annuel d\u2019inscription \u00e0 la f\u00e9d\u00e9ration, assurance et \u00e9quipement pour les \u00e9quipes en comp\u00e9tition, arbitrage, encadrement, location des infrastructures\u2026). Tarif des cotisations\u00a0pour la saison 2022 \u2013 [&hellip;]<\/p>\n","protected":false},"author":233,"featured_media":0,"parent":0,"menu_order":0,"comment_status":"closed","ping_status":"closed","template":"page-templates\/page-free.php","meta":{"footnotes":""},"class_list":["post-41","page","type-page","status-publish","hentry"],"_links":{"self":[{"href":"https:\/\/www.basketclubs.be\/royalujk\/wp-json\/wp\/v2\/pages\/41","targetHints":{"allow":["GET"]}}],"collection":[{"href":"https:\/\/www.basketclubs.be\/royalujk\/wp-json\/wp\/v2\/pages"}],"about":[{"href":"https:\/\/www.basketclubs.be\/royalujk\/wp-json\/wp\/v2\/types\/page"}],"author":[{"embeddable":true,"href":"https:\/\/www.basketclubs.be\/royalujk\/wp-json\/wp\/v2\/users\/233"}],"replies":[{"embeddable":true,"href":"https:\/\/www.basketclubs.be\/royalujk\/wp-json\/wp\/v2\/comments?post=41"}],"version-history":[{"count":7,"href":"https:\/\/www.basketclubs.be\/royalujk\/wp-json\/wp\/v2\/pages\/41\/revisions"}],"predecessor-version":[{"id":629,"href":"https:\/\/www.basketclubs.be\/royalujk\/wp-json\/wp\/v2\/pages\/41\/revisions\/629"}],"wp:attachment":[{"href":"https:\/\/www.basketclubs.be\/royalujk\/wp-json\/wp\/v2\/media?parent=41"}],"curies":[{"name":"wp","href":"https:\/\/api.w.org\/{rel}","templated":true}]}}