{"id":53,"date":"2018-10-25T18:13:25","date_gmt":"2018-10-25T16:13:25","guid":{"rendered":"https:\/\/www.basketclubs.be\/royalujk\/?page_id=53"},"modified":"2024-04-22T16:47:15","modified_gmt":"2024-04-22T14:47:15","slug":"contact","status":"publish","type":"page","link":"https:\/\/www.basketclubs.be\/royalujk\/contact\/","title":{"rendered":"Contact"},"content":{"rendered":"<p>Notre secr\u00e9tariat est assur\u00e9 par<b>\u00a0<span style=\"color: #ff0000\">Monique Vanhorenbeke<\/span><\/b>\u00a0que vous pouvez contacter par e-mail <strong><span style=\"color: #ff0000\">royalujk@live.be<\/span><\/strong>. Pour remettre des documents officiels (licences, d\u00e9clarations d\u2019accident), Monique est pr\u00e9sente \u00e0 la plupart des rencontres, en cas contraire, merci de remettre vos documents \u00e0 votre coach qui se fera un plaisir de les lui remettre ult\u00e9rieurement.<strong><br \/>\n<\/strong><\/p>\n<p>Pour toute autre question interne au club, merci de prendre contact avec notre pr\u00e9sident <span style=\"color: #ff0000\"><strong>Auguste Vanhorenbeke<\/strong><\/span> au\u00a0<span style=\"color: #ff0000\"><strong>0477\/45 93 07<\/strong><\/span>\u00a0ou avec le responsable des \u00e9quipes jeunes <span style=\"color: #ff0000\"><strong>Ferid Oueslati<\/strong><\/span> au\u00a0<strong><span style=\"color: #ff0000\">0497\/55 21 38<\/span><\/strong>.<\/p>\n","protected":false},"excerpt":{"rendered":"<p>Notre secr\u00e9tariat est assur\u00e9 par\u00a0Monique Vanhorenbeke\u00a0que vous pouvez contacter par e-mail royalujk@live.be. Pour remettre des documents officiels (licences, d\u00e9clarations d\u2019accident), Monique est pr\u00e9sente \u00e0 la plupart des rencontres, en cas contraire, merci de remettre vos documents \u00e0 votre coach qui se fera un plaisir de les lui remettre ult\u00e9rieurement. Pour toute autre question interne au [&hellip;]<\/p>\n","protected":false},"author":233,"featured_media":0,"parent":0,"menu_order":0,"comment_status":"closed","ping_status":"closed","template":"page-templates\/page-contact.php","meta":{"footnotes":""},"class_list":["post-53","page","type-page","status-publish","hentry"],"_links":{"self":[{"href":"https:\/\/www.basketclubs.be\/royalujk\/wp-json\/wp\/v2\/pages\/53","targetHints":{"allow":["GET"]}}],"collection":[{"href":"https:\/\/www.basketclubs.be\/royalujk\/wp-json\/wp\/v2\/pages"}],"about":[{"href":"https:\/\/www.basketclubs.be\/royalujk\/wp-json\/wp\/v2\/types\/page"}],"author":[{"embeddable":true,"href":"https:\/\/www.basketclubs.be\/royalujk\/wp-json\/wp\/v2\/users\/233"}],"replies":[{"embeddable":true,"href":"https:\/\/www.basketclubs.be\/royalujk\/wp-json\/wp\/v2\/comments?post=53"}],"version-history":[{"count":8,"href":"https:\/\/www.basketclubs.be\/royalujk\/wp-json\/wp\/v2\/pages\/53\/revisions"}],"predecessor-version":[{"id":618,"href":"https:\/\/www.basketclubs.be\/royalujk\/wp-json\/wp\/v2\/pages\/53\/revisions\/618"}],"wp:attachment":[{"href":"https:\/\/www.basketclubs.be\/royalujk\/wp-json\/wp\/v2\/media?parent=53"}],"curies":[{"name":"wp","href":"https:\/\/api.w.org\/{rel}","templated":true}]}}