{"id":20,"date":"2015-09-11T16:30:35","date_gmt":"2015-09-11T14:30:35","guid":{"rendered":"https:\/\/www.basketclubs.be\/saupontbertrixbasket77\/?page_id=20"},"modified":"2021-09-01T17:33:24","modified_gmt":"2021-09-01T15:33:24","slug":"contact","status":"publish","type":"page","link":"https:\/\/www.basketclubs.be\/saupontbertrixbasket77\/contact\/","title":{"rendered":"Contact"},"content":{"rendered":"<p style=\"text-align: center\">Vous pouvez joindre le club au 0498 \/ 85 21 91 (MERNIER Thomas)<\/p>\n<p style=\"text-align: center\">Vous pouvez laisser un message, nous vous t\u00e9l\u00e9phonons d\u00e9s que possible<\/p>\n","protected":false},"excerpt":{"rendered":"<p>Vous pouvez joindre le club au 0498 \/ 85 21 91 (MERNIER Thomas) Vous pouvez laisser un message, nous vous t\u00e9l\u00e9phonons d\u00e9s que possible<\/p>\n","protected":false},"author":65,"featured_media":0,"parent":0,"menu_order":0,"comment_status":"closed","ping_status":"closed","template":"page-templates\/page-contact.php","meta":{"footnotes":""},"class_list":["post-20","page","type-page","status-publish","hentry"],"_links":{"self":[{"href":"https:\/\/www.basketclubs.be\/saupontbertrixbasket77\/wp-json\/wp\/v2\/pages\/20","targetHints":{"allow":["GET"]}}],"collection":[{"href":"https:\/\/www.basketclubs.be\/saupontbertrixbasket77\/wp-json\/wp\/v2\/pages"}],"about":[{"href":"https:\/\/www.basketclubs.be\/saupontbertrixbasket77\/wp-json\/wp\/v2\/types\/page"}],"author":[{"embeddable":true,"href":"https:\/\/www.basketclubs.be\/saupontbertrixbasket77\/wp-json\/wp\/v2\/users\/65"}],"replies":[{"embeddable":true,"href":"https:\/\/www.basketclubs.be\/saupontbertrixbasket77\/wp-json\/wp\/v2\/comments?post=20"}],"version-history":[{"count":6,"href":"https:\/\/www.basketclubs.be\/saupontbertrixbasket77\/wp-json\/wp\/v2\/pages\/20\/revisions"}],"predecessor-version":[{"id":894,"href":"https:\/\/www.basketclubs.be\/saupontbertrixbasket77\/wp-json\/wp\/v2\/pages\/20\/revisions\/894"}],"wp:attachment":[{"href":"https:\/\/www.basketclubs.be\/saupontbertrixbasket77\/wp-json\/wp\/v2\/media?parent=20"}],"curies":[{"name":"wp","href":"https:\/\/api.w.org\/{rel}","templated":true}]}}