{"id":22,"date":"2017-08-06T20:49:56","date_gmt":"2017-08-06T18:49:56","guid":{"rendered":"https:\/\/www.basketclubs.be\/spirouladies\/?page_id=22"},"modified":"2020-03-29T21:59:23","modified_gmt":"2020-03-29T19:59:23","slug":"history","status":"publish","type":"page","link":"https:\/\/www.basketclubs.be\/spirouladies\/history\/","title":{"rendered":"Historique"},"content":{"rendered":"<p><strong>QUELQUES DATES CLES DANS L\u2019HISTOIRE DU SPIROU LADIES CHARLEROI<\/strong><\/p>\n<p><strong>1981-1982<\/strong> :\u00a0\u00a0\u00a0 Pour la premi\u00e8re fois et gr\u00e2ce \u00e0 leur finale de la Coupe de Belgique (Finaliste), les Moncelloises disputeront une coupe d\u2019Europe (1er Tour Coupe d\u2019Europe Ronchetti). Elles seront \u00e9limin\u00e9es d\u00e8s le premier tour par l\u2019\u00e9quipe autrichienne de Linz.<\/p>\n<p><strong>1984<\/strong> :\u00a0\u00a0\u00a0\u00a0\u00a0\u00a0\u00a0\u00a0\u00a0\u00a0\u00a0\u00a0\u00a0 Finaliste coupe de Belgique , Vice-championne D1 Nationale.<\/p>\n<p><strong>1985 <\/strong>:\u00a0\u00a0\u00a0\u00a0\u00a0\u00a0\u00a0\u00a0\u00a0\u00a0\u00a0\u00a0<strong>\u00a0 Vainqueur de la Coupe de Belgique<\/strong><\/p>\n<p><strong>1988-1989<\/strong> :\u00a0\u00a0\u00a0 <strong>Ladies remporte son 1er titre de champion de Belgique en D1 Nationale ainsi que la Coupe.<\/strong><\/p>\n<p><strong>1989-1990<\/strong> :\u00a0\u00a0\u00a0 <strong>Championne de Belgique D1 Nationale 1989.<\/strong><\/p>\n<p>Apr\u00e8s avoir connu des heures de gloire, 4 participations aux play-offs, 2 coupes de Belgique et la victoire en championnat, Ladies F\u00e9minin conna\u00eet de graves probl\u00e8mes mat\u00e9riels et financiers.\u00a0 Ces probl\u00e8mes entra\u00eeneront cette saison-l\u00e0, la r\u00e9trogradation du club en Provinciale 2.<\/p>\n<p><strong>1990-1991<\/strong> :\u00a0\u00a0\u00a0 Championne en Provinciale 2, Ladies f\u00e9minin remonte en Provinciale 1.<\/p>\n<p><strong>1998-1999<\/strong> :\u00a0\u00a0\u00a0 Sous l\u2019impulsion de son nouveau comit\u00e9, Ladies retrouve la D3 nationale.<\/p>\n<p><strong>1999-2000<\/strong> :\u00a0\u00a0\u00a0 La JSRE Ladies devient officiellement soci\u00e9t\u00e9 royale.<\/p>\n<p><strong>2000-2001<\/strong> :\u00a0\u00a0\u00a0 Ladies ne peut \u00e9viter la rel\u00e9gation et rejoint la Provinciale 1.<\/p>\n<p><strong>2001-2002<\/strong> :\u00a0\u00a0\u00a0 La boucle se referme dans l\u2019histoire du club puisque, apr\u00e8s avoir vu son \u00e9quipe masculine rejoindre Charleroi pour former les Spirou Charleroi, le rapprochement s\u2019effectue de nouveau avec les gar\u00e7ons, le club devient officiellement une branche f\u00e9minine des Spirou Charleroi et change de nom en devenant : ROYAL SPIROU LADIES CHARLEROI FEMININ.<\/p>\n<p><strong>2007-2008<\/strong>:\u00a0\u00a0\u00a0\u00a0 Apr\u00e8s un pass\u00e9 glorieux, r\u00e9int\u00e9gration de l\u2019\u00e9lite nationale 17 ans apr\u00e8s l\u2019avoir quitt\u00e9. Mont\u00e9e en D1.<\/p>\n<p><strong>2008-2009<\/strong> :\u00a0\u00a0\u00a0 Maintien en D1.<\/p>\n<p><strong>2009-2010<\/strong> : \u00a0\u00a0 Qualification pour les Play-Off.<\/p>\n<p><strong>2010-2011<\/strong> :\u00a0\u00a0\u00a0 Qualification pour les Play-Off.<\/p>\n<p><strong>2011-2012 <\/strong>:\u00a0\u00a0\u00a0 Qualification pour les Play-Off.<\/p>\n<p><strong>2012-2013<\/strong> :\u00a0\u00a0\u00a0 Qualification pour les Play-Off.<\/p>\n<p><strong>2013-2014<\/strong> :\u00a0\u00a0\u00a0 Qualification pour les Play-Off.<\/p>\n<p><strong>2014-2015<\/strong> :\u00a0\u00a0\u00a0 Maintien en D1.<\/p>\n<p><strong>2015-2016<\/strong> :\u00a0\u00a0\u00a0 Qualification pour les Play-Off.<\/p>\n<p><strong>2016-2017<\/strong> :\u00a0\u00a0\u00a0 Qualification pour les Play-Off.<\/p>\n<p><strong>2017-2018<\/strong> :\u00a0\u00a0\u00a0 Qualification pour les Play-Off.<\/p>\n<p><strong>2018-2019<\/strong> :\u00a0\u00a0\u00a0 Qualification pour les Play-Off.<\/p>\n<p><strong>2019-2020<\/strong> :\u00a0\u00a0\u00a0 Maintien en D1. Participation \u00e0 la coupe d&rsquo;Europe \u00ab\u00a0Central Europe Women League\u00a0\u00bb.<\/p>\n<p><strong>Encore plus d&rsquo;histoire&#8230;<\/strong><\/p>\n<p>C\u2019est en 1945 que Fernand Ballens, ancien bourgmestre, et Andr\u00e9 Ghyselinck, fond\u00e8rent la JSRE LADIES.\u00a0 A cette \u00e9poque, le club comprenait deux sections. \u00a0Une \u00e9quipe masculine, Ladies Espoir (qui deviendra le SPIROU de Charleroi) et une section f\u00e9minine qui s\u2019illustra en s\u00e9rie nationale avant d\u2019\u00eatre dissoute par manque d\u2019effectifs.<\/p>\n<p>En 1968 pourtant, quelques b\u00e9n\u00e9voles reprendront les structures du club.\u00a0 Apr\u00e8s une ann\u00e9e d\u2019apprentissage, la JSRE f\u00e9minin disputera son premier match officiel.\u00a0 Match qu\u2019elle perdra face \u00e0 Thuillies 0-26 !<\/p>\n<p>L\u2019\u00e9quipe terminera le championnat provincial \u00e0 la cinqui\u00e8me place. Trois saisons plus tard, Ladies acc\u00e9dera \u00e0 la division 3 nationale.\u00a0 S\u2019ensuivra une ann\u00e9e de transition, avec \u00e0 son terme, une cinqui\u00e8me place au classement.<\/p>\n<p>Jean Cramazou devient entra\u00eeneur en 1974 et d\u2019embl\u00e9e, il manque de peu la mont\u00e9e \u00e0 l\u2019\u00e9chelon sup\u00e9rieur.\u00a0 Partie remise simplement.\u00a0 La saison suivante, il m\u00e8ne l\u2019\u00e9quipe \u00e0 la premi\u00e8re place du classement et rejoint la division 2.<br \/>\nApr\u00e8s une premi\u00e8re ann\u00e9e sans probl\u00e8me, les dirigeants Moncellois engageront une am\u00e9ricaine, Mery Reichert.\u00a0 En 1977, elle sera la premi\u00e8re am\u00e9ricaine \u00e0 \u00e9voluer en Belgique.\u00a0 L\u2019\u00e9quipe ne terminera pourtant qu\u2019\u00e0 la troisi\u00e8me place.\u00a0 N\u00e9anmoins elle profitera de la d\u00e9mission de l\u2019Heilas Gand pour rejoindre l\u2019\u00e9lite.<br \/>\nLe s\u00e9jour en 1\u00e9re division sera de courte dur\u00e9e.\u00a0 Apr\u00e8s un bon d\u00e9but, l\u2019am\u00e9ricaine Gwyn Altea quittera la Belgique pour une carri\u00e8re professionnelle \u00e0 New-York.\u00a0 Sans elle, Ladies ne pourra \u00e9viter la descente.<br \/>\nToujours dirig\u00e9e par Jean Cramazou, l\u2019\u00e9quipe remontera deux ans plus tard en survolant le championnat.\u00a0 Cette m\u00eame ann\u00e9e, Ladies disputera aussi la finale de la coupe de Belgique, mais s\u2019inclinera devant Coxyde 71-59.\u00a0 Sans doute le 1er r\u00e9sultat significatif pour ce club qui va devenir l\u2019une des valeurs s\u00fbres du championnat national.<\/p>\n","protected":false},"excerpt":{"rendered":"<p>QUELQUES DATES CLES DANS L\u2019HISTOIRE DU SPIROU LADIES CHARLEROI 1981-1982 :\u00a0\u00a0\u00a0 Pour la premi\u00e8re fois et gr\u00e2ce \u00e0 leur finale de la Coupe de Belgique (Finaliste), les Moncelloises disputeront une coupe d\u2019Europe (1er Tour Coupe d\u2019Europe Ronchetti). Elles seront \u00e9limin\u00e9es d\u00e8s le premier tour par l\u2019\u00e9quipe autrichienne de Linz. 1984 :\u00a0\u00a0\u00a0\u00a0\u00a0\u00a0\u00a0\u00a0\u00a0\u00a0\u00a0\u00a0\u00a0 Finaliste coupe de Belgique [&hellip;]<\/p>\n","protected":false},"author":157,"featured_media":0,"parent":0,"menu_order":0,"comment_status":"closed","ping_status":"closed","template":"page-templates\/page-history.php","meta":{"footnotes":""},"class_list":["post-22","page","type-page","status-publish","hentry"],"_links":{"self":[{"href":"https:\/\/www.basketclubs.be\/spirouladies\/wp-json\/wp\/v2\/pages\/22","targetHints":{"allow":["GET"]}}],"collection":[{"href":"https:\/\/www.basketclubs.be\/spirouladies\/wp-json\/wp\/v2\/pages"}],"about":[{"href":"https:\/\/www.basketclubs.be\/spirouladies\/wp-json\/wp\/v2\/types\/page"}],"author":[{"embeddable":true,"href":"https:\/\/www.basketclubs.be\/spirouladies\/wp-json\/wp\/v2\/users\/157"}],"replies":[{"embeddable":true,"href":"https:\/\/www.basketclubs.be\/spirouladies\/wp-json\/wp\/v2\/comments?post=22"}],"version-history":[{"count":4,"href":"https:\/\/www.basketclubs.be\/spirouladies\/wp-json\/wp\/v2\/pages\/22\/revisions"}],"predecessor-version":[{"id":1485,"href":"https:\/\/www.basketclubs.be\/spirouladies\/wp-json\/wp\/v2\/pages\/22\/revisions\/1485"}],"wp:attachment":[{"href":"https:\/\/www.basketclubs.be\/spirouladies\/wp-json\/wp\/v2\/media?parent=22"}],"curies":[{"name":"wp","href":"https:\/\/api.w.org\/{rel}","templated":true}]}}