{"id":44,"date":"2018-08-05T18:08:27","date_gmt":"2018-08-05T16:08:27","guid":{"rendered":"https:\/\/www.basketclubs.be\/spirouladies\/?page_id=44"},"modified":"2020-06-01T15:38:35","modified_gmt":"2020-06-01T13:38:35","slug":"sponsors","status":"publish","type":"page","link":"https:\/\/www.basketclubs.be\/spirouladies\/sponsors\/","title":{"rendered":"Partenaires"},"content":{"rendered":"<p><strong>Soutenir le Spirou Ladies Charleroi tout en valorisant votre entreprise\u00a0!<\/strong><\/p>\n<p>Outre les traditionnels objectifs d\u2019un partenariat que sont la notori\u00e9t\u00e9 et la reconnaissance, rejoindre l\u2019aventure du Spirou Ladies Charleroi sera, sans nul doute, ce que vous attendiez comme sponsor d\u2019une \u00e9quipe sportive\u00a0!<\/p>\n<p><strong>Pourquoi un club de basket<\/strong>\u00a0?<\/p>\n<p>Le basket est le sport tendance par excellence avec une haute r\u00e9putation positive\u2026 Sans \u00eatre d\u00e9nigrant avec d\u2019autres disciplines\u2026 Avouez qu\u2019il est tr\u00e8s rare qu\u2019un sponsor basket soit associ\u00e9 \u00e0 des faits de dopage, de violence, de tricheries\u2026\u00a0 Le Fair-Play n\u2019est pas une valeur \u2018Canada Dry\u2019 dans le basket\u00a0; le tout empreint d\u2019un v\u00e9ritable esprit de respect et d\u2019amiti\u00e9\u2026 Vous en doutez\u00a0? Venez vivre les 3<sup>\u00e8me<\/sup> mi-temps entre joueuses et supporters de clubs diff\u00e9rents comme ce fut le cas au cours de la saison 2018-19\u00a0!<\/p>\n<p><strong>Pourquoi un club de basket belge f\u00e9minin<\/strong>\u00a0?<\/p>\n<p>Le basket f\u00e9minin et surtout belge a gagn\u00e9 une large notori\u00e9t\u00e9 lors des championnats d\u2019Europe 2017, que ce soit en seniors (m\u00e9daille de bronze) qu\u2019en jeunes (Championne d\u2019Europe U18\u00a0!). Autrefois marginale avec Ann Wauters, on ne compte plus les stars belges \u00e9voluant dans de grandes \u00e9quipes europ\u00e9ennes et WNBA\u2026 Question clubs, les \u00e9quipes belges commencent \u00e0 briller avec des performances qui passent de moins en moins inaper\u00e7ues.<\/p>\n<p><strong>Pourquoi le Spirou Ladies Charleroi\u00a0?<\/strong><\/p>\n<p>Le club phare de basket f\u00e9minin de la R\u00e9gion de Charleroi a un pass\u00e9 glorieux. N\u00e9 en 1945, le Royal Spirou Monceau F\u00e9minin s\u2019est illustr\u00e9 avec de multiples participations aux play-offs et aux finales de Coupe de Belgique \u2026 avec comme couronnes, la Coupe de Belgique 1985 et le titre de Champion 1988-89\u00a0!<\/p>\n<p>Et maintenant\u00a0? La fusion du Royal Spirou Monceau F\u00e9minin et du RBC JS Baulet a enfant\u00e9 le Spirou Ladies Charleroi, nouvel embl\u00e8me du basket f\u00e9minin dans le ciel carolo\u00a0! La saison 2017-18 a \u00e9t\u00e9 brillante a plus d\u2019un titre\u00a0: seul le topper Castors Braine est rest\u00e9e invaincue face \u00e0 nos couleurs. Nous avons manqu\u00e9 d\u2019un fifrelin le top 4\u00a0! Nos jeunes se sont \u00e9galement illustr\u00e9es avec le titre de championnes du Hainaut pour nos U12, championnes du Hainaut et finalistes de la Coupe du Hainaut pour nos U12,\u00a0 demi-finaliste de la Coupe AWBB pour nos U16 AWBB.<\/p>\n<p>Et l\u2019avenir\u00a0? L\u2019app\u00e9tit vient en gagnant\u2026 d\u00e8s lors, nos ambitions pour la saison 2019-20 sont revues \u00e0 la hausse pour la D1\u00a0 avec une participation \u00e0 un championnat europ\u00e9en et toujours un Top 4 pour le championnat belge, la R2 avec une confiance croissante en nos jeunes, pour lesquelles nos objectifs de formation seront \u00e0 nouveau \u00e0 la hauteur de leurs talents par l\u2019engagement d\u2019entra\u00eeneurs et formateurs renomm\u00e9s\u00a0!<\/p>\n<p style=\"text-align: left\"><strong>Alors pourquoi pas VOUS + NOUS\u00a0 <\/strong><strong>afin de poursuive l\u2019aventure du Spirou Ladies sur la plan\u00e8te orange\u00a0?<\/strong><\/p>\n<p><strong><span style=\"color: #ff0000\">Contact : Vincent Penant, manager g\u00e9n\u00e9ral &#8211; <a href=\"mailto:vincentpenant@hotmail.com\" target=\"_blank\" rel=\"noopener\"><span style=\"color: #ff0000\">vincentpenant@hotmail.com<\/span><\/a><\/span><\/strong><\/p>\n<p><strong>Sans eux, rien ne serait possible&#8230; merci \u00e0 nos partenaires ! <\/strong><strong>Vous pouvez leur faire pleinement confiance !<\/strong><\/p>\n","protected":false},"excerpt":{"rendered":"<p>Soutenir le Spirou Ladies Charleroi tout en valorisant votre entreprise\u00a0! Outre les traditionnels objectifs d\u2019un partenariat que sont la notori\u00e9t\u00e9 et la reconnaissance, rejoindre l\u2019aventure du Spirou Ladies Charleroi sera, sans nul doute, ce que vous attendiez comme sponsor d\u2019une \u00e9quipe sportive\u00a0! Pourquoi un club de basket\u00a0? Le basket est le sport tendance par excellence [&hellip;]<\/p>\n","protected":false},"author":157,"featured_media":0,"parent":0,"menu_order":0,"comment_status":"closed","ping_status":"closed","template":"page-templates\/page-sponsors.php","meta":{"footnotes":""},"class_list":["post-44","page","type-page","status-publish","hentry"],"_links":{"self":[{"href":"https:\/\/www.basketclubs.be\/spirouladies\/wp-json\/wp\/v2\/pages\/44","targetHints":{"allow":["GET"]}}],"collection":[{"href":"https:\/\/www.basketclubs.be\/spirouladies\/wp-json\/wp\/v2\/pages"}],"about":[{"href":"https:\/\/www.basketclubs.be\/spirouladies\/wp-json\/wp\/v2\/types\/page"}],"author":[{"embeddable":true,"href":"https:\/\/www.basketclubs.be\/spirouladies\/wp-json\/wp\/v2\/users\/157"}],"replies":[{"embeddable":true,"href":"https:\/\/www.basketclubs.be\/spirouladies\/wp-json\/wp\/v2\/comments?post=44"}],"version-history":[{"count":83,"href":"https:\/\/www.basketclubs.be\/spirouladies\/wp-json\/wp\/v2\/pages\/44\/revisions"}],"predecessor-version":[{"id":1648,"href":"https:\/\/www.basketclubs.be\/spirouladies\/wp-json\/wp\/v2\/pages\/44\/revisions\/1648"}],"wp:attachment":[{"href":"https:\/\/www.basketclubs.be\/spirouladies\/wp-json\/wp\/v2\/media?parent=44"}],"curies":[{"name":"wp","href":"https:\/\/api.w.org\/{rel}","templated":true}]}}